{"id":9785,"date":"2020-01-26T18:22:19","date_gmt":"2020-01-26T17:22:19","guid":{"rendered":"http:\/\/www.auzouvillesurry.fr\/wordpress\/?page_id=9785"},"modified":"2020-01-26T18:24:13","modified_gmt":"2020-01-26T17:24:13","slug":"un-atelier-de-charite","status":"publish","type":"page","link":"https:\/\/www.auzouvillesurry.fr\/wordpress\/histoire-et-patrimoine\/une-histoire-de-mon-village\/un-atelier-de-charite\/","title":{"rendered":"Un atelier de charit\u00e9"},"content":{"rendered":"\n<p>Extrait du\nProc\u00e8s-verbal de la Commission interm\u00e9diaire de l&rsquo;Assembl\u00e9e\nprovinciale de la Haute-Normandie (1787-1790)<\/p>\n\n\n\n<figure class=\"wp-block-image\"><img loading=\"lazy\" decoding=\"async\" width=\"750\" height=\"225\" src=\"https:\/\/www.auzouvillesurry.fr\/wordpress\/wp-content\/uploads\/2020\/01\/image-2.png\" alt=\"\" class=\"wp-image-9788\" srcset=\"https:\/\/www.auzouvillesurry.fr\/wordpress\/wp-content\/uploads\/2020\/01\/image-2.png 750w, https:\/\/www.auzouvillesurry.fr\/wordpress\/wp-content\/uploads\/2020\/01\/image-2-300x90.png 300w, https:\/\/www.auzouvillesurry.fr\/wordpress\/wp-content\/uploads\/2020\/01\/image-2-600x180.png 600w\" sizes=\"auto, (max-width: 750px) 100vw, 750px\" \/><\/figure>\n\n\n\n<figure class=\"wp-block-image\"><img loading=\"lazy\" decoding=\"async\" width=\"749\" height=\"292\" src=\"https:\/\/www.auzouvillesurry.fr\/wordpress\/wp-content\/uploads\/2020\/01\/image-1.png\" alt=\"\" class=\"wp-image-9787\" srcset=\"https:\/\/www.auzouvillesurry.fr\/wordpress\/wp-content\/uploads\/2020\/01\/image-1.png 749w, https:\/\/www.auzouvillesurry.fr\/wordpress\/wp-content\/uploads\/2020\/01\/image-1-300x117.png 300w, https:\/\/www.auzouvillesurry.fr\/wordpress\/wp-content\/uploads\/2020\/01\/image-1-600x234.png 600w\" sizes=\"auto, (max-width: 749px) 100vw, 749px\" \/><\/figure>\n\n\n\n<figure class=\"wp-block-image\"><img loading=\"lazy\" decoding=\"async\" width=\"756\" height=\"768\" src=\"https:\/\/www.auzouvillesurry.fr\/wordpress\/wp-content\/uploads\/2020\/01\/image-3.png\" alt=\"\" class=\"wp-image-9789\" srcset=\"https:\/\/www.auzouvillesurry.fr\/wordpress\/wp-content\/uploads\/2020\/01\/image-3.png 756w, https:\/\/www.auzouvillesurry.fr\/wordpress\/wp-content\/uploads\/2020\/01\/image-3-295x300.png 295w, https:\/\/www.auzouvillesurry.fr\/wordpress\/wp-content\/uploads\/2020\/01\/image-3-600x610.png 600w\" sizes=\"auto, (max-width: 756px) 100vw, 756px\" \/><\/figure>\n\n\n\n<figure class=\"wp-block-image\"><img loading=\"lazy\" decoding=\"async\" width=\"729\" height=\"737\" src=\"https:\/\/www.auzouvillesurry.fr\/wordpress\/wp-content\/uploads\/2020\/01\/image-4.png\" alt=\"\" class=\"wp-image-9790\" srcset=\"https:\/\/www.auzouvillesurry.fr\/wordpress\/wp-content\/uploads\/2020\/01\/image-4.png 729w, https:\/\/www.auzouvillesurry.fr\/wordpress\/wp-content\/uploads\/2020\/01\/image-4-297x300.png 297w, https:\/\/www.auzouvillesurry.fr\/wordpress\/wp-content\/uploads\/2020\/01\/image-4-600x607.png 600w\" sizes=\"auto, (max-width: 729px) 100vw, 729px\" \/><\/figure>\n","protected":false},"excerpt":{"rendered":"<p>Extrait du Proc\u00e8s-verbal de la Commission interm\u00e9diaire de l&rsquo;Assembl\u00e9e provinciale de la Haute-Normandie (1787-1790)<\/p>\n","protected":false},"author":1,"featured_media":0,"parent":5520,"menu_order":1,"comment_status":"closed","ping_status":"closed","template":"","meta":{"ngg_post_thumbnail":0,"footnotes":""},"class_list":["post-9785","page","type-page","status-publish","hentry"],"_links":{"self":[{"href":"https:\/\/www.auzouvillesurry.fr\/wordpress\/wp-json\/wp\/v2\/pages\/9785","targetHints":{"allow":["GET"]}}],"collection":[{"href":"https:\/\/www.auzouvillesurry.fr\/wordpress\/wp-json\/wp\/v2\/pages"}],"about":[{"href":"https:\/\/www.auzouvillesurry.fr\/wordpress\/wp-json\/wp\/v2\/types\/page"}],"author":[{"embeddable":true,"href":"https:\/\/www.auzouvillesurry.fr\/wordpress\/wp-json\/wp\/v2\/users\/1"}],"replies":[{"embeddable":true,"href":"https:\/\/www.auzouvillesurry.fr\/wordpress\/wp-json\/wp\/v2\/comments?post=9785"}],"version-history":[{"count":1,"href":"https:\/\/www.auzouvillesurry.fr\/wordpress\/wp-json\/wp\/v2\/pages\/9785\/revisions"}],"predecessor-version":[{"id":9791,"href":"https:\/\/www.auzouvillesurry.fr\/wordpress\/wp-json\/wp\/v2\/pages\/9785\/revisions\/9791"}],"up":[{"embeddable":true,"href":"https:\/\/www.auzouvillesurry.fr\/wordpress\/wp-json\/wp\/v2\/pages\/5520"}],"wp:attachment":[{"href":"https:\/\/www.auzouvillesurry.fr\/wordpress\/wp-json\/wp\/v2\/media?parent=9785"}],"curies":[{"name":"wp","href":"https:\/\/api.w.org\/{rel}","templated":true}]}}