{"id":9736,"date":"2019-12-19T16:17:25","date_gmt":"2019-12-19T15:17:25","guid":{"rendered":"http:\/\/www.auzouvillesurry.fr\/wordpress\/?page_id=9736"},"modified":"2019-12-19T16:18:51","modified_gmt":"2019-12-19T15:18:51","slug":"spectacle-de-noel","status":"publish","type":"page","link":"https:\/\/www.auzouvillesurry.fr\/wordpress\/vie-associative\/animation-village\/spectacle-de-noel\/","title":{"rendered":"Spectacle de No\u00ebl"},"content":{"rendered":"<p>Un spectacle de qualit\u00e9 pour ce traditionnel spectacle de No\u00ebl. Sur le th\u00e8me des ann\u00e9es 80 les enfants ont interpr\u00e9t\u00e9s des chor\u00e9graphies hautes en couleurs et tr\u00e8s rythm\u00e9es. Nos clowns locaux ont enchain\u00e9 par un num\u00e9ro qui a ravi les enfants. Mais comme chaque ann\u00e9e le clou du spectacle \u00e9tait la venue du p\u00e8re No\u00ebl qui a distribu\u00e9 \u00e0 chaque enfant un cadeau, des friandises et un pain au chocolat offert par la boulangerie du village.<\/p>ngg_shortcode_0_placeholder","protected":false},"excerpt":{"rendered":"<p>Un spectacle de qualit\u00e9 pour ce traditionnel spectacle de No\u00ebl. Sur le th\u00e8me des ann\u00e9es 80 les enfants ont interpr\u00e9t\u00e9s des chor\u00e9graphies hautes en couleurs et tr\u00e8s rythm\u00e9es. Nos clowns locaux ont enchain\u00e9 par un num\u00e9ro qui a ravi les enfants. Mais comme chaque ann\u00e9e le clou du spectacle \u00e9tait la venue du p\u00e8re No\u00ebl [&hellip;]<\/p>\n","protected":false},"author":1,"featured_media":0,"parent":876,"menu_order":0,"comment_status":"closed","ping_status":"closed","template":"","meta":{"ngg_post_thumbnail":0,"footnotes":""},"class_list":["post-9736","page","type-page","status-publish","hentry"],"_links":{"self":[{"href":"https:\/\/www.auzouvillesurry.fr\/wordpress\/wp-json\/wp\/v2\/pages\/9736","targetHints":{"allow":["GET"]}}],"collection":[{"href":"https:\/\/www.auzouvillesurry.fr\/wordpress\/wp-json\/wp\/v2\/pages"}],"about":[{"href":"https:\/\/www.auzouvillesurry.fr\/wordpress\/wp-json\/wp\/v2\/types\/page"}],"author":[{"embeddable":true,"href":"https:\/\/www.auzouvillesurry.fr\/wordpress\/wp-json\/wp\/v2\/users\/1"}],"replies":[{"embeddable":true,"href":"https:\/\/www.auzouvillesurry.fr\/wordpress\/wp-json\/wp\/v2\/comments?post=9736"}],"version-history":[{"count":1,"href":"https:\/\/www.auzouvillesurry.fr\/wordpress\/wp-json\/wp\/v2\/pages\/9736\/revisions"}],"predecessor-version":[{"id":9737,"href":"https:\/\/www.auzouvillesurry.fr\/wordpress\/wp-json\/wp\/v2\/pages\/9736\/revisions\/9737"}],"up":[{"embeddable":true,"href":"https:\/\/www.auzouvillesurry.fr\/wordpress\/wp-json\/wp\/v2\/pages\/876"}],"wp:attachment":[{"href":"https:\/\/www.auzouvillesurry.fr\/wordpress\/wp-json\/wp\/v2\/media?parent=9736"}],"curies":[{"name":"wp","href":"https:\/\/api.w.org\/{rel}","templated":true}]}}