{"id":9502,"date":"2019-11-25T14:43:03","date_gmt":"2019-11-25T13:43:03","guid":{"rendered":"http:\/\/www.auzouvillesurry.fr\/wordpress\/?page_id=9502"},"modified":"2021-12-05T16:39:56","modified_gmt":"2021-12-05T15:39:56","slug":"commemorations-de-larmistice-du-11-novembre-1918","status":"publish","type":"page","link":"https:\/\/www.auzouvillesurry.fr\/wordpress\/vie-associative\/association-des-anciens-combattants\/commemorations-de-larmistice-du-11-novembre-1918\/","title":{"rendered":"Comm\u00e9morations de l&rsquo;armistice du 11 novembre 1918"},"content":{"rendered":"<p><strong>2021<\/strong><\/p>ngg_shortcode_0_placeholder<p><strong>2019<\/strong><\/p>\n<p>La pluie et le froid n&rsquo;ont pas arr\u00eat\u00e9 les habitants venus rendre hommage \u00e0 ceux qui ont combattu pour la patrie pendant la premi\u00e8re guerre mondiale<\/p>ngg_shortcode_1_placeholder<p><strong>2018<\/strong><\/p>ngg_shortcode_2_placeholder<p><strong>2015<\/strong><\/p>ngg_shortcode_3_placeholder","protected":false},"excerpt":{"rendered":"<p>2021 2019 La pluie et le froid n&rsquo;ont pas arr\u00eat\u00e9 les habitants venus rendre hommage \u00e0 ceux qui ont combattu pour la patrie pendant la premi\u00e8re guerre mondiale 2018 2015<\/p>\n","protected":false},"author":1,"featured_media":0,"parent":4626,"menu_order":1,"comment_status":"closed","ping_status":"closed","template":"","meta":{"ngg_post_thumbnail":0,"footnotes":""},"class_list":["post-9502","page","type-page","status-publish","hentry"],"_links":{"self":[{"href":"https:\/\/www.auzouvillesurry.fr\/wordpress\/wp-json\/wp\/v2\/pages\/9502","targetHints":{"allow":["GET"]}}],"collection":[{"href":"https:\/\/www.auzouvillesurry.fr\/wordpress\/wp-json\/wp\/v2\/pages"}],"about":[{"href":"https:\/\/www.auzouvillesurry.fr\/wordpress\/wp-json\/wp\/v2\/types\/page"}],"author":[{"embeddable":true,"href":"https:\/\/www.auzouvillesurry.fr\/wordpress\/wp-json\/wp\/v2\/users\/1"}],"replies":[{"embeddable":true,"href":"https:\/\/www.auzouvillesurry.fr\/wordpress\/wp-json\/wp\/v2\/comments?post=9502"}],"version-history":[{"count":3,"href":"https:\/\/www.auzouvillesurry.fr\/wordpress\/wp-json\/wp\/v2\/pages\/9502\/revisions"}],"predecessor-version":[{"id":10746,"href":"https:\/\/www.auzouvillesurry.fr\/wordpress\/wp-json\/wp\/v2\/pages\/9502\/revisions\/10746"}],"up":[{"embeddable":true,"href":"https:\/\/www.auzouvillesurry.fr\/wordpress\/wp-json\/wp\/v2\/pages\/4626"}],"wp:attachment":[{"href":"https:\/\/www.auzouvillesurry.fr\/wordpress\/wp-json\/wp\/v2\/media?parent=9502"}],"curies":[{"name":"wp","href":"https:\/\/api.w.org\/{rel}","templated":true}]}}