{"id":9268,"date":"2019-11-29T08:30:36","date_gmt":"2019-11-29T07:30:36","guid":{"rendered":"http:\/\/www.auzouvillesurry.fr\/wordpress\/?page_id=9268"},"modified":"2019-12-07T16:51:08","modified_gmt":"2019-12-07T15:51:08","slug":"restauration-du-puits","status":"publish","type":"page","link":"https:\/\/www.auzouvillesurry.fr\/wordpress\/histoire-et-patrimoine\/le-benevolat\/restauration-du-puits\/","title":{"rendered":"Restauration du puits"},"content":{"rendered":"<p>Dans la continuit\u00e9 des chantiers de b\u00e9n\u00e9volat, les volontaires se sont attaqu\u00e9s \u00e0 la restauration du puits de l&rsquo;ancien Manoir avec le soutien de la municipalit\u00e9.<a href=\"https:\/\/www.auzouvillesurry.fr\/wordpress\/wp-content\/uploads\/2019\/11\/12-le-puits-dauzouville-2.jpg\"><img loading=\"lazy\" decoding=\"async\" class=\"size-medium wp-image-9384 aligncenter\" src=\"https:\/\/www.auzouvillesurry.fr\/wordpress\/wp-content\/uploads\/2019\/11\/12-le-puits-dauzouville-2-300x294.jpg\" alt=\"\" width=\"300\" height=\"294\" srcset=\"https:\/\/www.auzouvillesurry.fr\/wordpress\/wp-content\/uploads\/2019\/11\/12-le-puits-dauzouville-2-300x294.jpg 300w, https:\/\/www.auzouvillesurry.fr\/wordpress\/wp-content\/uploads\/2019\/11\/12-le-puits-dauzouville-2.jpg 343w\" sizes=\"auto, (max-width: 300px) 100vw, 300px\" \/><\/a>Cette restauration a \u00e9t\u00e9 remarqu\u00e9 et a obtenu le label Patrimoine rural de Seine Maritime.<\/p>\n<p><a href=\"https:\/\/www.auzouvillesurry.fr\/wordpress\/wp-content\/uploads\/2019\/11\/labelpat1.png\"><img loading=\"lazy\" decoding=\"async\" class=\"wp-image-9639 aligncenter\" src=\"https:\/\/www.auzouvillesurry.fr\/wordpress\/wp-content\/uploads\/2019\/11\/labelpat1.png\" alt=\"\" width=\"68\" height=\"85\"\/><\/a><\/p>\n<p>Les b\u00e9n\u00e9voles: Jacques Simon, Alain Nave, G\u00e9rard Bouquet<\/p>\n<p><strong>Un peu d&rsquo;histoire:<\/strong><br \/>\nNous disposons de peu de r\u00e9f\u00e9rences historiques sur ce puits dont l&rsquo;architecture et les mat\u00e9riaux employ\u00e9s laissent penser qu&rsquo;il date de la fin du XIX<sup>\u00e9me <\/sup>si\u00e8cle, ou d\u00e9but XX<sup>\u00e9me<\/sup>.<br \/>\nSon emplacement figure d\u00e9j\u00e0 sur la carte de la paroisse <a href=\"https:\/\/www.auzouvillesurry.fr\/wordpress\/wp-content\/uploads\/2019\/11\/carte-1749.jpg\"><img loading=\"lazy\" decoding=\"async\" class=\" wp-image-9385 alignright\" src=\"https:\/\/www.auzouvillesurry.fr\/wordpress\/wp-content\/uploads\/2019\/11\/carte-1749-211x300.jpg\" alt=\"\" width=\"143\" height=\"203\" srcset=\"https:\/\/www.auzouvillesurry.fr\/wordpress\/wp-content\/uploads\/2019\/11\/carte-1749-211x300.jpg 211w, https:\/\/www.auzouvillesurry.fr\/wordpress\/wp-content\/uploads\/2019\/11\/carte-1749-768x1092.jpg 768w, https:\/\/www.auzouvillesurry.fr\/wordpress\/wp-content\/uploads\/2019\/11\/carte-1749-720x1024.jpg 720w, https:\/\/www.auzouvillesurry.fr\/wordpress\/wp-content\/uploads\/2019\/11\/carte-1749-600x853.jpg 600w\" sizes=\"auto, (max-width: 143px) 100vw, 143px\" \/><\/a> d&rsquo;Auzouville dress\u00e9e par Monsieur J.A. Poullain en 1749 pour le compte de MM. Les abb\u00e9, prieur et religieux de l&rsquo;Abbaye Royale de Saint Ouen de Rouen.<br \/>\nIl n&rsquo;appara\u00eet plus sur le cadastre Napol\u00e9onien o\u00f9 il est int\u00e9gr\u00e9 dans un b\u00e2timent de la ferme contigu\u00eb \u00e0 l&rsquo;ancien Manoir d&rsquo;Auzouville aujourd&rsquo;hui disparu.<br \/>\nIl r\u00e9appara\u00eet sur le cadastre de 1934.<a href=\"https:\/\/www.auzouvillesurry.fr\/wordpress\/wp-content\/uploads\/2019\/11\/cadastre.jpg\"><img loading=\"lazy\" decoding=\"async\" class=\"alignleft  wp-image-9386\" src=\"https:\/\/www.auzouvillesurry.fr\/wordpress\/wp-content\/uploads\/2019\/11\/cadastre-249x300.jpg\" alt=\"\" width=\"157\" height=\"189\" srcset=\"https:\/\/www.auzouvillesurry.fr\/wordpress\/wp-content\/uploads\/2019\/11\/cadastre-249x300.jpg 249w, https:\/\/www.auzouvillesurry.fr\/wordpress\/wp-content\/uploads\/2019\/11\/cadastre-768x925.jpg 768w, https:\/\/www.auzouvillesurry.fr\/wordpress\/wp-content\/uploads\/2019\/11\/cadastre-851x1024.jpg 851w, https:\/\/www.auzouvillesurry.fr\/wordpress\/wp-content\/uploads\/2019\/11\/cadastre-600x722.jpg 600w\" sizes=\"auto, (max-width: 157px) 100vw, 157px\" \/><\/a><\/p>\n<p>Il s&nbsp;&lsquo;agit d&rsquo;un puits dont la profondeur est d&rsquo;environ 60 m\u00e8tres. Le niveau de l&rsquo;eau reste relativement constant autour de la c\u00f4te \u2013 50 m\u00e8tres au dessous du sol. Dans sa partie sup\u00e9rieure, sur une profondeur de 5 m\u00e8tres, il est constitu\u00e9 d&rsquo;une ma\u00e7onnerie de silex, puis creus\u00e9 directement dans la craie. La partie ma\u00e7onn\u00e9e a un diam\u00e8tre d&rsquo;environ 2,40 m\u00e8tres, le forage dans la craie a un diam\u00e8tre de 1,75 m\u00e8tres.<br \/>\nLa superstructure du puits est constitu\u00e9 d&rsquo;un \u00e9dicule en briques avec une couverture en ardoises.<br \/>\nC&rsquo;est un <strong>puits ferm\u00e9 et couvert dont le puisage et la r\u00e9ception de l&rsquo;eau se font par l&rsquo;ext\u00e9rieur.<\/strong><br \/>\nLe b\u00e2timent est de forme octogonale, perc\u00e9 de 6 ouvertures en arc et de 2 entr\u00e9es ferm\u00e9es par des portes \u00e0 claire-voie, en bois, se faisant face. La toiture de 60\u00b0 environ, \u00e0 8 pans est en ardoise sur une charpente \u00e0 coyaux.<br \/>\nLe puits a \u00e9t\u00e9 acquis, avec le terrain en herbage dans lequel il se trouvait, par la commune en 2007.<br \/>\nLa restauration a \u00e9t\u00e9 men\u00e9e entre 2009 et 2012 par des b\u00e9n\u00e9voles qui ont r\u00e9alis\u00e9 le d\u00e9broussaillage et le nettoyage pr\u00e9alable, la reprise de la ma\u00e7onnerie en ruine et le rejointoiement des briques et enfin la remise en fonctionnement du dispositif de puisage.<br \/>\nLa nouvelle charpente, la couverture en ardoise, les portes en ch\u00eane et le nouveau r\u00e9servoir en zinc ont \u00e9t\u00e9 r\u00e9alis\u00e9s par des artisans.<br \/>\nApr\u00e8s d\u00e9broussaillage du lierre qui avait envahi la construction rest\u00e9e \u00e0 l&rsquo;abandon, d\u00e9sencombrement et d\u00e9montage du r\u00e9servoir d&rsquo;origine, le puits a \u00e9t\u00e9 mis en s\u00e9curit\u00e9 avec la mise en place d&rsquo;un caillebotis m\u00e9tallique par une entreprise sp\u00e9cialis\u00e9e.<br \/>\nLa ma\u00e7onnerie de briques, d\u00e9mont\u00e9e dans sa partie sup\u00e9rieure tr\u00e8s d\u00e9grad\u00e9e, a \u00e9t\u00e9 reconstitu\u00e9e \u00e0 l&rsquo;identique avec des mat\u00e9riaux pr\u00e9sents sur place ou anciens de m\u00eame nature (briques rouges).<br \/>\nLes \u00e9quipements de puisage ont \u00e9t\u00e9 remis en place (axe et engrenage) et en fonctionnement (double cliquet et manivelle).<br \/>\nUn nouveau r\u00e9servoir en zinc a \u00e9t\u00e9 install\u00e9 en lieu et place de l&rsquo;ancien qui ne pouvait \u00eatre r\u00e9cup\u00e9r\u00e9.<br \/>\nUne nouvelle charpente dimensionn\u00e9e \u00e0 partir des \u00e9l\u00e9ments photographiques disponibles les plus anciens a \u00e9t\u00e9 r\u00e9alis\u00e9e.<br \/>\nCe puits est remarquable en ce qu&rsquo;il semble \u00eatre un des derniers, voire le seul, de ce type dans le d\u00e9partement de Seine Maritime. Un autre puits semblable existe \u00e0 Pr\u00e9aux mais il est combl\u00e9 et sans dispositif de puisage.<br \/>\nEn outre, son dispositif de puisage lui conf\u00e8re un int\u00e9r\u00eat particulier puisque nous n&rsquo;avons pas trouv\u00e9 de syst\u00e8me \u00e9quivalent r\u00e9f\u00e9renc\u00e9.<br \/>\nBien que partiellement d\u00e9truits, les \u00e9l\u00e9ments rest\u00e9s visibles ou retrouv\u00e9s lors de la restauration ont permis de comprendre ce fonctionnement.<\/p>\n<p>Il se compose&nbsp;:<br \/>\n&#8211; d&rsquo;une manivelle munie d&rsquo;un cliquet anti retour (\u00e0 l&rsquo;ext\u00e9rieur),<br \/>\n&#8211; d&rsquo;un axe, solidaire d&rsquo;un engrenage, sur lequel est fix\u00e9e une poulie.<br \/>\n&#8211; de 2 seaux reli\u00e9s par une cha\u00eene enroul\u00e9e par un tour mort autour de la poulie.<br \/>\n&#8211; d&rsquo;un r\u00e9servoir en zinc d&rsquo;environ 120 litres fix\u00e9 sur un b\u00e2ti en bois solidaire de la ma\u00e7onnerie. Il est \u00e9quip\u00e9 de 2 crochets et d&rsquo;une vidange tourn\u00e9e vers l&rsquo;ext\u00e9rieur.<\/p>\n<p><strong>Le fonctionnement<\/strong> :<br \/>\n&#8211; les 2 seaux, situ\u00e9s de part et d&rsquo;autre de l&rsquo;axe, sont man\u0153uvr\u00e9s ensemble par un mouvement alternatif.<br \/>\n&#8211; En tournant la manivelle dans un sens, on fait monter l&rsquo;un des 2 seaux rempli d&rsquo;eau pendant que l&rsquo;autre, vide, descend au fond du puits.<br \/>\n&#8211; Arriv\u00e9 en haut, le seau plein est agripp\u00e9 par un des crochets&nbsp;; ce qui le fait basculer et se d\u00e9verser dans le r\u00e9servoir. L&rsquo;eau ainsi recueillie s&rsquo;\u00e9coule vers l&rsquo;ext\u00e9rieur par la vidange. Pendant ce temps, le seau vide est descendu au fond du puits pour se remplir d&rsquo;eau.<br \/>\n&#8211; Apr\u00e8s avoir d\u00e9bloqu\u00e9 le cliquet anti retour, on inverse le sens de rotation de la manivelle. Le mouvement permet alors de remonter le seau qui s&rsquo;est \u00e0 son tour rempli d&rsquo;eau, et de redescendre celui qui s&rsquo;est vid\u00e9.<br \/>\n&#8211; Le mouvement est recommenc\u00e9 jusqu&rsquo;\u00e0 obtention du volume d&rsquo;eau d\u00e9sir\u00e9.<\/p>ngg_shortcode_0_placeholder","protected":false},"excerpt":{"rendered":"<p>Dans la continuit\u00e9 des chantiers de b\u00e9n\u00e9volat, les volontaires se sont attaqu\u00e9s \u00e0 la restauration du puits de l&rsquo;ancien Manoir avec le soutien de la municipalit\u00e9.Cette restauration a \u00e9t\u00e9 remarqu\u00e9 et a obtenu le label Patrimoine rural de Seine Maritime. Les b\u00e9n\u00e9voles: Jacques Simon, Alain Nave, G\u00e9rard Bouquet Un peu d&rsquo;histoire: Nous disposons de peu [&hellip;]<\/p>\n","protected":false},"author":1,"featured_media":0,"parent":8445,"menu_order":5,"comment_status":"closed","ping_status":"closed","template":"","meta":{"ngg_post_thumbnail":0,"footnotes":""},"class_list":["post-9268","page","type-page","status-publish","hentry"],"_links":{"self":[{"href":"https:\/\/www.auzouvillesurry.fr\/wordpress\/wp-json\/wp\/v2\/pages\/9268","targetHints":{"allow":["GET"]}}],"collection":[{"href":"https:\/\/www.auzouvillesurry.fr\/wordpress\/wp-json\/wp\/v2\/pages"}],"about":[{"href":"https:\/\/www.auzouvillesurry.fr\/wordpress\/wp-json\/wp\/v2\/types\/page"}],"author":[{"embeddable":true,"href":"https:\/\/www.auzouvillesurry.fr\/wordpress\/wp-json\/wp\/v2\/users\/1"}],"replies":[{"embeddable":true,"href":"https:\/\/www.auzouvillesurry.fr\/wordpress\/wp-json\/wp\/v2\/comments?post=9268"}],"version-history":[{"count":14,"href":"https:\/\/www.auzouvillesurry.fr\/wordpress\/wp-json\/wp\/v2\/pages\/9268\/revisions"}],"predecessor-version":[{"id":10552,"href":"https:\/\/www.auzouvillesurry.fr\/wordpress\/wp-json\/wp\/v2\/pages\/9268\/revisions\/10552"}],"up":[{"embeddable":true,"href":"https:\/\/www.auzouvillesurry.fr\/wordpress\/wp-json\/wp\/v2\/pages\/8445"}],"wp:attachment":[{"href":"https:\/\/www.auzouvillesurry.fr\/wordpress\/wp-json\/wp\/v2\/media?parent=9268"}],"curies":[{"name":"wp","href":"https:\/\/api.w.org\/{rel}","templated":true}]}}