{"id":9191,"date":"2019-09-02T21:08:48","date_gmt":"2019-09-02T20:08:48","guid":{"rendered":"http:\/\/www.auzouvillesurry.fr\/wordpress\/?page_id=9191"},"modified":"2019-09-02T21:13:37","modified_gmt":"2019-09-02T20:13:37","slug":"15-aout-auzouville-en-fete","status":"publish","type":"page","link":"https:\/\/www.auzouvillesurry.fr\/wordpress\/15-aout-auzouville-en-fete\/","title":{"rendered":"15 aout Auzouville en f\u00eate"},"content":{"rendered":"\n<p><\/p>\n\n\n\n<p><\/p>\n\n\n\n<p>L&rsquo;Auzouvillaise des jeux avait donn\u00e9 rendez-vous aux spectateurs pour le traditionnel d\u00e9fil\u00e9 humoristique de la f\u00eate patronale.<br \/>Encore une belle performance des b\u00e9n\u00e9voles des associations qui ne comptent pas leur \u00e9nergie pour assurer la r\u00e9ussite de cette f\u00eate.<br \/>ngg_shortcode_0_placeholder\n","protected":false},"excerpt":{"rendered":"<p>L&rsquo;Auzouvillaise des jeux avait donn\u00e9 rendez-vous aux spectateurs pour le traditionnel d\u00e9fil\u00e9 humoristique de la f\u00eate patronale.Encore une belle performance des b\u00e9n\u00e9voles des associations qui ne comptent pas leur \u00e9nergie pour assurer la r\u00e9ussite de cette f\u00eate.<\/p>\n","protected":false},"author":1,"featured_media":0,"parent":0,"menu_order":0,"comment_status":"closed","ping_status":"closed","template":"","meta":{"ngg_post_thumbnail":0,"footnotes":""},"class_list":["post-9191","page","type-page","status-publish","hentry"],"_links":{"self":[{"href":"https:\/\/www.auzouvillesurry.fr\/wordpress\/wp-json\/wp\/v2\/pages\/9191","targetHints":{"allow":["GET"]}}],"collection":[{"href":"https:\/\/www.auzouvillesurry.fr\/wordpress\/wp-json\/wp\/v2\/pages"}],"about":[{"href":"https:\/\/www.auzouvillesurry.fr\/wordpress\/wp-json\/wp\/v2\/types\/page"}],"author":[{"embeddable":true,"href":"https:\/\/www.auzouvillesurry.fr\/wordpress\/wp-json\/wp\/v2\/users\/1"}],"replies":[{"embeddable":true,"href":"https:\/\/www.auzouvillesurry.fr\/wordpress\/wp-json\/wp\/v2\/comments?post=9191"}],"version-history":[{"count":2,"href":"https:\/\/www.auzouvillesurry.fr\/wordpress\/wp-json\/wp\/v2\/pages\/9191\/revisions"}],"predecessor-version":[{"id":9194,"href":"https:\/\/www.auzouvillesurry.fr\/wordpress\/wp-json\/wp\/v2\/pages\/9191\/revisions\/9194"}],"wp:attachment":[{"href":"https:\/\/www.auzouvillesurry.fr\/wordpress\/wp-json\/wp\/v2\/media?parent=9191"}],"curies":[{"name":"wp","href":"https:\/\/api.w.org\/{rel}","templated":true}]}}