{"id":8995,"date":"2019-04-27T15:35:44","date_gmt":"2019-04-27T14:35:44","guid":{"rendered":"http:\/\/www.auzouvillesurry.fr\/wordpress\/?page_id=8995"},"modified":"2019-04-27T15:38:35","modified_gmt":"2019-04-27T14:38:35","slug":"promenade-au-crepuscule-2019","status":"publish","type":"page","link":"https:\/\/www.auzouvillesurry.fr\/wordpress\/promenade-au-crepuscule-2019\/","title":{"rendered":"Promenade au cr\u00e9puscule 2019"},"content":{"rendered":"\n<p>Pr\u00e8s de 80 marcheurs ont pu sillonner les 10 kilom\u00e8tres de cette promenade au cr\u00e9puscule sous une m\u00e9t\u00e9o cl\u00e9mente. La soupe \u00e0 l&rsquo;oignon servie \u00e0 la salle polyvalente a cl\u00f4tur\u00e9 de fa\u00e7on fort agr\u00e9able cette soir\u00e9e. <\/p>\n\n\n\n<p>Rendez-vous en 2021 pour la prochaine \u00e9dition<\/p>ngg_shortcode_0_placeholder","protected":false},"excerpt":{"rendered":"<p>Pr\u00e8s de 80 marcheurs ont pu sillonner les 10 kilom\u00e8tres de cette promenade au cr\u00e9puscule sous une m\u00e9t\u00e9o cl\u00e9mente. La soupe \u00e0 l&rsquo;oignon servie \u00e0 la salle polyvalente a cl\u00f4tur\u00e9 de fa\u00e7on fort agr\u00e9able cette soir\u00e9e. Rendez-vous en 2021 pour la prochaine \u00e9dition<\/p>\n","protected":false},"author":1,"featured_media":0,"parent":0,"menu_order":0,"comment_status":"closed","ping_status":"closed","template":"","meta":{"ngg_post_thumbnail":0,"footnotes":""},"class_list":["post-8995","page","type-page","status-publish","hentry"],"_links":{"self":[{"href":"https:\/\/www.auzouvillesurry.fr\/wordpress\/wp-json\/wp\/v2\/pages\/8995","targetHints":{"allow":["GET"]}}],"collection":[{"href":"https:\/\/www.auzouvillesurry.fr\/wordpress\/wp-json\/wp\/v2\/pages"}],"about":[{"href":"https:\/\/www.auzouvillesurry.fr\/wordpress\/wp-json\/wp\/v2\/types\/page"}],"author":[{"embeddable":true,"href":"https:\/\/www.auzouvillesurry.fr\/wordpress\/wp-json\/wp\/v2\/users\/1"}],"replies":[{"embeddable":true,"href":"https:\/\/www.auzouvillesurry.fr\/wordpress\/wp-json\/wp\/v2\/comments?post=8995"}],"version-history":[{"count":2,"href":"https:\/\/www.auzouvillesurry.fr\/wordpress\/wp-json\/wp\/v2\/pages\/8995\/revisions"}],"predecessor-version":[{"id":8998,"href":"https:\/\/www.auzouvillesurry.fr\/wordpress\/wp-json\/wp\/v2\/pages\/8995\/revisions\/8998"}],"wp:attachment":[{"href":"https:\/\/www.auzouvillesurry.fr\/wordpress\/wp-json\/wp\/v2\/media?parent=8995"}],"curies":[{"name":"wp","href":"https:\/\/api.w.org\/{rel}","templated":true}]}}