{"id":8456,"date":"2019-02-11T17:31:01","date_gmt":"2019-02-11T16:31:01","guid":{"rendered":"http:\/\/www.auzouvillesurry.fr\/wordpress\/?page_id=8456"},"modified":"2019-03-14T16:37:39","modified_gmt":"2019-03-14T15:37:39","slug":"construction-dun-abri-bus","status":"publish","type":"page","link":"https:\/\/www.auzouvillesurry.fr\/wordpress\/histoire-et-patrimoine\/le-benevolat\/construction-dun-abri-bus\/","title":{"rendered":"Construction d&rsquo;un abri bus"},"content":{"rendered":"<p>Fort de leur premi\u00e8re exp\u00e9rience, les b\u00e9n\u00e9voles ont de nouveau retrouss\u00e9 les manches pour r\u00e9aliser un abri bus sur la place du village.<\/p>\n<p><strong>1991<\/strong><\/p>\n<p><a href=\"https:\/\/www.auzouvillesurry.fr\/wordpress\/wp-content\/uploads\/2019\/02\/1991-1.jpg\"><img loading=\"lazy\" decoding=\"async\" class=\"alignright wp-image-8457\" src=\"https:\/\/www.auzouvillesurry.fr\/wordpress\/wp-content\/uploads\/2019\/02\/1991-1.jpg\" alt=\"\" width=\"184\" height=\"127\" srcset=\"https:\/\/www.auzouvillesurry.fr\/wordpress\/wp-content\/uploads\/2019\/02\/1991-1.jpg 1713w, https:\/\/www.auzouvillesurry.fr\/wordpress\/wp-content\/uploads\/2019\/02\/1991-1-300x207.jpg 300w, https:\/\/www.auzouvillesurry.fr\/wordpress\/wp-content\/uploads\/2019\/02\/1991-1-768x531.jpg 768w, https:\/\/www.auzouvillesurry.fr\/wordpress\/wp-content\/uploads\/2019\/02\/1991-1-1024x708.jpg 1024w, https:\/\/www.auzouvillesurry.fr\/wordpress\/wp-content\/uploads\/2019\/02\/1991-1-600x415.jpg 600w\" sizes=\"auto, (max-width: 184px) 100vw, 184px\" \/><\/a>D\u00e9but de l&rsquo;am\u00e9nagement de la place de l&rsquo;\u00e9glise avec la construction de l&rsquo;abri bus.<\/p>\n<p>Assemblage de la charpente en ch\u00eane.<\/p>\n<p><strong>1992<\/strong><\/p>\n<p><a href=\"https:\/\/www.auzouvillesurry.fr\/wordpress\/wp-content\/uploads\/2019\/02\/15.jpg\"><img loading=\"lazy\" decoding=\"async\" class=\"alignleft wp-image-8458\" src=\"https:\/\/www.auzouvillesurry.fr\/wordpress\/wp-content\/uploads\/2019\/02\/15-300x199.jpg\" alt=\"\" width=\"182\" height=\"121\" srcset=\"https:\/\/www.auzouvillesurry.fr\/wordpress\/wp-content\/uploads\/2019\/02\/15-300x199.jpg 300w, https:\/\/www.auzouvillesurry.fr\/wordpress\/wp-content\/uploads\/2019\/02\/15-768x510.jpg 768w, https:\/\/www.auzouvillesurry.fr\/wordpress\/wp-content\/uploads\/2019\/02\/15-1024x680.jpg 1024w, https:\/\/www.auzouvillesurry.fr\/wordpress\/wp-content\/uploads\/2019\/02\/15-600x399.jpg 600w\" sizes=\"auto, (max-width: 182px) 100vw, 182px\" \/><\/a>Apr\u00e8s avoir pos\u00e9 la sous toiture, le couvreur amateur s&rsquo;attaque \u00e0 la couverture.<\/p>\n<p>Au sol, les d\u00e8s en pierre sont pos\u00e9s sous les piliers et les murets se montent.<\/p>\n<p>Apr\u00e8s avoir suivi un stage sur le travail du torchis \u00e0 la ferme Bray, Patrick Morsard passe aux travaux pratiques et guide les b\u00e9n\u00e9voles (fabrication et pose des galettes, lissage).<a href=\"https:\/\/www.auzouvillesurry.fr\/wordpress\/wp-content\/uploads\/2019\/02\/1991-10.jpg\"><img loading=\"lazy\" decoding=\"async\" class=\"aligncenter size-medium wp-image-8459\" src=\"https:\/\/www.auzouvillesurry.fr\/wordpress\/wp-content\/uploads\/2019\/02\/1991-10-204x300.jpg\" alt=\"\" width=\"204\" height=\"300\" srcset=\"https:\/\/www.auzouvillesurry.fr\/wordpress\/wp-content\/uploads\/2019\/02\/1991-10-204x300.jpg 204w, https:\/\/www.auzouvillesurry.fr\/wordpress\/wp-content\/uploads\/2019\/02\/1991-10-768x1130.jpg 768w, https:\/\/www.auzouvillesurry.fr\/wordpress\/wp-content\/uploads\/2019\/02\/1991-10-696x1024.jpg 696w, https:\/\/www.auzouvillesurry.fr\/wordpress\/wp-content\/uploads\/2019\/02\/1991-10-600x883.jpg 600w, https:\/\/www.auzouvillesurry.fr\/wordpress\/wp-content\/uploads\/2019\/02\/1991-10.jpg 1153w\" sizes=\"auto, (max-width: 204px) 100vw, 204px\" \/><\/a><strong>1995<\/strong><\/p>\n<p>L&rsquo;abri bus est termin\u00e9.<a href=\"https:\/\/www.auzouvillesurry.fr\/wordpress\/wp-content\/uploads\/2019\/02\/1991-8.jpg\"><img loading=\"lazy\" decoding=\"async\" class=\"aligncenter size-medium wp-image-8460\" src=\"https:\/\/www.auzouvillesurry.fr\/wordpress\/wp-content\/uploads\/2019\/02\/1991-8-300x204.jpg\" alt=\"\" width=\"300\" height=\"204\" srcset=\"https:\/\/www.auzouvillesurry.fr\/wordpress\/wp-content\/uploads\/2019\/02\/1991-8-300x204.jpg 300w, https:\/\/www.auzouvillesurry.fr\/wordpress\/wp-content\/uploads\/2019\/02\/1991-8-768x521.jpg 768w, https:\/\/www.auzouvillesurry.fr\/wordpress\/wp-content\/uploads\/2019\/02\/1991-8-1024x695.jpg 1024w, https:\/\/www.auzouvillesurry.fr\/wordpress\/wp-content\/uploads\/2019\/02\/1991-8-600x407.jpg 600w, https:\/\/www.auzouvillesurry.fr\/wordpress\/wp-content\/uploads\/2019\/02\/1991-8.jpg 1721w\" sizes=\"auto, (max-width: 300px) 100vw, 300px\" \/><\/a><strong>1998<\/strong><\/p>\n<p>Les am\u00e9nagements des abords sont termin\u00e9s.<\/p>\n<p>Les b\u00e9n\u00e9voles: Paul Cousin, William Pillon, Jacky Harou, Jean-Pierre Souici, Bruno Nadau, Jacques Simon, Patrick Morsard, Michel Letailleur, Jean-Claude Fressard<\/p>ngg_shortcode_0_placeholder<p><\/p>\n","protected":false},"excerpt":{"rendered":"<p>Fort de leur premi\u00e8re exp\u00e9rience, les b\u00e9n\u00e9voles ont de nouveau retrouss\u00e9 les manches pour r\u00e9aliser un abri bus sur la place du village. 1991 D\u00e9but de l&rsquo;am\u00e9nagement de la place de l&rsquo;\u00e9glise avec la construction de l&rsquo;abri bus. Assemblage de la charpente en ch\u00eane. 1992 Apr\u00e8s avoir pos\u00e9 la sous toiture, le couvreur amateur s&rsquo;attaque [&hellip;]<\/p>\n","protected":false},"author":1,"featured_media":0,"parent":8445,"menu_order":2,"comment_status":"closed","ping_status":"closed","template":"","meta":{"ngg_post_thumbnail":0,"footnotes":""},"class_list":["post-8456","page","type-page","status-publish","hentry"],"_links":{"self":[{"href":"https:\/\/www.auzouvillesurry.fr\/wordpress\/wp-json\/wp\/v2\/pages\/8456","targetHints":{"allow":["GET"]}}],"collection":[{"href":"https:\/\/www.auzouvillesurry.fr\/wordpress\/wp-json\/wp\/v2\/pages"}],"about":[{"href":"https:\/\/www.auzouvillesurry.fr\/wordpress\/wp-json\/wp\/v2\/types\/page"}],"author":[{"embeddable":true,"href":"https:\/\/www.auzouvillesurry.fr\/wordpress\/wp-json\/wp\/v2\/users\/1"}],"replies":[{"embeddable":true,"href":"https:\/\/www.auzouvillesurry.fr\/wordpress\/wp-json\/wp\/v2\/comments?post=8456"}],"version-history":[{"count":4,"href":"https:\/\/www.auzouvillesurry.fr\/wordpress\/wp-json\/wp\/v2\/pages\/8456\/revisions"}],"predecessor-version":[{"id":8675,"href":"https:\/\/www.auzouvillesurry.fr\/wordpress\/wp-json\/wp\/v2\/pages\/8456\/revisions\/8675"}],"up":[{"embeddable":true,"href":"https:\/\/www.auzouvillesurry.fr\/wordpress\/wp-json\/wp\/v2\/pages\/8445"}],"wp:attachment":[{"href":"https:\/\/www.auzouvillesurry.fr\/wordpress\/wp-json\/wp\/v2\/media?parent=8456"}],"curies":[{"name":"wp","href":"https:\/\/api.w.org\/{rel}","templated":true}]}}