{"id":8445,"date":"2019-02-11T16:49:41","date_gmt":"2019-02-11T15:49:41","guid":{"rendered":"http:\/\/www.auzouvillesurry.fr\/wordpress\/?page_id=8445"},"modified":"2019-12-07T16:55:01","modified_gmt":"2019-12-07T15:55:01","slug":"le-benevolat","status":"publish","type":"page","link":"https:\/\/www.auzouvillesurry.fr\/wordpress\/histoire-et-patrimoine\/le-benevolat\/","title":{"rendered":"Le b\u00e9n\u00e9volat"},"content":{"rendered":"<p>A Auzouville le b\u00e9n\u00e9volat c&rsquo;est une pratique tr\u00e8s ancienne et qui laissera dans le patrimoine communal une trace durable.<\/p>\n<p>&nbsp;<\/p>\n<p>Un des premiers acte de b\u00e9n\u00e9volat date du 3 octobre 1934:<\/p>\n<p>\u00ab\u00a0M le Maire tient \u00e0 adresser ses f\u00e9licitations, publiquement, \u00e0 M Godon, adjoint, qui a entrepris depuis un an et men\u00e9 \u00e0 bonne fin le curage de la grande mare principale. Il f\u00e9licite \u00e9galement les usagers qui ont apport\u00e9 leur concours et fait remarquer que ce travail n&rsquo;a pas co\u00fbt\u00e9 un centime \u00e0 la commune\u00a0\u00bb.<\/p>\n<p>&nbsp;<\/p>\n<p>Mais la fin du XX\u00e9me si\u00e8cle et le d\u00e9but du XXI sont marqu\u00e9s de chantiers important.<\/p>\n<p>\u00e0 partir de 1988 <a href=\"https:\/\/www.auzouvillesurry.fr\/wordpress\/?page_id=8427\">La construction de la salle polyvalente.<\/a>&nbsp;<br \/>\nensuite d\u00e8s 1991 <a href=\"https:\/\/www.auzouvillesurry.fr\/wordpress\/?page_id=8456\">La construction d&rsquo;un abri bus.<\/a>&nbsp;<br \/>\n\u00e7a continue en 1992&nbsp;<a href=\"https:\/\/www.auzouvillesurry.fr\/wordpress\/?page_id=8480\">La construction d&rsquo;un four \u00e0 pain<\/a><br \/>\net puis <a href=\"https:\/\/www.auzouvillesurry.fr\/wordpress\/?page_id=9268\">La restauration du puits<\/a><\/p>\n<p>Mais le b\u00e9n\u00e9volat c&rsquo;est aussi au quotidien la vie associative, n&rsquo;h\u00e9sitez pas \u00e0 les rejoindre.<\/p>\n","protected":false},"excerpt":{"rendered":"<p>A Auzouville le b\u00e9n\u00e9volat c&rsquo;est une pratique tr\u00e8s ancienne et qui laissera dans le patrimoine communal une trace durable. &nbsp; Un des premiers acte de b\u00e9n\u00e9volat date du 3 octobre 1934: \u00ab\u00a0M le Maire tient \u00e0 adresser ses f\u00e9licitations, publiquement, \u00e0 M Godon, adjoint, qui a entrepris depuis un an et men\u00e9 \u00e0 bonne fin [&hellip;]<\/p>\n","protected":false},"author":1,"featured_media":0,"parent":287,"menu_order":0,"comment_status":"closed","ping_status":"closed","template":"","meta":{"ngg_post_thumbnail":0,"iawp_total_views":0,"footnotes":""},"class_list":["post-8445","page","type-page","status-publish","hentry"],"_links":{"self":[{"href":"https:\/\/www.auzouvillesurry.fr\/wordpress\/wp-json\/wp\/v2\/pages\/8445","targetHints":{"allow":["GET"]}}],"collection":[{"href":"https:\/\/www.auzouvillesurry.fr\/wordpress\/wp-json\/wp\/v2\/pages"}],"about":[{"href":"https:\/\/www.auzouvillesurry.fr\/wordpress\/wp-json\/wp\/v2\/types\/page"}],"author":[{"embeddable":true,"href":"https:\/\/www.auzouvillesurry.fr\/wordpress\/wp-json\/wp\/v2\/users\/1"}],"replies":[{"embeddable":true,"href":"https:\/\/www.auzouvillesurry.fr\/wordpress\/wp-json\/wp\/v2\/comments?post=8445"}],"version-history":[{"count":12,"href":"https:\/\/www.auzouvillesurry.fr\/wordpress\/wp-json\/wp\/v2\/pages\/8445\/revisions"}],"predecessor-version":[{"id":9652,"href":"https:\/\/www.auzouvillesurry.fr\/wordpress\/wp-json\/wp\/v2\/pages\/8445\/revisions\/9652"}],"up":[{"embeddable":true,"href":"https:\/\/www.auzouvillesurry.fr\/wordpress\/wp-json\/wp\/v2\/pages\/287"}],"wp:attachment":[{"href":"https:\/\/www.auzouvillesurry.fr\/wordpress\/wp-json\/wp\/v2\/media?parent=8445"}],"curies":[{"name":"wp","href":"https:\/\/api.w.org\/{rel}","templated":true}]}}