{"id":8427,"date":"2019-02-11T16:50:33","date_gmt":"2019-02-11T15:50:33","guid":{"rendered":"http:\/\/www.auzouvillesurry.fr\/wordpress\/?page_id=8427"},"modified":"2019-02-11T16:50:33","modified_gmt":"2019-02-11T15:50:33","slug":"construction-de-la-salle-polyvalente","status":"publish","type":"page","link":"https:\/\/www.auzouvillesurry.fr\/wordpress\/histoire-et-patrimoine\/le-benevolat\/construction-de-la-salle-polyvalente\/","title":{"rendered":"Construction de la salle polyvalente"},"content":{"rendered":"<p>&nbsp;<\/p>\n<p><b>1988<\/b><\/p>\n<p align=\"JUSTIFY\">Pour limiter le co\u00fbt de la construction, des b\u00e9n\u00e9voles se proposent d&rsquo;effectuer des travaux.<br \/>\nLes tranch\u00e9es pour le passage de l&rsquo;eau, du t\u00e9l\u00e9phone et l&rsquo;\u00e9lectricit\u00e9 sont creus\u00e9es \u00e0 la pelle et \u00e0 la pioche<\/p>\n<p align=\"JUSTIFY\"><b>1989<\/b><\/p>\n<p align=\"JUSTIFY\">le gros \u0153uvre est termin\u00e9&nbsp;; Enduit, peinture et rev\u00eatement mural sont au programme.<\/p>\n<p align=\"JUSTIFY\"><b>No\u00ebl 1989<\/b><\/p>\n<p align=\"JUSTIFY\">Premi\u00e8re utilisation de la salle avec l&rsquo;arbre de no\u00ebl ou d&rsquo;autre b\u00e9n\u00e9voles ont pris le relais pour pr\u00e9senter un spectacle alliant sayn\u00e8tes jou\u00e9es par des enfants, num\u00e9ros de clowns en pr\u00e9sence bien sur du p\u00e8re No\u00ebl<\/p>ngg_shortcode_0_placeholder","protected":false},"excerpt":{"rendered":"<p>&nbsp; 1988 Pour limiter le co\u00fbt de la construction, des b\u00e9n\u00e9voles se proposent d&rsquo;effectuer des travaux. Les tranch\u00e9es pour le passage de l&rsquo;eau, du t\u00e9l\u00e9phone et l&rsquo;\u00e9lectricit\u00e9 sont creus\u00e9es \u00e0 la pelle et \u00e0 la pioche 1989 le gros \u0153uvre est termin\u00e9&nbsp;; Enduit, peinture et rev\u00eatement mural sont au programme. No\u00ebl 1989 Premi\u00e8re utilisation de [&hellip;]<\/p>\n","protected":false},"author":1,"featured_media":0,"parent":8445,"menu_order":0,"comment_status":"closed","ping_status":"closed","template":"","meta":{"ngg_post_thumbnail":0,"footnotes":""},"class_list":["post-8427","page","type-page","status-publish","hentry"],"_links":{"self":[{"href":"https:\/\/www.auzouvillesurry.fr\/wordpress\/wp-json\/wp\/v2\/pages\/8427","targetHints":{"allow":["GET"]}}],"collection":[{"href":"https:\/\/www.auzouvillesurry.fr\/wordpress\/wp-json\/wp\/v2\/pages"}],"about":[{"href":"https:\/\/www.auzouvillesurry.fr\/wordpress\/wp-json\/wp\/v2\/types\/page"}],"author":[{"embeddable":true,"href":"https:\/\/www.auzouvillesurry.fr\/wordpress\/wp-json\/wp\/v2\/users\/1"}],"replies":[{"embeddable":true,"href":"https:\/\/www.auzouvillesurry.fr\/wordpress\/wp-json\/wp\/v2\/comments?post=8427"}],"version-history":[{"count":3,"href":"https:\/\/www.auzouvillesurry.fr\/wordpress\/wp-json\/wp\/v2\/pages\/8427\/revisions"}],"predecessor-version":[{"id":8444,"href":"https:\/\/www.auzouvillesurry.fr\/wordpress\/wp-json\/wp\/v2\/pages\/8427\/revisions\/8444"}],"up":[{"embeddable":true,"href":"https:\/\/www.auzouvillesurry.fr\/wordpress\/wp-json\/wp\/v2\/pages\/8445"}],"wp:attachment":[{"href":"https:\/\/www.auzouvillesurry.fr\/wordpress\/wp-json\/wp\/v2\/media?parent=8427"}],"curies":[{"name":"wp","href":"https:\/\/api.w.org\/{rel}","templated":true}]}}