{"id":8308,"date":"2018-12-18T14:07:59","date_gmt":"2018-12-18T13:07:59","guid":{"rendered":"http:\/\/www.auzouvillesurry.fr\/wordpress\/?page_id=8308"},"modified":"2018-12-20T22:40:30","modified_gmt":"2018-12-20T21:40:30","slug":"noel-des-enfants-du-15-decembre-2018","status":"publish","type":"page","link":"https:\/\/www.auzouvillesurry.fr\/wordpress\/vie-associative\/animation-village\/noel-des-enfants-du-15-decembre-2018\/","title":{"rendered":"No\u00ebl des enfants du 15 d\u00e9cembre 2018"},"content":{"rendered":"<p>De la \u00ab\u00a0danse des pingouins\u00a0\u00bb \u00e0 \u00ab\u00a0Shape of you\u00a0\u00bb, en passant par \u00ab\u00a0Ramener la coupe \u00e0 la maison\u00a0\u00bb sans oublier quelques sayn\u00e8tes et nos clowns habituels, les enfants et adolescents ont particip\u00e9 nombreux au spectacle de No\u00ebl \u00a0 comme acteurs ou spectateurs.<br \/>\nLe p\u00e8re No\u00ebl a fait son apparition en fin de journ\u00e9e pour distribuer \u00e0 tous les enfants de moins de onze ans un cadeau et un sachet de bonbons, ainsi qu&rsquo;un pain au chocolat offert par Candil\u00e8ne et Jonathan B\u00e9ch\u00e9 nos boulangers. Merci \u00e0 eux et bravo aux b\u00e9n\u00e9voles qui \u0153uvrent pour la r\u00e9ussite de ce spectacle.<\/p>ngg_shortcode_0_placeholder","protected":false},"excerpt":{"rendered":"<p>De la \u00ab\u00a0danse des pingouins\u00a0\u00bb \u00e0 \u00ab\u00a0Shape of you\u00a0\u00bb, en passant par \u00ab\u00a0Ramener la coupe \u00e0 la maison\u00a0\u00bb sans oublier quelques sayn\u00e8tes et nos clowns habituels, les enfants et adolescents ont particip\u00e9 nombreux au spectacle de No\u00ebl \u00a0 comme acteurs ou spectateurs. Le p\u00e8re No\u00ebl a fait son apparition en fin de journ\u00e9e pour distribuer [&hellip;]<\/p>\n","protected":false},"author":1,"featured_media":0,"parent":876,"menu_order":0,"comment_status":"closed","ping_status":"closed","template":"","meta":{"ngg_post_thumbnail":0,"footnotes":""},"class_list":["post-8308","page","type-page","status-publish","hentry"],"_links":{"self":[{"href":"https:\/\/www.auzouvillesurry.fr\/wordpress\/wp-json\/wp\/v2\/pages\/8308","targetHints":{"allow":["GET"]}}],"collection":[{"href":"https:\/\/www.auzouvillesurry.fr\/wordpress\/wp-json\/wp\/v2\/pages"}],"about":[{"href":"https:\/\/www.auzouvillesurry.fr\/wordpress\/wp-json\/wp\/v2\/types\/page"}],"author":[{"embeddable":true,"href":"https:\/\/www.auzouvillesurry.fr\/wordpress\/wp-json\/wp\/v2\/users\/1"}],"replies":[{"embeddable":true,"href":"https:\/\/www.auzouvillesurry.fr\/wordpress\/wp-json\/wp\/v2\/comments?post=8308"}],"version-history":[{"count":5,"href":"https:\/\/www.auzouvillesurry.fr\/wordpress\/wp-json\/wp\/v2\/pages\/8308\/revisions"}],"predecessor-version":[{"id":8328,"href":"https:\/\/www.auzouvillesurry.fr\/wordpress\/wp-json\/wp\/v2\/pages\/8308\/revisions\/8328"}],"up":[{"embeddable":true,"href":"https:\/\/www.auzouvillesurry.fr\/wordpress\/wp-json\/wp\/v2\/pages\/876"}],"wp:attachment":[{"href":"https:\/\/www.auzouvillesurry.fr\/wordpress\/wp-json\/wp\/v2\/media?parent=8308"}],"curies":[{"name":"wp","href":"https:\/\/api.w.org\/{rel}","templated":true}]}}