{"id":8226,"date":"2018-11-26T16:50:28","date_gmt":"2018-11-26T15:50:28","guid":{"rendered":"http:\/\/www.auzouvillesurry.fr\/wordpress\/?page_id=8226"},"modified":"2018-11-26T16:50:28","modified_gmt":"2018-11-26T15:50:28","slug":"novembre-le-club-des-bons-amis-fait-la-fete","status":"publish","type":"page","link":"https:\/\/www.auzouvillesurry.fr\/wordpress\/vie-associative\/les-bons-amis\/novembre-le-club-des-bons-amis-fait-la-fete\/","title":{"rendered":"Novembre, le club des bons amis fait la f\u00eate"},"content":{"rendered":"<p>Comme chaque ann\u00e9e le club des bons amis organise en novembre deux grandes manifestations, le dimanche 18, sayn\u00e8tes et chansons ont anim\u00e9 une apr\u00e8s midi r\u00e9cr\u00e9ative. Le samedi 24 les convives ont d\u00e9gust\u00e9 un repas p\u00e9rigourdin pr\u00e9par\u00e9 par la pr\u00e9sidente du club avant d\u2019ex\u00e9cuter quels pas de danse.<\/p>\n<p>&nbsp;<br \/>ngg_shortcode_0_placeholder\n","protected":false},"excerpt":{"rendered":"<p>Comme chaque ann\u00e9e le club des bons amis organise en novembre deux grandes manifestations, le dimanche 18, sayn\u00e8tes et chansons ont anim\u00e9 une apr\u00e8s midi r\u00e9cr\u00e9ative. Le samedi 24 les convives ont d\u00e9gust\u00e9 un repas p\u00e9rigourdin pr\u00e9par\u00e9 par la pr\u00e9sidente du club avant d\u2019ex\u00e9cuter quels pas de danse. &nbsp;<\/p>\n","protected":false},"author":1,"featured_media":0,"parent":310,"menu_order":0,"comment_status":"closed","ping_status":"closed","template":"","meta":{"ngg_post_thumbnail":0,"footnotes":""},"class_list":["post-8226","page","type-page","status-publish","hentry"],"_links":{"self":[{"href":"https:\/\/www.auzouvillesurry.fr\/wordpress\/wp-json\/wp\/v2\/pages\/8226","targetHints":{"allow":["GET"]}}],"collection":[{"href":"https:\/\/www.auzouvillesurry.fr\/wordpress\/wp-json\/wp\/v2\/pages"}],"about":[{"href":"https:\/\/www.auzouvillesurry.fr\/wordpress\/wp-json\/wp\/v2\/types\/page"}],"author":[{"embeddable":true,"href":"https:\/\/www.auzouvillesurry.fr\/wordpress\/wp-json\/wp\/v2\/users\/1"}],"replies":[{"embeddable":true,"href":"https:\/\/www.auzouvillesurry.fr\/wordpress\/wp-json\/wp\/v2\/comments?post=8226"}],"version-history":[{"count":3,"href":"https:\/\/www.auzouvillesurry.fr\/wordpress\/wp-json\/wp\/v2\/pages\/8226\/revisions"}],"predecessor-version":[{"id":8229,"href":"https:\/\/www.auzouvillesurry.fr\/wordpress\/wp-json\/wp\/v2\/pages\/8226\/revisions\/8229"}],"up":[{"embeddable":true,"href":"https:\/\/www.auzouvillesurry.fr\/wordpress\/wp-json\/wp\/v2\/pages\/310"}],"wp:attachment":[{"href":"https:\/\/www.auzouvillesurry.fr\/wordpress\/wp-json\/wp\/v2\/media?parent=8226"}],"curies":[{"name":"wp","href":"https:\/\/api.w.org\/{rel}","templated":true}]}}