{"id":816,"date":"2015-02-09T18:57:35","date_gmt":"2015-02-09T17:57:35","guid":{"rendered":"http:\/\/www.auzouvillesurry.fr\/wordpress\/?page_id=816"},"modified":"2024-07-30T19:21:22","modified_gmt":"2024-07-30T18:21:22","slug":"a-i-p-a","status":"publish","type":"page","link":"https:\/\/www.auzouvillesurry.fr\/wordpress\/intercommunalite\/a-i-p-a\/","title":{"rendered":"AIPA\/SSIAD ( Services de Soins Infirmers A Domicile)"},"content":{"rendered":"<p><strong>Fran\u00e7oise DESOMBRE et Annick GUERARD repr\u00e9sentent la commune au sein de l&rsquo;AIPA S.S.I.A.D.<\/strong><\/p>\n<p>Les Services de Soins Infirmiers \u00e0 Domicile (SSIAD) sont des services sociaux et m\u00e9dico-sociaux qui assurent, sur prescription m\u00e9dicale, aux personnes \u00e2g\u00e9es de 60 ans et plus malades ou d\u00e9pendantes, aux personnes adultes de moins de 60 ans pr\u00e9sentant un handicap et aux personnes de moins de 60 ans atteintes de maladies, des prestations de soins infirmiers sous forme de soins techniques ou de soins de base.<br \/>\nLes Services de Soins Infirmiers \u00e0 Domicile (SSIAD) peuvent \u00eatre :<br \/>\n&#8211; Des \u00e9tablissements ou services qui accueillent des personnes \u00e2g\u00e9es ou qui leur apportent \u00e0 domicile une assistance dans les actes quotidiens de la vie, des prestations de soins ou une aide \u00e0 l\u2019insertion sociale.<br \/>\n&#8211; Des \u00e9tablissements ou services (y compris les Foyers d\u2019Accueil M\u00e9dicalis\u00e9s) qui accueillent des personnes adultes handicap\u00e9es, ou qui leur apportent \u00e0 domicile une assistance dans les actes quotidiens de la vie, des prestations de soins ou une aide \u00e0 l\u2019insertion sociale.<br \/>\nLes Services de Soins Infirmiers \u00e0 Domicile (SSIAD) sont enti\u00e8rement financ\u00e9s par les cr\u00e9dits de l&rsquo;Assurance Maladie, sous forme d\u2019une dotation globale. L&rsquo;allocation et le contr\u00f4le des financements d\u00e9pendent, pour leur part, des Agences R\u00e9gionales de Sant\u00e9 (ARS).<br \/>\nContact :<\/p>\n<div class=\"elementor-element elementor-element-77c03f3 elementor-view-default elementor-vertical-align-top elementor-widget elementor-widget-icon-box\" data-id=\"77c03f3\" data-element_type=\"widget\" data-widget_type=\"icon-box.default\">\n<div class=\"elementor-widget-container\">\n<div class=\"elementor-icon-box-wrapper\">\n<div class=\"elementor-icon-box-content\">\n<p class=\"elementor-icon-box-description\"><strong>Maison de l&rsquo;Abreuvoir, Place Flaubert, 76116 Ry<\/strong><br \/>\n<span style=\"color: revert; font-size: revert; font-weight: revert;\">Horaires : <\/span><span style=\"font-size: revert; color: initial;\">9h-18h du Lundi au Vendredi<br \/>\n<\/span><span style=\"color: revert; font-size: revert; font-weight: revert;\">Email : <\/span><span style=\"font-size: revert; color: initial;\">bureau@aipa76.fr<br \/>\n<\/span><span style=\"color: revert; font-size: revert; font-weight: revert;\">T\u00e9l\u00e9phone : <\/span><span style=\"font-size: revert; color: initial;\">02 35 08 39 53<br \/>\nSite web : <a href=\"https:\/\/www.aipassiaddarn\u00e9tal.com\/\" target=\"_blank\" rel=\"noopener nofollow\" class=\"external external_icon\">https:\/\/www.aipassiaddarn\u00e9tal.com\/<\/a><\/span><\/p>\n<p>&nbsp;<\/p>\n<\/div>\n<\/div>\n<\/div>\n<\/div>\n","protected":false},"excerpt":{"rendered":"<p>Fran\u00e7oise DESOMBRE et Annick GUERARD repr\u00e9sentent la commune au sein de l&rsquo;AIPA S.S.I.A.D. Les Services de Soins Infirmiers \u00e0 Domicile (SSIAD) sont des services sociaux et m\u00e9dico-sociaux qui assurent, sur prescription m\u00e9dicale, aux personnes \u00e2g\u00e9es de 60 ans et plus malades ou d\u00e9pendantes, aux personnes adultes de moins de 60 ans pr\u00e9sentant un handicap et [&hellip;]<\/p>\n","protected":false},"author":1,"featured_media":0,"parent":284,"menu_order":9,"comment_status":"closed","ping_status":"open","template":"","meta":{"ngg_post_thumbnail":0,"footnotes":""},"class_list":["post-816","page","type-page","status-publish","hentry"],"_links":{"self":[{"href":"https:\/\/www.auzouvillesurry.fr\/wordpress\/wp-json\/wp\/v2\/pages\/816","targetHints":{"allow":["GET"]}}],"collection":[{"href":"https:\/\/www.auzouvillesurry.fr\/wordpress\/wp-json\/wp\/v2\/pages"}],"about":[{"href":"https:\/\/www.auzouvillesurry.fr\/wordpress\/wp-json\/wp\/v2\/types\/page"}],"author":[{"embeddable":true,"href":"https:\/\/www.auzouvillesurry.fr\/wordpress\/wp-json\/wp\/v2\/users\/1"}],"replies":[{"embeddable":true,"href":"https:\/\/www.auzouvillesurry.fr\/wordpress\/wp-json\/wp\/v2\/comments?post=816"}],"version-history":[{"count":3,"href":"https:\/\/www.auzouvillesurry.fr\/wordpress\/wp-json\/wp\/v2\/pages\/816\/revisions"}],"predecessor-version":[{"id":12712,"href":"https:\/\/www.auzouvillesurry.fr\/wordpress\/wp-json\/wp\/v2\/pages\/816\/revisions\/12712"}],"up":[{"embeddable":true,"href":"https:\/\/www.auzouvillesurry.fr\/wordpress\/wp-json\/wp\/v2\/pages\/284"}],"wp:attachment":[{"href":"https:\/\/www.auzouvillesurry.fr\/wordpress\/wp-json\/wp\/v2\/media?parent=816"}],"curies":[{"name":"wp","href":"https:\/\/api.w.org\/{rel}","templated":true}]}}