{"id":8061,"date":"2018-11-11T15:01:24","date_gmt":"2018-11-11T14:01:24","guid":{"rendered":"http:\/\/www.auzouvillesurry.fr\/wordpress\/?page_id=8061"},"modified":"2018-11-12T18:58:01","modified_gmt":"2018-11-12T17:58:01","slug":"centenaire-de-larmistice-de-1918","status":"publish","type":"page","link":"https:\/\/www.auzouvillesurry.fr\/wordpress\/histoire-et-patrimoine\/la-grande-guerre\/centenaire-de-larmistice-de-1918\/","title":{"rendered":"Centenaire de l&rsquo;armistice de 1918"},"content":{"rendered":"<p><a href=\"https:\/\/www.auzouvillesurry.fr\/wordpress\/wp-content\/uploads\/2018\/11\/images-5.jpeg\"><img loading=\"lazy\" decoding=\"async\" class=\"aligncenter size-full wp-image-8021\" src=\"https:\/\/www.auzouvillesurry.fr\/wordpress\/wp-content\/uploads\/2018\/11\/images-5.jpeg\" alt=\"\" width=\"326\" height=\"155\" srcset=\"https:\/\/www.auzouvillesurry.fr\/wordpress\/wp-content\/uploads\/2018\/11\/images-5.jpeg 326w, https:\/\/www.auzouvillesurry.fr\/wordpress\/wp-content\/uploads\/2018\/11\/images-5-300x143.jpeg 300w\" sizes=\"auto, (max-width: 326px) 100vw, 326px\" \/><\/a><\/p>\n<p>Le 11 novembre \u00e0 donn\u00e9 lieu a une c\u00e9l\u00e9bration du centenaire de la signature de l&rsquo;armistice marquant la fin de la guerre 1914-1918.<\/p>\n<p>En pr\u00e9sence de nombreux habitants, <a href=\"https:\/\/www.auzouvillesurry.fr\/wordpress\/wp-content\/uploads\/2018\/11\/11novtexte1.pdf\" target=\"_blank\" rel=\"noopener\">des enfants ont lu des lettres \u00e9chang\u00e9es entre des soldats et leur famille<\/a>. Le discours de Mme le Maire a \u00e9t\u00e9 pr\u00e9c\u00e9d\u00e9 d&rsquo;<a href=\"https:\/\/www.auzouvillesurry.fr\/wordpress\/wp-content\/uploads\/2018\/11\/Si-je-mourais-l\u00e0-bas...-1.pdf\" target=\"_blank\" rel=\"noopener\">un texte de Guillaume Appolinaire, mort le 9 novembre 1918, \u00ab\u00a0Si je mourais l\u00e0-bas&#8230;\u00a0\u00bb<\/a>.<\/p>\n<p>La c\u00e9r\u00e9monie s&rsquo;est prolong\u00e9e autour du verre de l&rsquo;amiti\u00e9 dans la salle du conseil o\u00f9 des costumes et des documents d&rsquo;\u00e9poque \u00e9taient expos\u00e9s.<\/p>\n<p>&nbsp;<\/p>\n<p>Photos de la manifestation au monument aux morts<\/p>\n<p>&nbsp;<\/p>ngg_shortcode_0_placeholder<p><a href=\"https:\/\/www.auzouvillesurry.fr\/wordpress\/?page_id=8127\">Voir les documents expos\u00e9s lors de la c\u00e9l\u00e9bration du centenaire de la signature de l&rsquo;armistice<\/a><\/p>\n<p><a href=\"https:\/\/www.auzouvillesurry.fr\/wordpress\/?page_id=1238\">Retrouvez les informations sur les enfants d&rsquo;Auzouville sur Ry morts pendant la premi\u00e8re guerre mondiale<\/a><\/p>\n","protected":false},"excerpt":{"rendered":"<p>Le 11 novembre \u00e0 donn\u00e9 lieu a une c\u00e9l\u00e9bration du centenaire de la signature de l&rsquo;armistice marquant la fin de la guerre 1914-1918. En pr\u00e9sence de nombreux habitants, des enfants ont lu des lettres \u00e9chang\u00e9es entre des soldats et leur famille. Le discours de Mme le Maire a \u00e9t\u00e9 pr\u00e9c\u00e9d\u00e9 d&rsquo;un texte de Guillaume Appolinaire, [&hellip;]<\/p>\n","protected":false},"author":1,"featured_media":0,"parent":1238,"menu_order":0,"comment_status":"closed","ping_status":"closed","template":"","meta":{"ngg_post_thumbnail":0,"iawp_total_views":0,"footnotes":""},"class_list":["post-8061","page","type-page","status-publish","hentry"],"_links":{"self":[{"href":"https:\/\/www.auzouvillesurry.fr\/wordpress\/wp-json\/wp\/v2\/pages\/8061","targetHints":{"allow":["GET"]}}],"collection":[{"href":"https:\/\/www.auzouvillesurry.fr\/wordpress\/wp-json\/wp\/v2\/pages"}],"about":[{"href":"https:\/\/www.auzouvillesurry.fr\/wordpress\/wp-json\/wp\/v2\/types\/page"}],"author":[{"embeddable":true,"href":"https:\/\/www.auzouvillesurry.fr\/wordpress\/wp-json\/wp\/v2\/users\/1"}],"replies":[{"embeddable":true,"href":"https:\/\/www.auzouvillesurry.fr\/wordpress\/wp-json\/wp\/v2\/comments?post=8061"}],"version-history":[{"count":13,"href":"https:\/\/www.auzouvillesurry.fr\/wordpress\/wp-json\/wp\/v2\/pages\/8061\/revisions"}],"predecessor-version":[{"id":8179,"href":"https:\/\/www.auzouvillesurry.fr\/wordpress\/wp-json\/wp\/v2\/pages\/8061\/revisions\/8179"}],"up":[{"embeddable":true,"href":"https:\/\/www.auzouvillesurry.fr\/wordpress\/wp-json\/wp\/v2\/pages\/1238"}],"wp:attachment":[{"href":"https:\/\/www.auzouvillesurry.fr\/wordpress\/wp-json\/wp\/v2\/media?parent=8061"}],"curies":[{"name":"wp","href":"https:\/\/api.w.org\/{rel}","templated":true}]}}