{"id":8013,"date":"2018-11-05T08:38:09","date_gmt":"2018-11-05T07:38:09","guid":{"rendered":"http:\/\/www.auzouvillesurry.fr\/wordpress\/?page_id=8013"},"modified":"2022-10-13T13:16:45","modified_gmt":"2022-10-13T12:16:45","slug":"levolution-du-village-au-travers-de-cartes-anciennes","status":"publish","type":"page","link":"https:\/\/www.auzouvillesurry.fr\/wordpress\/histoire-et-patrimoine\/levolution-du-village-au-travers-de-cartes-anciennes\/","title":{"rendered":"L&rsquo;\u00e9volution du village au travers de cartes anciennes"},"content":{"rendered":"<figure id=\"attachment_8016\" aria-describedby=\"caption-attachment-8016\" style=\"width: 295px\" class=\"wp-caption alignright\"><a href=\"https:\/\/www.auzouvillesurry.fr\/wordpress\/wp-content\/uploads\/2018\/10\/Cartouche.jpg\"><img loading=\"lazy\" decoding=\"async\" class=\"wp-image-8016\" src=\"https:\/\/www.auzouvillesurry.fr\/wordpress\/wp-content\/uploads\/2018\/10\/Cartouche.jpg\" alt=\"Extrait du plan de 1749\" width=\"295\" height=\"362\" srcset=\"https:\/\/www.auzouvillesurry.fr\/wordpress\/wp-content\/uploads\/2018\/10\/Cartouche.jpg 588w, https:\/\/www.auzouvillesurry.fr\/wordpress\/wp-content\/uploads\/2018\/10\/Cartouche-244x300.jpg 244w\" sizes=\"auto, (max-width: 295px) 100vw, 295px\" \/><\/a><figcaption id=\"caption-attachment-8016\" class=\"wp-caption-text\">Extrait du plan de 1749<\/figcaption><\/figure>\n<p>A l&rsquo;heure ou les discussions sur les nouvelles orientations de l&rsquo;urbanisme se d\u00e9roulent dans la cadre du Plan Local d&rsquo;Urbanisme intercommunal, revisitons Auzouville en consultant d&rsquo;anciennes cartes.<\/p>\n<figure id=\"attachment_8017\" aria-describedby=\"caption-attachment-8017\" style=\"width: 346px\" class=\"wp-caption alignleft\"><a href=\"https:\/\/www.auzouvillesurry.fr\/wordpress\/wp-content\/uploads\/2018\/10\/echelle.jpg\"><img loading=\"lazy\" decoding=\"async\" class=\"wp-image-8017\" src=\"https:\/\/www.auzouvillesurry.fr\/wordpress\/wp-content\/uploads\/2018\/10\/echelle.jpg\" alt=\"\" width=\"346\" height=\"215\" srcset=\"https:\/\/www.auzouvillesurry.fr\/wordpress\/wp-content\/uploads\/2018\/10\/echelle.jpg 1004w, https:\/\/www.auzouvillesurry.fr\/wordpress\/wp-content\/uploads\/2018\/10\/echelle-300x187.jpg 300w, https:\/\/www.auzouvillesurry.fr\/wordpress\/wp-content\/uploads\/2018\/10\/echelle-768x478.jpg 768w, https:\/\/www.auzouvillesurry.fr\/wordpress\/wp-content\/uploads\/2018\/10\/echelle-600x374.jpg 600w\" sizes=\"auto, (max-width: 346px) 100vw, 346px\" \/><\/a><figcaption id=\"caption-attachment-8017\" class=\"wp-caption-text\">L\u2019\u00e9chelle du plan de 1749<\/figcaption><\/figure>\n<p>&nbsp;<\/p>\n<p style=\"text-align: center;\"><a href=\"https:\/\/www.archivesdepartementales76.net\/ark:\/50278\/repa6127e4b5bd7f8545f2d6e91772245b1\/dao\/0\/1\" target=\"_blank\" rel=\"noopener noreferrer nofollow\" class=\"external external_icon\">Auzouville en 1749<\/a><\/p>\n<p>&nbsp;<\/p>\n<p>&nbsp;<\/p>\n<p>&nbsp;<\/p>\n<p>&nbsp;<\/p>\n<p>&nbsp;<\/p>\n<p>&nbsp;<\/p>\n<p>&nbsp;<\/p>\n<p><strong>Cadastre Napol\u00e9onien<br \/>\n<\/strong><a href=\"https:\/\/www.archivesdepartementales76.net\/ark:\/50278\/vta85a9585ac0056833\/dao\/0\/1\" target=\"_blank\" rel=\"noopener noreferrer nofollow\" class=\"external external_icon\">Plan d&rsquo;ensemble du village<\/a><strong><br \/>\n<\/strong><a href=\"https:\/\/www.archivesdepartementales76.net\/ark:\/50278\/vtaecb8af62ee0204d7\/dao\/0\/1\" target=\"_blank\" rel=\"noopener noreferrer nofollow\" class=\"external external_icon\">Le bourg<\/a><br \/>\n<a href=\"https:\/\/www.archivesdepartementales76.net\/ark:\/50278\/vta85a729907dd5c72f\/dao\/0\/1\" target=\"_blank\" rel=\"noopener noreferrer nofollow\" class=\"external external_icon\">La grange du chemin<\/a><br \/>\n<a href=\"https:\/\/www.archivesdepartementales76.net\/ark:\/50278\/vta5f3629c2256a9db6\/dao\/0\/1\" target=\"_blank\" rel=\"noopener noreferrer nofollow\" class=\"external external_icon\">Le Moulin \u00e0 vent<\/a><br \/>\n<a href=\"https:\/\/www.archivesdepartementales76.net\/ark:\/50278\/vta45a279338555b913\/dao\/0\/1\" target=\"_blank\" rel=\"noopener noreferrer nofollow\" class=\"external external_icon\">Les Lesques<\/a><br \/>\n<a href=\"https:\/\/www.archivesdepartementales76.net\/ark:\/50278\/vta15607d6453bf67fc\/dao\/0\/1\" target=\"_blank\" rel=\"noopener noreferrer nofollow\" class=\"external external_icon\">Le Thil<\/a><\/p>\n<p><strong>1934<br \/>\n<\/strong><a href=\"https:\/\/www.archivesdepartementales76.net\/ark:\/50278\/vta3c1d2b3061a5ef71\/dao\/0\/1\" target=\"_blank\" rel=\"noopener noreferrer nofollow\" class=\"external external_icon\">Plan d&rsquo;ensemble du village<\/a><br \/>\n<a href=\"https:\/\/www.archivesdepartementales76.net\/ark:\/50278\/vtace2e42a07e10d85a\/dao\/0\/1\" target=\"_blank\" rel=\"noopener noreferrer nofollow\" class=\"external external_icon\">Le bourg<\/a><br \/>\n<a href=\"https:\/\/www.archivesdepartementales76.net\/ark:\/50278\/vtadb054602ee60c956\/dao\/0\/1\" target=\"_blank\" rel=\"noopener noreferrer nofollow\" class=\"external external_icon\">La grange du chemin<\/a><br \/>\n<a href=\"https:\/\/www.archivesdepartementales76.net\/ark:\/50278\/vta5c19d6dc50262c56\/dao\/0\/1\" target=\"_blank\" rel=\"noopener noreferrer nofollow\" class=\"external external_icon\">Le Thil<\/a><\/p>\n<p>Afin d&rsquo;am\u00e9liorer les possibilit\u00e9s de consultation de ces cartes, notamment pour les fonctions de zoom et de d\u00e9placement, nous avons privil\u00e9gi\u00e9 des liens vers les archives du d\u00e9partement de la Seine Maritime,&nbsp;<\/p>\n","protected":false},"excerpt":{"rendered":"<p>A l&rsquo;heure ou les discussions sur les nouvelles orientations de l&rsquo;urbanisme se d\u00e9roulent dans la cadre du Plan Local d&rsquo;Urbanisme intercommunal, revisitons Auzouville en consultant d&rsquo;anciennes cartes. &nbsp; Auzouville en 1749 &nbsp; &nbsp; &nbsp; &nbsp; &nbsp; &nbsp; &nbsp; Cadastre Napol\u00e9onien Plan d&rsquo;ensemble du village Le bourg La grange du chemin Le Moulin \u00e0 vent Les [&hellip;]<\/p>\n","protected":false},"author":1,"featured_media":0,"parent":287,"menu_order":0,"comment_status":"closed","ping_status":"closed","template":"","meta":{"ngg_post_thumbnail":0,"footnotes":""},"class_list":["post-8013","page","type-page","status-publish","hentry"],"_links":{"self":[{"href":"https:\/\/www.auzouvillesurry.fr\/wordpress\/wp-json\/wp\/v2\/pages\/8013","targetHints":{"allow":["GET"]}}],"collection":[{"href":"https:\/\/www.auzouvillesurry.fr\/wordpress\/wp-json\/wp\/v2\/pages"}],"about":[{"href":"https:\/\/www.auzouvillesurry.fr\/wordpress\/wp-json\/wp\/v2\/types\/page"}],"author":[{"embeddable":true,"href":"https:\/\/www.auzouvillesurry.fr\/wordpress\/wp-json\/wp\/v2\/users\/1"}],"replies":[{"embeddable":true,"href":"https:\/\/www.auzouvillesurry.fr\/wordpress\/wp-json\/wp\/v2\/comments?post=8013"}],"version-history":[{"count":22,"href":"https:\/\/www.auzouvillesurry.fr\/wordpress\/wp-json\/wp\/v2\/pages\/8013\/revisions"}],"predecessor-version":[{"id":11245,"href":"https:\/\/www.auzouvillesurry.fr\/wordpress\/wp-json\/wp\/v2\/pages\/8013\/revisions\/11245"}],"up":[{"embeddable":true,"href":"https:\/\/www.auzouvillesurry.fr\/wordpress\/wp-json\/wp\/v2\/pages\/287"}],"wp:attachment":[{"href":"https:\/\/www.auzouvillesurry.fr\/wordpress\/wp-json\/wp\/v2\/media?parent=8013"}],"curies":[{"name":"wp","href":"https:\/\/api.w.org\/{rel}","templated":true}]}}