{"id":7925,"date":"2018-08-15T20:23:23","date_gmt":"2018-08-15T19:23:23","guid":{"rendered":"http:\/\/www.auzouvillesurry.fr\/wordpress\/?page_id=7925"},"modified":"2018-08-15T20:23:23","modified_gmt":"2018-08-15T19:23:23","slug":"fete-patronale-2018","status":"publish","type":"page","link":"https:\/\/www.auzouvillesurry.fr\/wordpress\/vie-associative\/animation-village\/fete-patronale-2018\/","title":{"rendered":"F\u00eate patronale 2018"},"content":{"rendered":"<p>Cette ann\u00e9e encore les b\u00e9n\u00e9voles des associations ont encore fait preuve de beaucoup d&rsquo;imagination et de talents pour r\u00e9aliser&nbsp; des chars haut en couleur et des chor\u00e9graphie pleines d&rsquo;humour pour d\u00e9fil\u00e9 au travers des rues du village devant un public toujours au rendez-vous.<\/p>ngg_shortcode_0_placeholder","protected":false},"excerpt":{"rendered":"<p>Cette ann\u00e9e encore les b\u00e9n\u00e9voles des associations ont encore fait preuve de beaucoup d&rsquo;imagination et de talents pour r\u00e9aliser&nbsp; des chars haut en couleur et des chor\u00e9graphie pleines d&rsquo;humour pour d\u00e9fil\u00e9 au travers des rues du village devant un public toujours au rendez-vous.<\/p>\n","protected":false},"author":1,"featured_media":0,"parent":876,"menu_order":0,"comment_status":"closed","ping_status":"closed","template":"","meta":{"ngg_post_thumbnail":0,"footnotes":""},"class_list":["post-7925","page","type-page","status-publish","hentry"],"_links":{"self":[{"href":"https:\/\/www.auzouvillesurry.fr\/wordpress\/wp-json\/wp\/v2\/pages\/7925","targetHints":{"allow":["GET"]}}],"collection":[{"href":"https:\/\/www.auzouvillesurry.fr\/wordpress\/wp-json\/wp\/v2\/pages"}],"about":[{"href":"https:\/\/www.auzouvillesurry.fr\/wordpress\/wp-json\/wp\/v2\/types\/page"}],"author":[{"embeddable":true,"href":"https:\/\/www.auzouvillesurry.fr\/wordpress\/wp-json\/wp\/v2\/users\/1"}],"replies":[{"embeddable":true,"href":"https:\/\/www.auzouvillesurry.fr\/wordpress\/wp-json\/wp\/v2\/comments?post=7925"}],"version-history":[{"count":1,"href":"https:\/\/www.auzouvillesurry.fr\/wordpress\/wp-json\/wp\/v2\/pages\/7925\/revisions"}],"predecessor-version":[{"id":7926,"href":"https:\/\/www.auzouvillesurry.fr\/wordpress\/wp-json\/wp\/v2\/pages\/7925\/revisions\/7926"}],"up":[{"embeddable":true,"href":"https:\/\/www.auzouvillesurry.fr\/wordpress\/wp-json\/wp\/v2\/pages\/876"}],"wp:attachment":[{"href":"https:\/\/www.auzouvillesurry.fr\/wordpress\/wp-json\/wp\/v2\/media?parent=7925"}],"curies":[{"name":"wp","href":"https:\/\/api.w.org\/{rel}","templated":true}]}}