{"id":7720,"date":"2018-07-09T19:27:41","date_gmt":"2018-07-09T18:27:41","guid":{"rendered":"http:\/\/www.auzouvillesurry.fr\/wordpress\/?page_id=7720"},"modified":"2019-03-25T08:42:19","modified_gmt":"2019-03-25T07:42:19","slug":"rehabilitation-du-groupe-scolaire","status":"publish","type":"page","link":"https:\/\/www.auzouvillesurry.fr\/wordpress\/vie-municipale-2\/rehabilitation-du-groupe-scolaire\/","title":{"rendered":"R\u00e9habilitation du groupe scolaire"},"content":{"rendered":"<p>&nbsp;<\/p>\n<p><a href=\"https:\/\/www.auzouvillesurry.fr\/wordpress\/wp-content\/uploads\/2018\/07\/Capture2.jpg\"><img loading=\"lazy\" decoding=\"async\" class=\"aligncenter size-full wp-image-7724\" src=\"https:\/\/www.auzouvillesurry.fr\/wordpress\/wp-content\/uploads\/2018\/07\/Capture2.jpg\" alt=\"\" width=\"1006\" height=\"146\" srcset=\"https:\/\/www.auzouvillesurry.fr\/wordpress\/wp-content\/uploads\/2018\/07\/Capture2.jpg 1006w, https:\/\/www.auzouvillesurry.fr\/wordpress\/wp-content\/uploads\/2018\/07\/Capture2-300x44.jpg 300w, https:\/\/www.auzouvillesurry.fr\/wordpress\/wp-content\/uploads\/2018\/07\/Capture2-768x111.jpg 768w, https:\/\/www.auzouvillesurry.fr\/wordpress\/wp-content\/uploads\/2018\/07\/Capture2-600x87.jpg 600w\" sizes=\"auto, (max-width: 1006px) 100vw, 1006px\" \/><\/a><\/p>\n<p>Le groupe scolaire a \u00e9t\u00e9 construit en 1956 par l\u2019architecte Roger Pruvost, auteur par ailleurs le Palais des consuls de Rouen (1954), la r\u00e9sidence de Normandie \u00e0 Rouen (1950), l\u2019H\u00f4tel de ville de La Bouille (1933), le groupe scolaire de Yainville (1949) groupe de logements rue de l\u2019Abb\u00e9 Lemire \u00e0 Rouen (1956).<\/p>\n<p>L\u2019\u00e9cole est un t\u00e9moignage de l\u2019architecture scolaire des ann\u00e9es 1950 et des principes de construction modulaire en b\u00e9ton de l\u2019\u00e9poque.<br \/>\nLe b\u00e2timent comprend 3 classes, un pr\u00e9au, des sanitaires et des locaux techniques. Il a subi au cours des ann\u00e9es des op\u00e9rations d\u2019entretien et d\u2019am\u00e9lioration (remplacement du syst\u00e8me de chauffage, remplacement des menuiseries, ravalement,\u2026.). Toutefois il est n\u00e9cessaire de r\u00e9habiliter cet ensemble afin de mieux r\u00e9pondre aux nouvelles r\u00e9glementations (accessibilit\u00e9 personnes \u00e0 mobilit\u00e9 r\u00e9duite, isolation thermique, \u2026..)<br \/>\nUn vaste programme de travaux a d\u00e9marr\u00e9 le 9 juillet et suite \u00e0 des retards d&rsquo;approvisionnement et de nombreux al\u00e9as la fin de chantier est report\u00e9e, tout est mis en oeuvre pour que les enfants retrouvent leur \u00e9cole dans les meilleurs d\u00e9lais:<\/p>\n<p style=\"padding-left: 30px;\">Remplacement de la couverture.<br \/>\nTravaux d\u2019isolation.<br \/>\nTravaux d\u2019accessibilit\u00e9 aux personnes \u00e0 mobilit\u00e9 r\u00e9duite.<br \/>\nCr\u00e9ation d\u2019un WC pour personne \u00e0 mobilit\u00e9 r\u00e9duite.<br \/>\nRemplacement des menuiseries.<br \/>\nRemplacement du rev\u00eatement de sol.<br \/>\nInstallation d\u2019une ventilation double flux.<br \/>\nRemplacement de la chaudi\u00e8re.<br \/>\nR\u00e9fection de l\u2019installation \u00e9lectrique.<br \/>\nAm\u00e9nagement de rangement.<br \/>\nPeinture des classes.<br \/>\nTraitement des fa\u00e7ades ext\u00e9rieures<\/p>\n<p><a href=\"https:\/\/www.auzouvillesurry.fr\/wordpress\/wp-content\/uploads\/2018\/07\/Capture.jpg\"><img loading=\"lazy\" decoding=\"async\" class=\"aligncenter size-full wp-image-7725\" src=\"https:\/\/www.auzouvillesurry.fr\/wordpress\/wp-content\/uploads\/2018\/07\/Capture.jpg\" alt=\"\" width=\"1026\" height=\"199\" srcset=\"https:\/\/www.auzouvillesurry.fr\/wordpress\/wp-content\/uploads\/2018\/07\/Capture.jpg 1026w, https:\/\/www.auzouvillesurry.fr\/wordpress\/wp-content\/uploads\/2018\/07\/Capture-300x58.jpg 300w, https:\/\/www.auzouvillesurry.fr\/wordpress\/wp-content\/uploads\/2018\/07\/Capture-768x149.jpg 768w, https:\/\/www.auzouvillesurry.fr\/wordpress\/wp-content\/uploads\/2018\/07\/Capture-1024x199.jpg 1024w, https:\/\/www.auzouvillesurry.fr\/wordpress\/wp-content\/uploads\/2018\/07\/Capture-600x116.jpg 600w\" sizes=\"auto, (max-width: 1026px) 100vw, 1026px\" \/><\/a><\/p>\n<p>Les travaux seront r\u00e9alis\u00e9s par les entreprises suivantes sous la direction de <a href=\"https:\/\/www.caroline-thibault-architecte.com\/\" target=\"_blank\" rel=\"noopener nofollow\" class=\"external external_icon\">Madame Caroline Thibault, Architecte<\/a>.<\/p>\n<p style=\"padding-left: 30px;\">Gros \u0153uvre&nbsp;: entreprise Bray Caux construction 26464,07 \u20ac HT<br \/>\nBardage couverture&nbsp;: entreprise Mazire 65957,89 \u20ac HT<br \/>\nMenuiseries ext\u00e9rieures&nbsp;: entreprise MPO 52477,99 \u20ac HT<br \/>\nMenuiseries int\u00e9rieures&nbsp;: entreprise AIB 40990,00 \u20ac HT<br \/>\n\u00c9lectricit\u00e9 entreprise&nbsp;: SCAE 16394,00 \u20ac HT<br \/>\nPlomberie&nbsp;: entreprise Follin 37354,95 \u20ac HT<br \/>\nRev\u00eatement de sols&nbsp;: entreprise le Rev\u00eatement Moderne 8495,50 \u20ac HT<br \/>\nPeinture&nbsp;: entreprise SRP 14472,06 \u20ac HT<br \/>\nVoirie r\u00e9seaux divers&nbsp;: entreprise Have Somaco 8127,49 \u20ac HT<\/p>\n<p>Pr\u00e9alablement \u00e0 ces travaux les abords de l\u2019ancien presbyt\u00e8re ont \u00e9t\u00e9 nettoy\u00e9s et d\u00e9barrass\u00e9s de divers b\u00e2timents v\u00e9tustes afin de permettre l\u2019installation des installation de chantier.<\/p>\n<p>Des classes provisoires ont \u00e9t\u00e9 mises en place sur le terrain de p\u00e9tanque afin de transf\u00e9rer le contenu des classes actuelles dans les locaux qui accueilleront les \u00e9l\u00e8ves \u00e0 la rentr\u00e9e de septembre.<\/p>\n<p>Comme tout chantier d\u2019envergure celui engendrera des perturbations et des nuisances dans le centre du village. Nous faisons appel \u00e0 la compr\u00e9hension et \u00e0 la tol\u00e9rance afin que tout se d\u00e9roule pour le mieux pour que les enfants retrouvent au plus vite une \u00e9cole plus agr\u00e9able.<\/p>\n<p><strong><span style=\"color: #ff0000;\">Attention&nbsp;:<\/span><\/strong><br \/>\n<strong><span style=\"color: #ff0000;\">Pendant les travaux de r\u00e9novation,&nbsp; les \u00e9l\u00e8ves seront accueillis dans la cour de la mairie.<\/span><\/strong><br \/>\n<strong><span style=\"color: #ff0000;\"> Les parents venant d\u00e9poser ou reprendre leur enfant devront stationner uniquement sur la place de l&rsquo;\u00e9glise et ne pas s&rsquo;engager sur le chemin de la c\u00f4te.<\/span><\/strong><br \/>\n<strong><span style=\"color: #ff0000;\"> Merci de respecter ces consignes.<\/span><\/strong><\/p>\n<p>Vous pourrez suivre en images les \u00e9volutions des travaux.<\/p>ngg_shortcode_0_placeholder","protected":false},"excerpt":{"rendered":"<p>&nbsp; Le groupe scolaire a \u00e9t\u00e9 construit en 1956 par l\u2019architecte Roger Pruvost, auteur par ailleurs le Palais des consuls de Rouen (1954), la r\u00e9sidence de Normandie \u00e0 Rouen (1950), l\u2019H\u00f4tel de ville de La Bouille (1933), le groupe scolaire de Yainville (1949) groupe de logements rue de l\u2019Abb\u00e9 Lemire \u00e0 Rouen (1956). L\u2019\u00e9cole est [&hellip;]<\/p>\n","protected":false},"author":1,"featured_media":0,"parent":145,"menu_order":10,"comment_status":"closed","ping_status":"closed","template":"","meta":{"ngg_post_thumbnail":0,"footnotes":""},"class_list":["post-7720","page","type-page","status-publish","hentry"],"_links":{"self":[{"href":"https:\/\/www.auzouvillesurry.fr\/wordpress\/wp-json\/wp\/v2\/pages\/7720","targetHints":{"allow":["GET"]}}],"collection":[{"href":"https:\/\/www.auzouvillesurry.fr\/wordpress\/wp-json\/wp\/v2\/pages"}],"about":[{"href":"https:\/\/www.auzouvillesurry.fr\/wordpress\/wp-json\/wp\/v2\/types\/page"}],"author":[{"embeddable":true,"href":"https:\/\/www.auzouvillesurry.fr\/wordpress\/wp-json\/wp\/v2\/users\/1"}],"replies":[{"embeddable":true,"href":"https:\/\/www.auzouvillesurry.fr\/wordpress\/wp-json\/wp\/v2\/comments?post=7720"}],"version-history":[{"count":12,"href":"https:\/\/www.auzouvillesurry.fr\/wordpress\/wp-json\/wp\/v2\/pages\/7720\/revisions"}],"predecessor-version":[{"id":8795,"href":"https:\/\/www.auzouvillesurry.fr\/wordpress\/wp-json\/wp\/v2\/pages\/7720\/revisions\/8795"}],"up":[{"embeddable":true,"href":"https:\/\/www.auzouvillesurry.fr\/wordpress\/wp-json\/wp\/v2\/pages\/145"}],"wp:attachment":[{"href":"https:\/\/www.auzouvillesurry.fr\/wordpress\/wp-json\/wp\/v2\/media?parent=7720"}],"curies":[{"name":"wp","href":"https:\/\/api.w.org\/{rel}","templated":true}]}}