{"id":761,"date":"2015-01-24T17:06:44","date_gmt":"2015-01-24T16:06:44","guid":{"rendered":"http:\/\/www.auzouvillesurry.fr\/wordpress\/?page_id=761"},"modified":"2025-11-11T18:47:16","modified_gmt":"2025-11-11T17:47:16","slug":"commercants-artisans","status":"publish","type":"page","link":"https:\/\/www.auzouvillesurry.fr\/wordpress\/vie-pratique\/commercants-artisans\/","title":{"rendered":"H\u00e9bergements, Commer\u00e7ants, Artisans, &#8230;"},"content":{"rendered":"<hr \/>\n<p style=\"text-align: left;\" align=\"CENTER\">Commer\u00e7ants, artisans, entrepreneurs, professions lib\u00e9rales, exploitants agricoles,&#8230; vous exercez votre activit\u00e9 sur le territoire de la commune, vous souhaitez vous faire conna\u00eetre, contactez la Mairie.<\/p>\n<p style=\"text-align: left;\" align=\"CENTER\"><strong><span style=\"color: #ff6600;\">Commer\u00e7ants et&nbsp;<\/span><\/strong><span style=\"color: #ff6600;\"><b>artisans&nbsp; <br \/><\/b><\/span><\/p>\n<p align=\"CENTER\">March\u00e9 tous les jeudis de 16 h 30 \u00e0 19 h sur la place de l&rsquo;\u00e9glise<\/p>\n<hr \/>\n<p align=\"LEFT\"><b>LES L\u00c9GUMES DE CYBELE<\/b><\/p>\n<p><span style=\"color: #222222;\"><span style=\"font-size: medium;\">Toute une gamme de&nbsp;<\/span><\/span><strong><span style=\"color: #222222;\"><span style=\"font-size: medium;\">fruits et l\u00e9gumes locaux, d<\/span><\/span><\/strong><span style=\"color: #222222;\"><span style=\"font-size: medium;\">es produits atypiques de notre terroir Normand tels que les&nbsp;<\/span><\/span><strong><span style=\"color: #222222;\"><span style=\"font-size: medium;\">tisanes d\u2019orties,&nbsp;<\/span><\/span><\/strong><span style=\"color: #222222;\"><span style=\"font-size: medium;\">les<\/span><\/span><strong><span style=\"color: #222222;\"><span style=\"font-size: medium;\">&nbsp;escargots<\/span><\/span><\/strong><span style=\"color: #222222;\"><span style=\"font-size: medium;\">\u2026 en passant par d\u2019autres plus classiques tels que&nbsp;<\/span><\/span><strong><span style=\"color: #222222;\"><span style=\"font-size: medium;\">fromages, confitures, cidres, bi\u00e8res<\/span><\/span><\/strong><span style=\"color: #222222;\"><span style=\"font-size: medium;\">\u2026 les festifs avec des&nbsp;<\/span><\/span><strong><span style=\"color: #222222;\"><span style=\"font-size: medium;\">b\u00fbches glac\u00e9es fermi\u00e8res<\/span><\/span><\/strong><span style=\"color: #222222;\"><span style=\"font-size: medium;\">&nbsp;et bien d\u2019autres!<\/span><\/span><\/p>\n<p><span style=\"color: #222222;\"><span style=\"font-size: medium;\"><span style=\"color: #222222; font-size: medium;\"><b>SARL VAAS &#8211; LES L\u00c9GUMES&nbsp;DE CYBELE<\/b><\/span><a style=\"color: #222222; font-size: medium; font-weight: bold;\" href=\"https:\/\/www.auzouvillesurry.fr\/wordpress\/wp-content\/uploads\/2022\/12\/cybele.png\"><img loading=\"lazy\" decoding=\"async\" class=\"size-medium wp-image-11467 alignright\" src=\"https:\/\/www.auzouvillesurry.fr\/wordpress\/wp-content\/uploads\/2022\/12\/cybele-228x300.png\" alt=\"\" width=\"228\" height=\"300\" srcset=\"https:\/\/www.auzouvillesurry.fr\/wordpress\/wp-content\/uploads\/2022\/12\/cybele-228x300.png 228w, https:\/\/www.auzouvillesurry.fr\/wordpress\/wp-content\/uploads\/2022\/12\/cybele.png 614w\" sizes=\"auto, (max-width: 228px) 100vw, 228px\" \/><\/a><\/span><\/span><strong><span style=\"color: #222222;\"><span style=\"font-size: medium;\"><br \/>641 ROUTE DE FRESNE, <br \/><\/span><\/span><\/strong><strong><span style=\"color: #222222;\"><span style=\"font-size: medium;\">76116 AUZOUVILLE SUR RY<\/span><\/span><\/strong><br \/><strong><span style=\"color: #222222;\">&nbsp;<\/span><\/strong><strong><span style=\"color: #222222;\"><span style=\"font-size: medium;\">07 67 65&nbsp; 29 24<\/span><\/span><\/strong><br \/><a href=\"mailto:mag@legumes-cybele.fr\" target=\"_blank\" rel=\"noopener\"><span style=\"color: #222222;\"><span style=\"font-size: medium;\">mag@legumes-cybele.fr <\/span><\/span><\/a><\/p>\n<p><a href=\"https:\/\/www.facebook.com\/legumescybele\" target=\"_blank\" rel=\"noopener nofollow\" class=\"external external_icon\">page facebook legumescybele<\/a><\/p>\n<p><a href=\"https:\/\/legumes-cybele.fr\/?fbclid=IwAR0eVgE0iEKL7z2UDewsrobfYNt4EvKpmBFfmlGCs-C--g_uZPrw0hzH0WU\" target=\"_blank\" rel=\"noopener nofollow\" class=\"external external_icon\">Site internet<\/a><\/p>\n<p><span style=\"color: #222222;\"><span style=\"font-size: medium;\"><u>Nos horaires <\/u><\/span><\/span><br \/><span style=\"color: #222222;\">&nbsp;<\/span><strong><span style=\"color: #222222;\"><span style=\"font-size: medium;\">Jeudi :&nbsp;&nbsp;&nbsp;&nbsp;&nbsp;&nbsp;&nbsp; 14 h 30-19 h<\/span><\/span><\/strong><br \/><strong><span style=\"color: #222222;\"><span style=\"font-size: medium;\">Vendredi&nbsp;: &nbsp;&nbsp;14 h 30-19 h<\/span><\/span><\/strong><br \/><strong><span style=\"color: #222222;\"><span style=\"font-size: medium;\">Samedi&nbsp;: &nbsp;&nbsp;&nbsp;&nbsp;&nbsp;10 h-12 h 30<\/span><\/span><\/strong><\/p>\n<p>&nbsp;<\/p>\n<hr \/>\n<p align=\"LEFT\"><strong>L&rsquo;AUBERGE DE PAPA<\/strong><\/p>\n<p align=\"LEFT\"><a href=\"https:\/\/www.auzouvillesurry.fr\/wordpress\/wp-content\/uploads\/2022\/05\/auberge.png\"><img loading=\"lazy\" decoding=\"async\" class=\"size-medium wp-image-11074 alignleft\" src=\"https:\/\/www.auzouvillesurry.fr\/wordpress\/wp-content\/uploads\/2022\/05\/auberge-212x300.png\" alt=\"\" width=\"212\" height=\"300\" srcset=\"https:\/\/www.auzouvillesurry.fr\/wordpress\/wp-content\/uploads\/2022\/05\/auberge-212x300.png 212w, https:\/\/www.auzouvillesurry.fr\/wordpress\/wp-content\/uploads\/2022\/05\/auberge.png 371w\" sizes=\"auto, (max-width: 212px) 100vw, 212px\" \/><\/a><\/p>\n<p align=\"LEFT\">&nbsp;<\/p>\n<p align=\"LEFT\"><a href=\"https:\/\/www.auzouvillesurry.fr\/wordpress\/wp-content\/uploads\/2022\/04\/auberge.png\"><img loading=\"lazy\" decoding=\"async\" class=\"wp-image-10976 alignleft\" src=\"https:\/\/www.auzouvillesurry.fr\/wordpress\/wp-content\/uploads\/2022\/04\/auberge-150x150.png\" alt=\"\" width=\"179\" height=\"179\"\/><\/a><\/p>\n<p align=\"LEFT\">&nbsp;<\/p>\n<p align=\"LEFT\"><a href=\"https:\/\/www.facebook.com\/LAuberge-de-papa-103031602257091\/?ref=page_internal\" target=\"_blank\" rel=\"noopener noreferrer nofollow\" class=\"external external_icon\">page facebook<\/a>. <span style=\"color: initial;\">02 35 91 29 76 <\/span><a class=\"oajrlxb2 g5ia77u1 qu0x051f esr5mh6w e9989ue4 r7d6kgcz rq0escxv nhd2j8a9 nc684nl6 p7hjln8o kvgmc6g5 cxmmr5t8 oygrvhab hcukyx3x jb3vyjys rz4wbd8a qt6c0cv9 a8nywdso i1ao9s8h esuyzwwr f1sip0of lzcic4wl gpro0wi8 py34i1dx\" tabindex=\"0\" role=\"link\" href=\"mailto:laubergedepapa@gmail.com\" target=\"_blank\" rel=\"noopener noreferrer\">laubergedepapa@gmail.com<\/a><\/p>\n<p>Profitez des 4 superbes chambres d&rsquo;h\u00f4tes pour d\u00e9couvrir notre r\u00e9gion<\/p>\n<p>&nbsp;<a href=\"https:\/\/www.auzouvillesurry.fr\/wordpress\/wp-content\/uploads\/2022\/04\/image2.jpeg\"><img loading=\"lazy\" decoding=\"async\" class=\" wp-image-10967 alignleft\" src=\"https:\/\/www.auzouvillesurry.fr\/wordpress\/wp-content\/uploads\/2022\/04\/image2-150x150.jpeg\" alt=\"\" width=\"176\" height=\"176\"\/><\/a><a href=\"https:\/\/www.auzouvillesurry.fr\/wordpress\/wp-content\/uploads\/2022\/04\/image4.jpeg\"><img loading=\"lazy\" decoding=\"async\" class=\"wp-image-10969 alignleft\" src=\"https:\/\/www.auzouvillesurry.fr\/wordpress\/wp-content\/uploads\/2022\/04\/image4-150x150.jpeg\" alt=\"\" width=\"172\" height=\"172\"\/><\/a><a href=\"https:\/\/www.auzouvillesurry.fr\/wordpress\/wp-content\/uploads\/2022\/04\/image3.jpeg\"><img loading=\"lazy\" decoding=\"async\" class=\"wp-image-10968 alignnone\" src=\"https:\/\/www.auzouvillesurry.fr\/wordpress\/wp-content\/uploads\/2022\/04\/image3-150x150.jpeg\" alt=\"\" width=\"173\" height=\"173\"\/><\/a><\/p>\n<p><a href=\"https:\/\/www.airbnb.fr\/users\/show\/216203240\" target=\"_blank\" rel=\"noopener noreferrer nofollow\" class=\"external external_icon\">R\u00e9servez sur airbnb<\/a><\/p>\n<hr \/>\n<p><b><span style=\"color: #222222;\"><span style=\"font-family: Times New Roman,serif;\"><span style=\"font-size: medium;\">COIFFURE A DOMICILE<br \/><\/span><\/span><\/span><\/b><b><a href=\"https:\/\/www.auzouvillesurry.fr\/wordpress\/wp-content\/uploads\/Logo\/cartevallot2.jpg\"><img loading=\"lazy\" decoding=\"async\" class=\"size-medium wp-image-768 alignleft\" src=\"https:\/\/www.auzouvillesurry.fr\/wordpress\/wp-content\/uploads\/Logo\/cartevallot2-300x193.jpg\" alt=\"cartevallot2\" width=\"300\" height=\"193\" srcset=\"https:\/\/www.auzouvillesurry.fr\/wordpress\/wp-content\/uploads\/Logo\/cartevallot2-300x193.jpg 300w, https:\/\/www.auzouvillesurry.fr\/wordpress\/wp-content\/uploads\/Logo\/cartevallot2.jpg 988w\" sizes=\"auto, (max-width: 300px) 100vw, 300px\" \/><\/a><\/b><span style=\"color: #222222;\"><span style=\"font-family: Times New Roman,serif;\"><span style=\"font-size: medium;\">Beno\u00eet Vallot<br \/>9, Impasse du Manoir, 76116 Auzouville sur Ry<br \/>T\u00e9l\u00e9phone 06 21 14 32 41<\/span><\/span><\/span><\/p>\n<p>&nbsp;<\/p>\n<p>&nbsp;<\/p>\n<p>&nbsp;<\/p>\n<hr \/>\n<p><!-----------------Taxi---------------------><\/p>\n<p><strong>TAXI<\/strong><br \/>Taxi Eure Seine 06.23.13.01.30 <a href=\"https:\/\/www.auzouvillesurry.fr\/wordpress\/wp-content\/uploads\/2025\/08\/taxis.png\"><img loading=\"lazy\" decoding=\"async\" class=\"wp-image-13409 alignleft\" src=\"https:\/\/www.auzouvillesurry.fr\/wordpress\/wp-content\/uploads\/2025\/08\/taxis.png\" alt=\"\" width=\"307\" height=\"180\" srcset=\"https:\/\/www.auzouvillesurry.fr\/wordpress\/wp-content\/uploads\/2025\/08\/taxis.png 733w, https:\/\/www.auzouvillesurry.fr\/wordpress\/wp-content\/uploads\/2025\/08\/taxis-300x176.png 300w\" sizes=\"auto, (max-width: 307px) 100vw, 307px\" \/><\/a><\/p>\n<p>&nbsp;<\/p>\n<p>&nbsp;<\/p>\n<p>&nbsp;<\/p>\n<p>&nbsp;<\/p>\n<hr \/>\n<p><strong>M.E.G MASSOL&nbsp;\u00c9LECTRICIT\u00c9&nbsp;<\/strong><b>G\u00c9N\u00c9RALE<\/b><br \/><a href=\"https:\/\/www.auzouvillesurry.fr\/wordpress\/wp-content\/uploads\/Logo\/meg.png\"><img loading=\"lazy\" decoding=\"async\" class=\" wp-image-4941 alignright\" src=\"https:\/\/www.auzouvillesurry.fr\/wordpress\/wp-content\/uploads\/Logo\/meg-300x189.png\" alt=\"\" width=\"268\" height=\"169\" srcset=\"https:\/\/www.auzouvillesurry.fr\/wordpress\/wp-content\/uploads\/Logo\/meg-300x189.png 300w, https:\/\/www.auzouvillesurry.fr\/wordpress\/wp-content\/uploads\/Logo\/meg.png 317w\" sizes=\"auto, (max-width: 268px) 100vw, 268px\" \/><\/a>Neuf, R\u00e9novation, D\u00e9pannage<br \/>Devis gratuit<br \/>T\u00e9l\u00e9phone 06 16 87 24 75<br \/>Mail massol.sylvain@neuf.fr<br \/>76116 Auzouville sur Ry<\/p>\n<p>&nbsp;<\/p>\n<hr \/>\n\n\n<h2 class=\"wp-block-heading\"><strong><span style=\"color: #ff6600;\">Commer\u00e7ants ambulants<\/span><\/strong><\/h2>\n\n\n<hr \/>\n\n\n<p>Un mardi soir tous les deux semaines <br \/><strong>Le tacot Burger <\/strong>sur la place de l&rsquo;\u00e9glise en fin d&rsquo;apr\u00e8s midi   <\/p>\n\n\n\n<figure class=\"wp-block-image size-full is-resized is-style-default\"><img loading=\"lazy\" decoding=\"async\" width=\"110\" height=\"143\" src=\"https:\/\/www.auzouvillesurry.fr\/wordpress\/wp-content\/uploads\/2023\/01\/image.png\" alt=\"\" class=\"wp-image-11532\" style=\"width:144px;height:auto\"\/><\/figure>\n\n\n\n<p><br \/>Passez vos commandes au 07 81 41 87 27<br \/><a rel=\"noreferrer noopener nofollow\" href=\"https:\/\/letacotburger.com\/\" target=\"_blank\" class=\"external external_icon\">https:\/\/letacotburger.com\/<\/a> <br \/><a href=\"mailto:contact@letacotburger.com\">contact@letacotburger.com<\/a><\/p>\n\n\n<hr \/>\n\n\n<p>Tous les dimanches soir<br \/><strong>Pizza village 76<\/strong><br \/>Passez vos commandes au 07 51 38 16 77<\/p>\n\n\n\n<figure class=\"wp-block-image size-full is-resized\"><img loading=\"lazy\" decoding=\"async\" width=\"279\" height=\"120\" src=\"https:\/\/www.auzouvillesurry.fr\/wordpress\/wp-content\/uploads\/2023\/01\/pizza.png\" alt=\"\" class=\"wp-image-11542\" style=\"width:435px;height:auto\"\/><\/figure>\n\n\n<hr \/>\n\n\n<p>Tout les mercredis<br \/><strong>Thomas votre poissonnier \u00e0 domicile<\/strong> <\/p>\n\n\n\n<figure class=\"wp-block-image size-full\"><img loading=\"lazy\" decoding=\"async\" width=\"424\" height=\"628\" src=\"https:\/\/www.auzouvillesurry.fr\/wordpress\/wp-content\/uploads\/2025\/08\/poisson.png\" alt=\"\" class=\"wp-image-13399\" srcset=\"https:\/\/www.auzouvillesurry.fr\/wordpress\/wp-content\/uploads\/2025\/08\/poisson.png 424w, https:\/\/www.auzouvillesurry.fr\/wordpress\/wp-content\/uploads\/2025\/08\/poisson-203x300.png 203w\" sizes=\"auto, (max-width: 424px) 100vw, 424px\" \/><\/figure>\n\n\n\n<p><\/p>\n\n\n\n<p><\/p>\n\n\n\n<p><\/p>\n","protected":false},"excerpt":{"rendered":"<p>Commer\u00e7ants, artisans, entrepreneurs, professions lib\u00e9rales, exploitants agricoles,&#8230; vous exercez votre activit\u00e9 sur le territoire de la commune, vous souhaitez vous faire conna\u00eetre, contactez la Mairie. Commer\u00e7ants et&nbsp;artisans&nbsp; March\u00e9 tous les jeudis de 16 h 30 \u00e0 19 h sur la place de l&rsquo;\u00e9glise LES L\u00c9GUMES DE CYBELE Toute une gamme de&nbsp;fruits et l\u00e9gumes locaux, des [&hellip;]<\/p>\n","protected":false},"author":1,"featured_media":0,"parent":101,"menu_order":0,"comment_status":"closed","ping_status":"open","template":"","meta":{"ngg_post_thumbnail":0,"footnotes":""},"class_list":["post-761","page","type-page","status-publish","hentry"],"_links":{"self":[{"href":"https:\/\/www.auzouvillesurry.fr\/wordpress\/wp-json\/wp\/v2\/pages\/761","targetHints":{"allow":["GET"]}}],"collection":[{"href":"https:\/\/www.auzouvillesurry.fr\/wordpress\/wp-json\/wp\/v2\/pages"}],"about":[{"href":"https:\/\/www.auzouvillesurry.fr\/wordpress\/wp-json\/wp\/v2\/types\/page"}],"author":[{"embeddable":true,"href":"https:\/\/www.auzouvillesurry.fr\/wordpress\/wp-json\/wp\/v2\/users\/1"}],"replies":[{"embeddable":true,"href":"https:\/\/www.auzouvillesurry.fr\/wordpress\/wp-json\/wp\/v2\/comments?post=761"}],"version-history":[{"count":68,"href":"https:\/\/www.auzouvillesurry.fr\/wordpress\/wp-json\/wp\/v2\/pages\/761\/revisions"}],"predecessor-version":[{"id":13526,"href":"https:\/\/www.auzouvillesurry.fr\/wordpress\/wp-json\/wp\/v2\/pages\/761\/revisions\/13526"}],"up":[{"embeddable":true,"href":"https:\/\/www.auzouvillesurry.fr\/wordpress\/wp-json\/wp\/v2\/pages\/101"}],"wp:attachment":[{"href":"https:\/\/www.auzouvillesurry.fr\/wordpress\/wp-json\/wp\/v2\/media?parent=761"}],"curies":[{"name":"wp","href":"https:\/\/api.w.org\/{rel}","templated":true}]}}