{"id":7582,"date":"2018-05-06T20:19:39","date_gmt":"2018-05-06T19:19:39","guid":{"rendered":"http:\/\/www.auzouvillesurry.fr\/wordpress\/?page_id=7582"},"modified":"2018-05-11T19:48:45","modified_gmt":"2018-05-11T18:48:45","slug":"the-dansant-du-15-avril2018","status":"publish","type":"page","link":"https:\/\/www.auzouvillesurry.fr\/wordpress\/vie-associative\/les-bons-amis\/the-dansant-du-15-avril2018\/","title":{"rendered":"Th\u00e9 dansant du 15 avril 2018"},"content":{"rendered":"<p>Le 15 avril le club des bons amis a organis\u00e9 une apr\u00e8s midi dansante qui a r\u00e9uni pr\u00e8s de 90 danseurs autour de Patrick Perdrix et ses musiciens. La soir\u00e9e s&rsquo;est termin\u00e9e en dansant autour d&rsquo;une assiette anglaise.<\/p>ngg_shortcode_0_placeholder","protected":false},"excerpt":{"rendered":"<p>Le 15 avril le club des bons amis a organis\u00e9 une apr\u00e8s midi dansante qui a r\u00e9uni pr\u00e8s de 90 danseurs autour de Patrick Perdrix et ses musiciens. La soir\u00e9e s&rsquo;est termin\u00e9e en dansant autour d&rsquo;une assiette anglaise.<\/p>\n","protected":false},"author":1,"featured_media":0,"parent":310,"menu_order":0,"comment_status":"closed","ping_status":"closed","template":"","meta":{"ngg_post_thumbnail":0,"iawp_total_views":0,"footnotes":""},"class_list":["post-7582","page","type-page","status-publish","hentry"],"_links":{"self":[{"href":"https:\/\/www.auzouvillesurry.fr\/wordpress\/wp-json\/wp\/v2\/pages\/7582","targetHints":{"allow":["GET"]}}],"collection":[{"href":"https:\/\/www.auzouvillesurry.fr\/wordpress\/wp-json\/wp\/v2\/pages"}],"about":[{"href":"https:\/\/www.auzouvillesurry.fr\/wordpress\/wp-json\/wp\/v2\/types\/page"}],"author":[{"embeddable":true,"href":"https:\/\/www.auzouvillesurry.fr\/wordpress\/wp-json\/wp\/v2\/users\/1"}],"replies":[{"embeddable":true,"href":"https:\/\/www.auzouvillesurry.fr\/wordpress\/wp-json\/wp\/v2\/comments?post=7582"}],"version-history":[{"count":4,"href":"https:\/\/www.auzouvillesurry.fr\/wordpress\/wp-json\/wp\/v2\/pages\/7582\/revisions"}],"predecessor-version":[{"id":7601,"href":"https:\/\/www.auzouvillesurry.fr\/wordpress\/wp-json\/wp\/v2\/pages\/7582\/revisions\/7601"}],"up":[{"embeddable":true,"href":"https:\/\/www.auzouvillesurry.fr\/wordpress\/wp-json\/wp\/v2\/pages\/310"}],"wp:attachment":[{"href":"https:\/\/www.auzouvillesurry.fr\/wordpress\/wp-json\/wp\/v2\/media?parent=7582"}],"curies":[{"name":"wp","href":"https:\/\/api.w.org\/{rel}","templated":true}]}}