{"id":74,"date":"2014-10-29T21:34:20","date_gmt":"2014-10-29T20:34:20","guid":{"rendered":"http:\/\/www.auzouvillesurry.fr\/wordpress\/?page_id=74"},"modified":"2023-08-28T19:45:22","modified_gmt":"2023-08-28T18:45:22","slug":"les-horaires-de-permanences","status":"publish","type":"page","link":"https:\/\/www.auzouvillesurry.fr\/wordpress\/vie-municipale-2\/les-horaires-de-permanences\/","title":{"rendered":"Les horaires de permanences"},"content":{"rendered":"<div class=\"entry-content\">\n<p style=\"text-align: center;\">Le Secr\u00e9tariat de mairie est ouvert<\/p>\n<p style=\"text-align: center;\"><strong>Mardi de 9 h \u00e0 11 h et de 17h30 \u00e0 19 heures<br \/>\nJeudi de 17h30 \u00e0 19 heures<br \/>\nSamedi de 10 h \u00e0 12 h<\/strong><\/p>\n<p style=\"text-align: center;\"><strong>T\u00e9l\u00e9phone : 02 35 23 40 67<br \/>\nCourriel : <\/strong><span style=\"text-decoration: underline;\"><span style=\"color: #3366ff; text-decoration: underline;\">mairie@auzouvillesurry.fr<\/span><strong><br \/>\n<\/strong><\/span><\/p>\n<p style=\"text-align: center;\">&nbsp;La pr\u00e9sence des \u00e9lus est fr\u00e9quente pendant ces horaires d\u2019ouverture.<br \/>\nPour les rencontrer, il est pr\u00e9f\u00e9rable de prendre rendez-vous.<br \/>\nUne permanence d\u2019\u00e9lus est assur\u00e9e le mardi soir de 18 h \u00e0 19 h.<\/p>\n<p style=\"text-align: center;\">Pendant les vacances d&rsquo;\u00e9t\u00e9 le secr\u00e9tariat est ferm\u00e9 le samedi de mi juillet a mi ao\u00fbt.<\/p>\n<\/div>\n","protected":false},"excerpt":{"rendered":"<p>Le Secr\u00e9tariat de mairie est ouvert Mardi de 9 h \u00e0 11 h et de 17h30 \u00e0 19 heures Jeudi de 17h30 \u00e0 19 heures Samedi de 10 h \u00e0 12 h T\u00e9l\u00e9phone : 02 35 23 40 67 Courriel : mairie@auzouvillesurry.fr &nbsp;La pr\u00e9sence des \u00e9lus est fr\u00e9quente pendant ces horaires d\u2019ouverture. Pour les rencontrer, [&hellip;]<\/p>\n","protected":false},"author":1,"featured_media":0,"parent":145,"menu_order":5,"comment_status":"closed","ping_status":"open","template":"","meta":{"ngg_post_thumbnail":0,"footnotes":""},"class_list":["post-74","page","type-page","status-publish","hentry"],"_links":{"self":[{"href":"https:\/\/www.auzouvillesurry.fr\/wordpress\/wp-json\/wp\/v2\/pages\/74","targetHints":{"allow":["GET"]}}],"collection":[{"href":"https:\/\/www.auzouvillesurry.fr\/wordpress\/wp-json\/wp\/v2\/pages"}],"about":[{"href":"https:\/\/www.auzouvillesurry.fr\/wordpress\/wp-json\/wp\/v2\/types\/page"}],"author":[{"embeddable":true,"href":"https:\/\/www.auzouvillesurry.fr\/wordpress\/wp-json\/wp\/v2\/users\/1"}],"replies":[{"embeddable":true,"href":"https:\/\/www.auzouvillesurry.fr\/wordpress\/wp-json\/wp\/v2\/comments?post=74"}],"version-history":[{"count":5,"href":"https:\/\/www.auzouvillesurry.fr\/wordpress\/wp-json\/wp\/v2\/pages\/74\/revisions"}],"predecessor-version":[{"id":12264,"href":"https:\/\/www.auzouvillesurry.fr\/wordpress\/wp-json\/wp\/v2\/pages\/74\/revisions\/12264"}],"up":[{"embeddable":true,"href":"https:\/\/www.auzouvillesurry.fr\/wordpress\/wp-json\/wp\/v2\/pages\/145"}],"wp:attachment":[{"href":"https:\/\/www.auzouvillesurry.fr\/wordpress\/wp-json\/wp\/v2\/media?parent=74"}],"curies":[{"name":"wp","href":"https:\/\/api.w.org\/{rel}","templated":true}]}}