{"id":7254,"date":"2017-12-13T14:42:22","date_gmt":"2017-12-13T13:42:22","guid":{"rendered":"http:\/\/www.auzouvillesurry.fr\/wordpress\/?page_id=7254"},"modified":"2017-12-13T14:47:24","modified_gmt":"2017-12-13T13:47:24","slug":"spectacle-de-noel-du-9-decembre-2017","status":"publish","type":"page","link":"https:\/\/www.auzouvillesurry.fr\/wordpress\/vie-associative\/animation-village\/spectacle-de-noel-du-9-decembre-2017\/","title":{"rendered":"Spectacle de No\u00ebl du 9 d\u00e9cembre 2017"},"content":{"rendered":"<p>&nbsp;<br \/>\nComme chaque ann\u00e9e, petits et grands sont venus nombreux pour assister au spectacle pr\u00e9par\u00e9 avec les enfants par des b\u00e9n\u00e9voles toujours aussi motiv\u00e9s et inventifs. Les Clowns ont d\u00e9clench\u00e9 les rires des enfants. La journ\u00e9e n&rsquo;aurait pas \u00e9t\u00e9 compl\u00e8te sans la venue su p\u00e8re No\u00ebl et de sa hotte toujours aussi remplie.<br \/>\nEncore bravo \u00e0 tous les acteurs de ce beau spectacle et \u00e0 l&rsquo;\u00e9quipe organisatrice.<\/p>\n<p>&nbsp;<\/p>ngg_shortcode_0_placeholder","protected":false},"excerpt":{"rendered":"<p>&nbsp; Comme chaque ann\u00e9e, petits et grands sont venus nombreux pour assister au spectacle pr\u00e9par\u00e9 avec les enfants par des b\u00e9n\u00e9voles toujours aussi motiv\u00e9s et inventifs. Les Clowns ont d\u00e9clench\u00e9 les rires des enfants. La journ\u00e9e n&rsquo;aurait pas \u00e9t\u00e9 compl\u00e8te sans la venue su p\u00e8re No\u00ebl et de sa hotte toujours aussi remplie. Encore bravo [&hellip;]<\/p>\n","protected":false},"author":1,"featured_media":0,"parent":876,"menu_order":0,"comment_status":"closed","ping_status":"closed","template":"","meta":{"ngg_post_thumbnail":0,"iawp_total_views":0,"footnotes":""},"class_list":["post-7254","page","type-page","status-publish","hentry"],"_links":{"self":[{"href":"https:\/\/www.auzouvillesurry.fr\/wordpress\/wp-json\/wp\/v2\/pages\/7254","targetHints":{"allow":["GET"]}}],"collection":[{"href":"https:\/\/www.auzouvillesurry.fr\/wordpress\/wp-json\/wp\/v2\/pages"}],"about":[{"href":"https:\/\/www.auzouvillesurry.fr\/wordpress\/wp-json\/wp\/v2\/types\/page"}],"author":[{"embeddable":true,"href":"https:\/\/www.auzouvillesurry.fr\/wordpress\/wp-json\/wp\/v2\/users\/1"}],"replies":[{"embeddable":true,"href":"https:\/\/www.auzouvillesurry.fr\/wordpress\/wp-json\/wp\/v2\/comments?post=7254"}],"version-history":[{"count":2,"href":"https:\/\/www.auzouvillesurry.fr\/wordpress\/wp-json\/wp\/v2\/pages\/7254\/revisions"}],"predecessor-version":[{"id":7257,"href":"https:\/\/www.auzouvillesurry.fr\/wordpress\/wp-json\/wp\/v2\/pages\/7254\/revisions\/7257"}],"up":[{"embeddable":true,"href":"https:\/\/www.auzouvillesurry.fr\/wordpress\/wp-json\/wp\/v2\/pages\/876"}],"wp:attachment":[{"href":"https:\/\/www.auzouvillesurry.fr\/wordpress\/wp-json\/wp\/v2\/media?parent=7254"}],"curies":[{"name":"wp","href":"https:\/\/api.w.org\/{rel}","templated":true}]}}