{"id":72,"date":"2014-10-29T21:31:45","date_gmt":"2014-10-29T20:31:45","guid":{"rendered":"http:\/\/www.auzouvillesurry.fr\/wordpress\/?page_id=72"},"modified":"2020-07-14T12:56:34","modified_gmt":"2020-07-14T11:56:34","slug":"72-2","status":"publish","type":"page","link":"https:\/\/www.auzouvillesurry.fr\/wordpress\/intercommunalite\/72-2\/","title":{"rendered":"SYBA"},"content":{"rendered":"<div class=\"entry-content\">\n<p><strong>La commune au SYBA est repr\u00e9sent\u00e9e par l&rsquo;interm\u00e9diaire de la communaut\u00e9 de communes<\/strong><\/p>\n<p>Le <strong>SY<\/strong>ndicat des&nbsp;<strong>B<\/strong>assins versants de l\u2019<strong>A<\/strong>ndelle&nbsp;a pour objet l\u2019\u00e9tude, l\u2019am\u00e9nagement et l\u2019entretien des bassins versant de l\u2019Andelle, du Crevon et du H\u00e9ron et des rivi\u00e8res de l\u2019Andelle, du H\u00e9ron sur le territoire des collectivit\u00e9s adh\u00e9rentes.<\/p>\n<p>Le SYMAC, cr\u00e9\u00e9 en 2000,&nbsp;regroupe 55 communes r\u00e9parties sur 400 kilom\u00e8tres carr\u00e9s. Depuis 2005, le syndicat a r\u00e9alis\u00e9 57 ouvrages de r\u00e9gulation des ruissellements et de lutte contre les inondations et l\u2019\u00e9rosion.<br \/>\nEn 2019 le syndicat a fusionn\u00e9 avec le <strong>SY<\/strong>ndicat de la <strong>B<\/strong>asse <strong>A<\/strong>ndelle. Il regroupe d\u00e9sormais 105 communes repr\u00e9sent\u00e9es au sein du syndicat par les communaut\u00e9s de communes.<\/p>\n<h2 class=\"western\"><a name=\"cc-m-header-6316964852\"><\/a>Coordonn\u00e9es du SYBA<\/h2>\n<p>12 route de la Capelle<\/p>\n<p>76780 CROISY SUR ANDELLE<br \/>\nT\u00e9l. : 02.35.23.52.57<br \/>\nFax : 02.35.02.02.67<\/p>\n<p>Email : <a href=\"mailto:symac@9online.fr\">symac@9online.fr<\/a><\/p>\n<\/div>\n","protected":false},"excerpt":{"rendered":"<p>La commune au SYBA est repr\u00e9sent\u00e9e par l&rsquo;interm\u00e9diaire de la communaut\u00e9 de communes Le SYndicat des&nbsp;Bassins versants de l\u2019Andelle&nbsp;a pour objet l\u2019\u00e9tude, l\u2019am\u00e9nagement et l\u2019entretien des bassins versant de l\u2019Andelle, du Crevon et du H\u00e9ron et des rivi\u00e8res de l\u2019Andelle, du H\u00e9ron sur le territoire des collectivit\u00e9s adh\u00e9rentes. Le SYMAC, cr\u00e9\u00e9 en 2000,&nbsp;regroupe 55 communes [&hellip;]<\/p>\n","protected":false},"author":1,"featured_media":0,"parent":284,"menu_order":7,"comment_status":"closed","ping_status":"open","template":"","meta":{"ngg_post_thumbnail":0,"footnotes":""},"class_list":["post-72","page","type-page","status-publish","hentry"],"_links":{"self":[{"href":"https:\/\/www.auzouvillesurry.fr\/wordpress\/wp-json\/wp\/v2\/pages\/72","targetHints":{"allow":["GET"]}}],"collection":[{"href":"https:\/\/www.auzouvillesurry.fr\/wordpress\/wp-json\/wp\/v2\/pages"}],"about":[{"href":"https:\/\/www.auzouvillesurry.fr\/wordpress\/wp-json\/wp\/v2\/types\/page"}],"author":[{"embeddable":true,"href":"https:\/\/www.auzouvillesurry.fr\/wordpress\/wp-json\/wp\/v2\/users\/1"}],"replies":[{"embeddable":true,"href":"https:\/\/www.auzouvillesurry.fr\/wordpress\/wp-json\/wp\/v2\/comments?post=72"}],"version-history":[{"count":7,"href":"https:\/\/www.auzouvillesurry.fr\/wordpress\/wp-json\/wp\/v2\/pages\/72\/revisions"}],"predecessor-version":[{"id":13169,"href":"https:\/\/www.auzouvillesurry.fr\/wordpress\/wp-json\/wp\/v2\/pages\/72\/revisions\/13169"}],"up":[{"embeddable":true,"href":"https:\/\/www.auzouvillesurry.fr\/wordpress\/wp-json\/wp\/v2\/pages\/284"}],"wp:attachment":[{"href":"https:\/\/www.auzouvillesurry.fr\/wordpress\/wp-json\/wp\/v2\/media?parent=72"}],"curies":[{"name":"wp","href":"https:\/\/api.w.org\/{rel}","templated":true}]}}