{"id":7175,"date":"2017-11-27T13:13:25","date_gmt":"2017-11-27T12:13:25","guid":{"rendered":"http:\/\/www.auzouvillesurry.fr\/wordpress\/?page_id=7175"},"modified":"2018-01-13T14:24:44","modified_gmt":"2018-01-13T13:24:44","slug":"repas-du-club-des-bons-amis-du-25-novembre-2017","status":"publish","type":"page","link":"https:\/\/www.auzouvillesurry.fr\/wordpress\/vie-associative\/les-bons-amis\/repas-du-club-des-bons-amis-du-25-novembre-2017\/","title":{"rendered":"Repas du club des bons amis du 25 novembre 2017"},"content":{"rendered":"<p>Apr\u00e8s quelques mots de bienvenue prononc\u00e9s par Henri Honnet, pr\u00e9sident du club, et d&rsquo;Annie Jegat, Maire, les convives ont pu d\u00e9guster la tarte chaude au boudin blanc suivi d&rsquo;une pintade farcie aux marrons pr\u00e9par\u00e9s par Fran\u00e7oise Desombre.&nbsp;<\/p>ngg_shortcode_0_placeholder","protected":false},"excerpt":{"rendered":"<p>Apr\u00e8s quelques mots de bienvenue prononc\u00e9s par Henri Honnet, pr\u00e9sident du club, et d&rsquo;Annie Jegat, Maire, les convives ont pu d\u00e9guster la tarte chaude au boudin blanc suivi d&rsquo;une pintade farcie aux marrons pr\u00e9par\u00e9s par Fran\u00e7oise Desombre.&nbsp;<\/p>\n","protected":false},"author":1,"featured_media":0,"parent":310,"menu_order":0,"comment_status":"closed","ping_status":"closed","template":"","meta":{"ngg_post_thumbnail":0,"iawp_total_views":2,"footnotes":""},"class_list":["post-7175","page","type-page","status-publish","hentry"],"_links":{"self":[{"href":"https:\/\/www.auzouvillesurry.fr\/wordpress\/wp-json\/wp\/v2\/pages\/7175","targetHints":{"allow":["GET"]}}],"collection":[{"href":"https:\/\/www.auzouvillesurry.fr\/wordpress\/wp-json\/wp\/v2\/pages"}],"about":[{"href":"https:\/\/www.auzouvillesurry.fr\/wordpress\/wp-json\/wp\/v2\/types\/page"}],"author":[{"embeddable":true,"href":"https:\/\/www.auzouvillesurry.fr\/wordpress\/wp-json\/wp\/v2\/users\/1"}],"replies":[{"embeddable":true,"href":"https:\/\/www.auzouvillesurry.fr\/wordpress\/wp-json\/wp\/v2\/comments?post=7175"}],"version-history":[{"count":4,"href":"https:\/\/www.auzouvillesurry.fr\/wordpress\/wp-json\/wp\/v2\/pages\/7175\/revisions"}],"predecessor-version":[{"id":7295,"href":"https:\/\/www.auzouvillesurry.fr\/wordpress\/wp-json\/wp\/v2\/pages\/7175\/revisions\/7295"}],"up":[{"embeddable":true,"href":"https:\/\/www.auzouvillesurry.fr\/wordpress\/wp-json\/wp\/v2\/pages\/310"}],"wp:attachment":[{"href":"https:\/\/www.auzouvillesurry.fr\/wordpress\/wp-json\/wp\/v2\/media?parent=7175"}],"curies":[{"name":"wp","href":"https:\/\/api.w.org\/{rel}","templated":true}]}}