{"id":7106,"date":"2017-11-21T21:56:13","date_gmt":"2017-11-21T20:56:13","guid":{"rendered":"http:\/\/www.auzouvillesurry.fr\/wordpress\/?page_id=7106"},"modified":"2017-11-21T21:57:44","modified_gmt":"2017-11-21T20:57:44","slug":"spectacle-du-club-des-bons-amis-du-19-novembre-2017","status":"publish","type":"page","link":"https:\/\/www.auzouvillesurry.fr\/wordpress\/vie-associative\/les-bons-amis\/spectacle-du-club-des-bons-amis-du-19-novembre-2017\/","title":{"rendered":"Spectacle du club des Bons Amis du 19 novembre 2017"},"content":{"rendered":"<p>La salle polyvalente a r\u00e9sonn\u00e9 des rires du public pendant la repr\u00e9sentation de \u00ab\u00a0ciel ma femme\u00a0\u00bb un vaudeville interpr\u00e9t\u00e9 par des acteurs locaux, avant d&rsquo;appr\u00e9cier les chants entonn\u00e9s par la chorale \u00ab\u00a0Ensemble de Saint Sa\u00ebns\u00a0\u00bb<\/p>ngg_shortcode_0_placeholder","protected":false},"excerpt":{"rendered":"<p>La salle polyvalente a r\u00e9sonn\u00e9 des rires du public pendant la repr\u00e9sentation de \u00ab\u00a0ciel ma femme\u00a0\u00bb un vaudeville interpr\u00e9t\u00e9 par des acteurs locaux, avant d&rsquo;appr\u00e9cier les chants entonn\u00e9s par la chorale \u00ab\u00a0Ensemble de Saint Sa\u00ebns\u00a0\u00bb<\/p>\n","protected":false},"author":1,"featured_media":0,"parent":310,"menu_order":0,"comment_status":"closed","ping_status":"closed","template":"","meta":{"ngg_post_thumbnail":0,"footnotes":""},"class_list":["post-7106","page","type-page","status-publish","hentry"],"_links":{"self":[{"href":"https:\/\/www.auzouvillesurry.fr\/wordpress\/wp-json\/wp\/v2\/pages\/7106","targetHints":{"allow":["GET"]}}],"collection":[{"href":"https:\/\/www.auzouvillesurry.fr\/wordpress\/wp-json\/wp\/v2\/pages"}],"about":[{"href":"https:\/\/www.auzouvillesurry.fr\/wordpress\/wp-json\/wp\/v2\/types\/page"}],"author":[{"embeddable":true,"href":"https:\/\/www.auzouvillesurry.fr\/wordpress\/wp-json\/wp\/v2\/users\/1"}],"replies":[{"embeddable":true,"href":"https:\/\/www.auzouvillesurry.fr\/wordpress\/wp-json\/wp\/v2\/comments?post=7106"}],"version-history":[{"count":1,"href":"https:\/\/www.auzouvillesurry.fr\/wordpress\/wp-json\/wp\/v2\/pages\/7106\/revisions"}],"predecessor-version":[{"id":7107,"href":"https:\/\/www.auzouvillesurry.fr\/wordpress\/wp-json\/wp\/v2\/pages\/7106\/revisions\/7107"}],"up":[{"embeddable":true,"href":"https:\/\/www.auzouvillesurry.fr\/wordpress\/wp-json\/wp\/v2\/pages\/310"}],"wp:attachment":[{"href":"https:\/\/www.auzouvillesurry.fr\/wordpress\/wp-json\/wp\/v2\/media?parent=7106"}],"curies":[{"name":"wp","href":"https:\/\/api.w.org\/{rel}","templated":true}]}}