{"id":70,"date":"2014-10-29T21:28:38","date_gmt":"2014-10-29T20:28:38","guid":{"rendered":"http:\/\/www.auzouvillesurry.fr\/wordpress\/?page_id=70"},"modified":"2022-11-06T17:21:41","modified_gmt":"2022-11-06T16:21:41","slug":"sivos-syndicat-intercommunal-a-vocation-scolaire","status":"publish","type":"page","link":"https:\/\/www.auzouvillesurry.fr\/wordpress\/intercommunalite\/sivos-syndicat-intercommunal-a-vocation-scolaire\/","title":{"rendered":"SIVOS"},"content":{"rendered":"<header class=\"entry-header\">\n<h1 class=\"entry-title\">Syndicat intercommunal \u00e0 vocation scolaire<\/h1>\n<\/header>\n<header class=\"entry-header\">\n<h1 class=\"entry-title\">&nbsp;<\/h1>\n<\/header>\n<div class=\"entry-content\">\n<p align=\"justify\"><strong>JEGAT Annie, HUNKELER Christine, QUIESSE Dominique, VIRAPIN St\u00e9phane,&nbsp;LEFEBVRE C\u00e9line (suppl\u00e9ante)&nbsp;si\u00e8gent au SIVOS<\/strong><\/p>\n<\/div>\n<header class=\"entry-header\">\n<h1 class=\"entry-title\"><span style=\"text-decoration: underline;\"><span style=\"color: #ff950e;\"><span style=\"font-size: x-large;\"><b><span style=\"color: #ff6600; text-decoration: underline;\">Pr\u00e9sentation du syndicat <\/span><\/b><\/span><\/span><\/span><\/h1>\n<\/header>\n<div class=\"entry-content\">\n<p align=\"JUSTIFY\">&nbsp;C\u2019est en 1972, \u00e0 l\u2019initiative des 3 directeurs d\u2019\u00e9cole et des 3 Maires que naquit notre RPI, regroupant les classes d\u2019Auzouville-Sur-Ry, Martainville-Epreville et Servaville-Salmonville.<\/p>\n<p align=\"JUSTIFY\">C\u2019\u00e9tait le deuxi\u00e8me du D\u00e9partement. En m\u00eame temps se cr\u00e9ait le SIVOS, Syndicat Intercommunal \u00e0 vocation scolaire dit de la R\u00e9gion de Martainville qui a pour objet:<\/p>\n<p align=\"JUSTIFY\">\u2022 le transport scolaire en liaison avec le D\u00e9partement,<br \/>\n\u2022 la cantine scolaire,<br \/>\n\u2022 les activit\u00e9s p\u00e9ri-scolaires et post-scolaires,<br \/>\n\u2022 les frais des personnels attach\u00e9s aux \u00e9coles, pour les comp\u00e9tences exerc\u00e9es par le SIVOS,<br \/>\n\u2022 l\u2019aide aux classes de d\u00e9couvertes sous forme de subventions.<br \/>\n\u2022 les fournitures scolaires,<br \/>\n\u2022 les d\u00e9penses d\u2019acquisition du mobilier dans le respect des conditions \u00e9num\u00e9r\u00e9es \u00e0 l\u2019article 8<\/p>\n<p align=\"JUSTIFY\">Par contre, chaque commune&nbsp; a gard\u00e9 la gestion des investissements (travaux sur b\u00e2timents, constructions).<\/p>\n<p style=\"padding-left: 30px;\">Secr\u00e9taire : Mme COUFOURIER (02.35.02.19.11)<br \/>\n<a href=\"http:\/\/www.sivosmartainville.fr\" target=\"_blank\" rel=\"noopener nofollow\" class=\"external external_icon\">Site Internet du SIVOS<\/a><\/p>\n<p align=\"JUSTIFY\">Le Regroupement P\u00e9dagogique Intercommunal ou RPI concerne la vie scolaire proprement dite. Alors que le SIVOS est du ressort des \u00e9lus, le RPI lui est le domaine des enseignants. A eux la r\u00e9partition des cours, la mise en \u0153uvre des programmes et des projets d\u2019\u00e9cole, la p\u00e9dagogie, les Conseils d\u2019\u00e9cole, les relations avec les parents\u2026. Chaque directeur ou directrice est responsable de son \u00e9cole.<\/p>\n<p align=\"JUSTIFY\">&nbsp;<\/p>\n<\/div>\n","protected":false},"excerpt":{"rendered":"<p>Syndicat intercommunal \u00e0 vocation scolaire &nbsp; JEGAT Annie, HUNKELER Christine, QUIESSE Dominique, VIRAPIN St\u00e9phane,&nbsp;LEFEBVRE C\u00e9line (suppl\u00e9ante)&nbsp;si\u00e8gent au SIVOS Pr\u00e9sentation du syndicat &nbsp;C\u2019est en 1972, \u00e0 l\u2019initiative des 3 directeurs d\u2019\u00e9cole et des 3 Maires que naquit notre RPI, regroupant les classes d\u2019Auzouville-Sur-Ry, Martainville-Epreville et Servaville-Salmonville. C\u2019\u00e9tait le deuxi\u00e8me du D\u00e9partement. En m\u00eame temps se cr\u00e9ait [&hellip;]<\/p>\n","protected":false},"author":1,"featured_media":0,"parent":284,"menu_order":2,"comment_status":"closed","ping_status":"open","template":"","meta":{"ngg_post_thumbnail":0,"footnotes":""},"class_list":["post-70","page","type-page","status-publish","hentry"],"_links":{"self":[{"href":"https:\/\/www.auzouvillesurry.fr\/wordpress\/wp-json\/wp\/v2\/pages\/70","targetHints":{"allow":["GET"]}}],"collection":[{"href":"https:\/\/www.auzouvillesurry.fr\/wordpress\/wp-json\/wp\/v2\/pages"}],"about":[{"href":"https:\/\/www.auzouvillesurry.fr\/wordpress\/wp-json\/wp\/v2\/types\/page"}],"author":[{"embeddable":true,"href":"https:\/\/www.auzouvillesurry.fr\/wordpress\/wp-json\/wp\/v2\/users\/1"}],"replies":[{"embeddable":true,"href":"https:\/\/www.auzouvillesurry.fr\/wordpress\/wp-json\/wp\/v2\/comments?post=70"}],"version-history":[{"count":18,"href":"https:\/\/www.auzouvillesurry.fr\/wordpress\/wp-json\/wp\/v2\/pages\/70\/revisions"}],"predecessor-version":[{"id":11348,"href":"https:\/\/www.auzouvillesurry.fr\/wordpress\/wp-json\/wp\/v2\/pages\/70\/revisions\/11348"}],"up":[{"embeddable":true,"href":"https:\/\/www.auzouvillesurry.fr\/wordpress\/wp-json\/wp\/v2\/pages\/284"}],"wp:attachment":[{"href":"https:\/\/www.auzouvillesurry.fr\/wordpress\/wp-json\/wp\/v2\/media?parent=70"}],"curies":[{"name":"wp","href":"https:\/\/api.w.org\/{rel}","templated":true}]}}