{"id":7,"date":"2014-10-28T19:15:15","date_gmt":"2014-10-28T18:15:15","guid":{"rendered":"http:\/\/www.auzouvillesurry.fr\/wordpress\/?page_id=7"},"modified":"2025-11-11T19:06:18","modified_gmt":"2025-11-11T18:06:18","slug":"vie-associative","status":"publish","type":"page","link":"https:\/\/www.auzouvillesurry.fr\/wordpress\/vie-associative\/","title":{"rendered":"Vie Associative"},"content":{"rendered":"<div id=\"hautpage\">&nbsp;<\/div>\n<p>Retrouvez les activit\u00e9s des associations:<\/p>\n<p><a title=\"Animation Village\" href=\"https:\/\/www.auzouvillesurry.fr\/wordpress\/?page_id=876\">Animation village<\/a><br \/>\n<a title=\"Club des Bons Amis\" href=\"https:\/\/www.auzouvillesurry.fr\/wordpress\/?page_id=310\">Le club des bons amis<\/a><\/p>\n<p><a href=\"https:\/\/www.auzouvillesurry.fr\/wordpress\/?page_id=1486\">L&rsquo;Association Sportive d&rsquo;Auzouville sur Ry (ASAR)<\/a><br \/>\n<a href=\"#marche\">Rendez-vous des marcheurs<\/a><\/p>\n<p><span style=\"text-decoration: underline; color: #993300;\"><strong><span style=\"font-size: medium;\">Rendez-vous des marcheurs<\/span><\/strong><\/span><\/p>\n<p style=\"text-align: left;\"><span style=\"font-family: Times New Roman,serif;\"><span style=\"color: #000000;\"><span style=\"font-size: medium;\"><span lang=\"fr-FR\">Une marche d&rsquo;une heure environ chaque dimanche matin (Rendez-vous \u00e0 10 h place de la mairie)<br \/>\n<\/span><\/span><\/span><\/span><span style=\"font-family: Times New Roman,serif;\"><span style=\"color: #000000;\"><span style=\"font-size: medium;\"><span lang=\"fr-FR\">Une marche douce chaque jeudi&nbsp; (Rendez-vous 14 h parking de la salle polyvalente).<br \/>\nDans la mesure o\u00f9 le nombre de participants varie d&rsquo;une semaine \u00e0 l&rsquo;autre, les d\u00e9parts se font toujours \u00e0 l&rsquo;heure pr\u00e9cise.<br \/>\nNous vous recommandons une tenue adapt\u00e9e \u00e0 la m\u00e9t\u00e9o et des b\u00e2tons pour ceux qui le souhaitent.<\/span><\/span><\/span><\/span><a href=\"https:\/\/www.auzouvillesurry.fr\/wordpress\/wp-content\/uploads\/clipart\/marcheurs.png\"><br \/>\n<img loading=\"lazy\" decoding=\"async\" class=\"aligncenter wp-image-5361\" src=\"https:\/\/www.auzouvillesurry.fr\/wordpress\/wp-content\/uploads\/clipart\/marcheurs.png\" alt=\"\" width=\"88\" height=\"91\"\/><\/a><\/p>\n<div id=\"voisins\">&nbsp;<\/div>\n<p><a href=\"#hautpage\">Retour haut de page<\/a><\/p>\n<p>&nbsp;<\/p>\n<p style=\"text-align: center;\">&nbsp;<\/p>\n<p style=\"text-align: center;\">&nbsp;<\/p>\n<p style=\"text-align: left;\">&nbsp;<\/p>\n<p>&nbsp;<\/p>\n<p>&nbsp;<\/p>\n","protected":false},"excerpt":{"rendered":"<p>&nbsp; Retrouvez les activit\u00e9s des associations: Animation village Le club des bons amis L&rsquo;Association Sportive d&rsquo;Auzouville sur Ry (ASAR) Rendez-vous des marcheurs Rendez-vous des marcheurs Une marche d&rsquo;une heure environ chaque dimanche matin (Rendez-vous \u00e0 10 h place de la mairie) Une marche douce chaque jeudi&nbsp; (Rendez-vous 14 h parking de la salle polyvalente). Dans [&hellip;]<\/p>\n","protected":false},"author":1,"featured_media":0,"parent":0,"menu_order":1,"comment_status":"closed","ping_status":"open","template":"","meta":{"ngg_post_thumbnail":0,"footnotes":""},"class_list":["post-7","page","type-page","status-publish","hentry"],"_links":{"self":[{"href":"https:\/\/www.auzouvillesurry.fr\/wordpress\/wp-json\/wp\/v2\/pages\/7","targetHints":{"allow":["GET"]}}],"collection":[{"href":"https:\/\/www.auzouvillesurry.fr\/wordpress\/wp-json\/wp\/v2\/pages"}],"about":[{"href":"https:\/\/www.auzouvillesurry.fr\/wordpress\/wp-json\/wp\/v2\/types\/page"}],"author":[{"embeddable":true,"href":"https:\/\/www.auzouvillesurry.fr\/wordpress\/wp-json\/wp\/v2\/users\/1"}],"replies":[{"embeddable":true,"href":"https:\/\/www.auzouvillesurry.fr\/wordpress\/wp-json\/wp\/v2\/comments?post=7"}],"version-history":[{"count":44,"href":"https:\/\/www.auzouvillesurry.fr\/wordpress\/wp-json\/wp\/v2\/pages\/7\/revisions"}],"predecessor-version":[{"id":13533,"href":"https:\/\/www.auzouvillesurry.fr\/wordpress\/wp-json\/wp\/v2\/pages\/7\/revisions\/13533"}],"wp:attachment":[{"href":"https:\/\/www.auzouvillesurry.fr\/wordpress\/wp-json\/wp\/v2\/media?parent=7"}],"curies":[{"name":"wp","href":"https:\/\/api.w.org\/{rel}","templated":true}]}}