{"id":6892,"date":"2017-08-22T09:01:49","date_gmt":"2017-08-22T08:01:49","guid":{"rendered":"http:\/\/www.auzouvillesurry.fr\/wordpress\/?page_id=6892"},"modified":"2017-11-07T14:12:59","modified_gmt":"2017-11-07T13:12:59","slug":"15-aout-2017-40-anniversaire-de-la-fete-communale","status":"publish","type":"page","link":"https:\/\/www.auzouvillesurry.fr\/wordpress\/vie-associative\/animation-village\/15-aout-2017-40-anniversaire-de-la-fete-communale\/","title":{"rendered":"15 ao\u00fbt 2017: 40 anniversaire de la f\u00eate communale"},"content":{"rendered":"<p>Depuis 40 ans avec toujours la m\u00eame ferveur les habitants du village se retrouvent pour admirer les chars et le costumes imagin\u00e9s et r\u00e9alis\u00e9s par des b\u00e9n\u00e9voles qui ne comptent ni leur temps ni leur \u00e9nergie pour assurer la r\u00e9ussite de cette f\u00eate patronale.<\/p>\n<p>Un grand bravo pour cette \u00e9dition 2017.<\/p>ngg_shortcode_0_placeholder","protected":false},"excerpt":{"rendered":"<p>Depuis 40 ans avec toujours la m\u00eame ferveur les habitants du village se retrouvent pour admirer les chars et le costumes imagin\u00e9s et r\u00e9alis\u00e9s par des b\u00e9n\u00e9voles qui ne comptent ni leur temps ni leur \u00e9nergie pour assurer la r\u00e9ussite de cette f\u00eate patronale. Un grand bravo pour cette \u00e9dition 2017.<\/p>\n","protected":false},"author":1,"featured_media":0,"parent":876,"menu_order":1708,"comment_status":"closed","ping_status":"closed","template":"","meta":{"ngg_post_thumbnail":0,"footnotes":""},"class_list":["post-6892","page","type-page","status-publish","hentry"],"_links":{"self":[{"href":"https:\/\/www.auzouvillesurry.fr\/wordpress\/wp-json\/wp\/v2\/pages\/6892","targetHints":{"allow":["GET"]}}],"collection":[{"href":"https:\/\/www.auzouvillesurry.fr\/wordpress\/wp-json\/wp\/v2\/pages"}],"about":[{"href":"https:\/\/www.auzouvillesurry.fr\/wordpress\/wp-json\/wp\/v2\/types\/page"}],"author":[{"embeddable":true,"href":"https:\/\/www.auzouvillesurry.fr\/wordpress\/wp-json\/wp\/v2\/users\/1"}],"replies":[{"embeddable":true,"href":"https:\/\/www.auzouvillesurry.fr\/wordpress\/wp-json\/wp\/v2\/comments?post=6892"}],"version-history":[{"count":7,"href":"https:\/\/www.auzouvillesurry.fr\/wordpress\/wp-json\/wp\/v2\/pages\/6892\/revisions"}],"predecessor-version":[{"id":6899,"href":"https:\/\/www.auzouvillesurry.fr\/wordpress\/wp-json\/wp\/v2\/pages\/6892\/revisions\/6899"}],"up":[{"embeddable":true,"href":"https:\/\/www.auzouvillesurry.fr\/wordpress\/wp-json\/wp\/v2\/pages\/876"}],"wp:attachment":[{"href":"https:\/\/www.auzouvillesurry.fr\/wordpress\/wp-json\/wp\/v2\/media?parent=6892"}],"curies":[{"name":"wp","href":"https:\/\/api.w.org\/{rel}","templated":true}]}}