{"id":68,"date":"2014-10-29T21:19:10","date_gmt":"2014-10-29T20:19:10","guid":{"rendered":"http:\/\/www.auzouvillesurry.fr\/wordpress\/?page_id=68"},"modified":"2022-11-06T17:19:44","modified_gmt":"2022-11-06T16:19:44","slug":"sieapa-du-crevon","status":"publish","type":"page","link":"https:\/\/www.auzouvillesurry.fr\/wordpress\/intercommunalite\/sieapa-du-crevon\/","title":{"rendered":"SIAEPA du Crevon"},"content":{"rendered":"<div class=\"entry-content\">\n<p><strong>Les repr\u00e9sentants de la commune sont Annie JEGAT, Christine HUNKELER et Florent GAMBU (suppl\u00e9ant)<\/strong><\/p>\n<p>Le <strong>S<\/strong>yndicat <strong>I<\/strong>ntercommunal d\u2019<strong>A<\/strong>dduction d&rsquo;<strong>E<\/strong>au <strong>P<\/strong>otable et d\u2019<strong>A<\/strong>ssainissement du Crevon assure la production, le traitement et la distribution de l\u2019eau potable. Il g\u00e8re \u00e9galement la collecte et le traitement des eaux us\u00e9es en assainissement collectif et atteste de la conformit\u00e9 des installations d\u2019assainissement non collectif.<\/p>\n<p><a href=\"http:\/\/www.siaepaducrevon.fr\/\" target=\"_blank\" rel=\"noopener nofollow\" class=\"external external_icon\">Site Internet du SIAEPA<\/a><\/p>\n<\/div>\n","protected":false},"excerpt":{"rendered":"<p>Les repr\u00e9sentants de la commune sont Annie JEGAT, Christine HUNKELER et Florent GAMBU (suppl\u00e9ant) Le Syndicat Intercommunal d\u2019Adduction d&rsquo;Eau Potable et d\u2019Assainissement du Crevon assure la production, le traitement et la distribution de l\u2019eau potable. Il g\u00e8re \u00e9galement la collecte et le traitement des eaux us\u00e9es en assainissement collectif et atteste de la conformit\u00e9 des [&hellip;]<\/p>\n","protected":false},"author":1,"featured_media":0,"parent":284,"menu_order":1,"comment_status":"closed","ping_status":"open","template":"","meta":{"ngg_post_thumbnail":0,"footnotes":""},"class_list":["post-68","page","type-page","status-publish","hentry"],"_links":{"self":[{"href":"https:\/\/www.auzouvillesurry.fr\/wordpress\/wp-json\/wp\/v2\/pages\/68","targetHints":{"allow":["GET"]}}],"collection":[{"href":"https:\/\/www.auzouvillesurry.fr\/wordpress\/wp-json\/wp\/v2\/pages"}],"about":[{"href":"https:\/\/www.auzouvillesurry.fr\/wordpress\/wp-json\/wp\/v2\/types\/page"}],"author":[{"embeddable":true,"href":"https:\/\/www.auzouvillesurry.fr\/wordpress\/wp-json\/wp\/v2\/users\/1"}],"replies":[{"embeddable":true,"href":"https:\/\/www.auzouvillesurry.fr\/wordpress\/wp-json\/wp\/v2\/comments?post=68"}],"version-history":[{"count":10,"href":"https:\/\/www.auzouvillesurry.fr\/wordpress\/wp-json\/wp\/v2\/pages\/68\/revisions"}],"predecessor-version":[{"id":11347,"href":"https:\/\/www.auzouvillesurry.fr\/wordpress\/wp-json\/wp\/v2\/pages\/68\/revisions\/11347"}],"up":[{"embeddable":true,"href":"https:\/\/www.auzouvillesurry.fr\/wordpress\/wp-json\/wp\/v2\/pages\/284"}],"wp:attachment":[{"href":"https:\/\/www.auzouvillesurry.fr\/wordpress\/wp-json\/wp\/v2\/media?parent=68"}],"curies":[{"name":"wp","href":"https:\/\/api.w.org\/{rel}","templated":true}]}}