{"id":6453,"date":"2017-04-09T20:52:18","date_gmt":"2017-04-09T19:52:18","guid":{"rendered":"http:\/\/www.auzouvillesurry.fr\/wordpress\/?page_id=6453"},"modified":"2017-11-07T13:38:52","modified_gmt":"2017-11-07T12:38:52","slug":"cabaret-du-coeur-2017","status":"publish","type":"page","link":"https:\/\/www.auzouvillesurry.fr\/wordpress\/vie-associative\/cabaret-du-coeur-2017\/","title":{"rendered":"Cabaret du coeur 2017"},"content":{"rendered":"<p>Les 1er et 2 avril les b\u00e9n\u00e9voles du village ont offert un spectacle cabaret au profil de l&rsquo;association \u00ab\u00a0Manger la vie\u00a0\u00bb association pour Zo\u00e9.<\/p>\n<p>Plus de 200 spectateurs pour un spectacle vari\u00e9 et de qualit\u00e9 imagin\u00e9 et interpr\u00e9t\u00e9 par des amateurs de tout ages. Toutes les recettes ont int\u00e9gralement \u00e9t\u00e9 revers\u00e9 \u00e0 l&rsquo;association soit&nbsp;plus de 2000 \u20ac<\/p>\n<p><a href=\"https:\/\/fr-fr.facebook.com\/Manger-la-Vie-association-pour-Zo%C3%A9-752964698167200\/\" target=\"_blank\" rel=\"noopener nofollow\" class=\"external external_icon\">Retrouver l&rsquo;association sur facebook<\/a><\/p>\n<p>&nbsp;<\/p>ngg_shortcode_0_placeholder<p>&nbsp;<\/p>\n","protected":false},"excerpt":{"rendered":"<p>Les 1er et 2 avril les b\u00e9n\u00e9voles du village ont offert un spectacle cabaret au profil de l&rsquo;association \u00ab\u00a0Manger la vie\u00a0\u00bb association pour Zo\u00e9. Plus de 200 spectateurs pour un spectacle vari\u00e9 et de qualit\u00e9 imagin\u00e9 et interpr\u00e9t\u00e9 par des amateurs de tout ages. Toutes les recettes ont int\u00e9gralement \u00e9t\u00e9 revers\u00e9 \u00e0 l&rsquo;association soit&nbsp;plus de [&hellip;]<\/p>\n","protected":false},"author":1,"featured_media":0,"parent":7,"menu_order":0,"comment_status":"closed","ping_status":"closed","template":"","meta":{"ngg_post_thumbnail":0,"footnotes":""},"class_list":["post-6453","page","type-page","status-publish","hentry"],"_links":{"self":[{"href":"https:\/\/www.auzouvillesurry.fr\/wordpress\/wp-json\/wp\/v2\/pages\/6453","targetHints":{"allow":["GET"]}}],"collection":[{"href":"https:\/\/www.auzouvillesurry.fr\/wordpress\/wp-json\/wp\/v2\/pages"}],"about":[{"href":"https:\/\/www.auzouvillesurry.fr\/wordpress\/wp-json\/wp\/v2\/types\/page"}],"author":[{"embeddable":true,"href":"https:\/\/www.auzouvillesurry.fr\/wordpress\/wp-json\/wp\/v2\/users\/1"}],"replies":[{"embeddable":true,"href":"https:\/\/www.auzouvillesurry.fr\/wordpress\/wp-json\/wp\/v2\/comments?post=6453"}],"version-history":[{"count":6,"href":"https:\/\/www.auzouvillesurry.fr\/wordpress\/wp-json\/wp\/v2\/pages\/6453\/revisions"}],"predecessor-version":[{"id":6982,"href":"https:\/\/www.auzouvillesurry.fr\/wordpress\/wp-json\/wp\/v2\/pages\/6453\/revisions\/6982"}],"up":[{"embeddable":true,"href":"https:\/\/www.auzouvillesurry.fr\/wordpress\/wp-json\/wp\/v2\/pages\/7"}],"wp:attachment":[{"href":"https:\/\/www.auzouvillesurry.fr\/wordpress\/wp-json\/wp\/v2\/media?parent=6453"}],"curies":[{"name":"wp","href":"https:\/\/api.w.org\/{rel}","templated":true}]}}