{"id":6357,"date":"2017-03-08T14:06:10","date_gmt":"2017-03-08T13:06:10","guid":{"rendered":"http:\/\/www.auzouvillesurry.fr\/wordpress\/?page_id=6357"},"modified":"2022-11-06T17:18:21","modified_gmt":"2022-11-06T16:18:21","slug":"communaute-de-communes-inter-caux-vexin-ccicv","status":"publish","type":"page","link":"https:\/\/www.auzouvillesurry.fr\/wordpress\/intercommunalite\/communaute-de-communes-inter-caux-vexin-ccicv\/","title":{"rendered":"Communaut\u00e9 de Communes Inter Caux Vexin (CCICV)"},"content":{"rendered":"<p align=\"left\">Les d\u00e9l\u00e9gu\u00e9s communautaires de la communes sont Alain NAVE (titulaire) Annie JEGAT (suppl\u00e9ante)<\/p>\n<p align=\"left\"><span style=\"font-family: 'Liberation Serif', serif;\"><span style=\"font-size: medium;\"><span style=\"color: #000000;\">La communaut\u00e9 de communes du plateau de Martainville (CCPM) &nbsp;a \u00e9t\u00e9 dissoute au 1er&nbsp;janvier 2017, pour \u00eatre int\u00e9gr\u00e9 \u00e0 la nouvelle intercommunalit\u00e9 \u00ab&nbsp;Inter Caux Vexin&nbsp;\u00bb. Cette nouvelle structure compte 64 communes et repr\u00e9sente une population totale de 54&nbsp;203 habitants.<\/span><\/span><\/span><\/p>\n<p align=\"left\"><span style=\"font-family: 'Liberation Serif', serif;\"><span style=\"font-size: medium;\"><span style=\"color: #000000;\">Elle est issue de la fusion des 3 intercommunalit\u00e9s&nbsp;:<br \/>\nMoulin d\u2019Escalles (CCME),<br \/>\n<\/span><\/span><\/span><span style=\"font-family: 'Liberation Serif', serif;\"><span style=\"font-size: medium;\"><span style=\"color: #000000;\">Portes Nord Ouest (CCPNOR) ,<br \/>\nPlateau de Martainville (CCPM),<br \/>\nauxquelles se sont rattach\u00e9es les communes de Beaumont-le-Hareng, Bosc-le-Hard, Cott\u00e9vrard et Grigneuseville.<\/span><\/span><\/span><\/p>\n<p align=\"left\"><span style=\"font-family: 'Liberation Serif', serif;\"><span style=\"font-size: medium;\"><span style=\"color: #000000;\">Le si\u00e8ge principal se trouve \u00e0 Buchy avec 2 antennes \u00e0 Montville et \u00e0 Martainville.<\/span><\/span><\/span><\/p>\n<p><span style=\"font-family: 'Liberation Serif', serif;\"><span style=\"font-size: medium;\"><span style=\"color: #000000;\">Chaque vice-pr\u00e9sident pr\u00e9side et anime une des 15 commissions mises en place pour le fonctionnement de la nouvelle Communaut\u00e9 de Communes.<br \/>\nL\u2019organigramme des effectifs comprend 56 agents r\u00e9partis entre services : administratifs, action sociale, urbanisme et am\u00e9nagement de l\u2019espace, voirie et b\u00e2timents, d\u00e9chets, piscine.<br \/>\nChaque commune, suivant son importance d\u00e9mographique, compose l\u2019assembl\u00e9e g\u00e9n\u00e9rale qui comprend 86 d\u00e9l\u00e9gu\u00e9s titulaires et 52 d\u00e9l\u00e9gu\u00e9s suppl\u00e9ants.<br \/>\nChaque d\u00e9l\u00e9gu\u00e9 communautaire ne peut participer qu\u2019\u00e0 1 seule commission.<\/span><\/span><\/span><\/p>\n<p align=\"left\"><span style=\"color: #800080;\"><span style=\"font-family: 'Liberation Serif', serif;\"><span style=\"font-size: medium;\"><a href=\"http:\/\/intercauxvexin.fr\/\" target=\"_blank\" rel=\"noopener nofollow\" class=\"external external_icon\">Site Internet de la CCICV<\/a><\/span><\/span><\/span><\/p>\n<p align=\"left\"><span style=\"color: #000000;\"><span style=\"font-family: 'Liberation Serif', serif;\"><span style=\"font-size: medium;\">Listes des communes:<\/span><\/span><\/span><\/p>\n<p align=\"justify\"><span style=\"font-family: 'Liberation Serif', serif;\"><span style=\"font-size: medium;\"><span style=\"color: #000000;\">ANCEAUMEVILLE, AUTHIEUX-RATIEVILLE, AUZOUVILLE-SUR-RY, BEAUMONT-LE-HARENG, BIERVILLE, BLAINVILLE-CREVON, BOIS-D&rsquo;ENNEBOURG, BOIS-GUILBERT, BOIS-HEROULT, BOIS-L&rsquo;EVEQUE, BOISSAY, BOSC-BORDEL, BOSC-EDELINE, BOSC-GUERARD-SAINT- ADRIEN, BOSC-LE-HARD, BUCHY, CAILLY, CATENAY, CLAVILLE-MOTTEVILLE, CLERES, COTTEVRARD, ELBEUF-SUR-ANDELLE, ERNEMONT-SUR-BUCHY, ESLETTES, ESTEVILLE, FONTAINE-LE-BOURG, FRESNE-LE-PLAN, FRESQUIENNES, FRICHEMESNIL, GRAINVILLE-SUR-RY, GRIGNEUSEVILLE, GRUGNY, H\u00c9RONCHELLES, LAHOUSSAYE- B\u00c9RANGER, LA RUE-SAINT-PIERRE, LA VAUPALIERE, LA VIEUX-RUE, LE BOCASSE, LONGUERUE, MARTAINVILLE- EPREVILLE,&nbsp;MESNIL-RAOUL, MONT-CAUVAIRE, MONTIGNY, MONTVILLE, MORGNY-LA-POMMERAYE, PIERREVAL, PISSY-POVILLE, PREAUX, QUINCAMPOIX, REBETS, ROUMARE, RY, SAINT-AIGNAN-SUR-RY, SAINT-ANDRE-SUR-CAILLY, SAINT-DENIS-LE-THIBOULT, SAINT-GEORGES-SUR-FONTAINE, SAINT-GERMAIN-DES\u00adESSOURTS, SAINT-GERMAIN-SOUS-CAILLY, SAINT-JEAN-DU\u00ad-CARDONNAY, SAINTE-CROIX-SUR-BUCHY, SERVAVILLE-\u00adSALMONVILLE, SIERVILLE, VIEUX-MANOIR.<\/span><\/span><\/span><\/p>\n<p style=\"text-align: justify;\" align=\"left\">&nbsp;<\/p>\n","protected":false},"excerpt":{"rendered":"<p>Les d\u00e9l\u00e9gu\u00e9s communautaires de la communes sont Alain NAVE (titulaire) Annie JEGAT (suppl\u00e9ante) La communaut\u00e9 de communes du plateau de Martainville (CCPM) &nbsp;a \u00e9t\u00e9 dissoute au 1er&nbsp;janvier 2017, pour \u00eatre int\u00e9gr\u00e9 \u00e0 la nouvelle intercommunalit\u00e9 \u00ab&nbsp;Inter Caux Vexin&nbsp;\u00bb. Cette nouvelle structure compte 64 communes et repr\u00e9sente une population totale de 54&nbsp;203 habitants. Elle est issue [&hellip;]<\/p>\n","protected":false},"author":1,"featured_media":0,"parent":284,"menu_order":1,"comment_status":"closed","ping_status":"closed","template":"","meta":{"ngg_post_thumbnail":0,"footnotes":""},"class_list":["post-6357","page","type-page","status-publish","hentry"],"_links":{"self":[{"href":"https:\/\/www.auzouvillesurry.fr\/wordpress\/wp-json\/wp\/v2\/pages\/6357","targetHints":{"allow":["GET"]}}],"collection":[{"href":"https:\/\/www.auzouvillesurry.fr\/wordpress\/wp-json\/wp\/v2\/pages"}],"about":[{"href":"https:\/\/www.auzouvillesurry.fr\/wordpress\/wp-json\/wp\/v2\/types\/page"}],"author":[{"embeddable":true,"href":"https:\/\/www.auzouvillesurry.fr\/wordpress\/wp-json\/wp\/v2\/users\/1"}],"replies":[{"embeddable":true,"href":"https:\/\/www.auzouvillesurry.fr\/wordpress\/wp-json\/wp\/v2\/comments?post=6357"}],"version-history":[{"count":13,"href":"https:\/\/www.auzouvillesurry.fr\/wordpress\/wp-json\/wp\/v2\/pages\/6357\/revisions"}],"predecessor-version":[{"id":11345,"href":"https:\/\/www.auzouvillesurry.fr\/wordpress\/wp-json\/wp\/v2\/pages\/6357\/revisions\/11345"}],"up":[{"embeddable":true,"href":"https:\/\/www.auzouvillesurry.fr\/wordpress\/wp-json\/wp\/v2\/pages\/284"}],"wp:attachment":[{"href":"https:\/\/www.auzouvillesurry.fr\/wordpress\/wp-json\/wp\/v2\/media?parent=6357"}],"curies":[{"name":"wp","href":"https:\/\/api.w.org\/{rel}","templated":true}]}}