{"id":6317,"date":"2017-03-01T20:29:38","date_gmt":"2017-03-01T19:29:38","guid":{"rendered":"http:\/\/www.auzouvillesurry.fr\/wordpress\/?page_id=6317"},"modified":"2025-11-11T18:42:40","modified_gmt":"2025-11-11T17:42:40","slug":"demarches-administratives","status":"publish","type":"page","link":"https:\/\/www.auzouvillesurry.fr\/wordpress\/vie-pratique\/demarches-administratives\/","title":{"rendered":"D\u00e9marches administratives"},"content":{"rendered":"<div id=\"hautpage\">&nbsp;<\/div>\n<p>&nbsp;<\/p>\n<p><a href=\"#mineurs\">Voyage \u00e0 l&rsquo;\u00e9tranger des mineurs<\/a><br \/>\n<a href=\"#passeport\">Carte d&rsquo;identit\u00e9 et Passeport<\/a><br \/>\n<a href=\"#Dp\">D\u00e9claration de travaux<\/a><br \/>\n<a href=\"#permis\">Permis de construire<\/a><br \/>\n<a href=\"#elections\">Inscription sur les listes \u00e9lectorales<\/a><\/p>\n<div id=\"mineurs\">&nbsp;<\/div>\n<p align=\"left\">&nbsp;<\/p>\n<p><span style=\"text-decoration: underline; color: #ff6600;\"><strong>Voyage \u00e0 l\u2019\u00e9tranger des mineurs<\/strong><\/span><\/p>\n<p><b>&nbsp;Mesures en vigueur \u00e0 compter<\/b><strong>&nbsp;du 15 janvier 2017,<\/strong><\/p>\n<p><a href=\"https:\/\/www.legifrance.gouv.fr\/affichTexte.do?cidTexte=JORFTEXT000033338774\" class=\"external external_icon\" rel=\"nofollow\" target=\"_blank\">Le d\u00e9cret n\u00b0 2016-1483 du 2 novembre 2016<\/a> relatif \u00e0 l\u2019autorisation de sortie du territoire d\u2019un mineur non accompagn\u00e9 par un titulaire de l\u2019autorit\u00e9 parentale pr\u00e9cise les conditions de mise en \u0153uvre de l\u2019autorisation de sortie du territoire (AST).<br \/>\nTout mineur r\u00e9sidant habituellement en France, quelle que soit sa nationalit\u00e9, doit pouvoir pr\u00e9senter lors de tous voyages, individuels ou collectifs (voyages scolaires, s\u00e9jours de vacances, s\u00e9jours linguistiques,\u2026) d\u00e8s lors qu\u2019il voyage sans un titulaire de l\u2019autorit\u00e9 parentale&nbsp;:<br \/>\n<strong>&#8211; <a href=\"https:\/\/www.service-public.fr\/particuliers\/vosdroits\/R46121\" class=\"external external_icon\" rel=\"nofollow\" target=\"_blank\">Un formulaire CERFA n\u00b015646*01<\/a>, renseign\u00e9 et sign\u00e9 par un titulaire de l\u2019autorit\u00e9 parentale.<br \/>\n&#8211; Une copie de la pi\u00e8ce d\u2019identit\u00e9 du titulaire de l\u2019autorit\u00e9 parentale signataire du document CERFA d\u00e9sign\u00e9 ci-dessus.<\/strong><br \/>\n<strong>&#8211; Une pi\u00e8ce d\u2019identit\u00e9 \u00e0 son nom (carte d\u2019identit\u00e9 ou passeport) adapt\u00e9e aux exigences du pays de destination<\/strong><\/p>\n<p>Aucune d\u00e9marche en mairie ou en pr\u00e9fecture n\u2019est n\u00e9cessaire. Le formulaire CERFA \u00e9tant accessible sur le site <a href=\"http:\/\/www.service-public.fr\/\" class=\"external external_icon\" rel=\"nofollow\" target=\"_blank\">www.service-public.fr<\/a><\/p>\n<p>&nbsp;<\/p>\n<div id=\"passeport\">&nbsp;<\/div>\n<p><a href=\"#hautpage\">Retour haut de page<\/a><\/p>\n<p style=\"text-align: left;\" align=\"center\"><span style=\"text-decoration: underline;\"><strong><span style=\"font-size: medium; color: #ff6600; text-decoration: underline;\">Carte d&rsquo;identit\u00e9 et passeport<\/span><\/strong><\/span><\/p>\n<p style=\"text-align: left;\"><strong>A partir du 2 mars 2017,<\/strong> pour obtenir ou renouveler une carte nationale d\u2019identit\u00e9 il faudra se rendre dans une mairie b\u00e9n\u00e9ficiant d\u2019un dispositif de recueil (DR) de donn\u00e9es biom\u00e9triques, le m\u00eame utilis\u00e9 pour les passeports et souvent r\u00e9serv\u00e9 aux plus grosses collectivit\u00e9s.<br \/>\nL\u2019avantage annonc\u00e9 de la r\u00e9forme est de pouvoir s\u2019adresser \u00e0 toutes les communes de France.<br \/>\nD\u00e8s le 2 mars, chaque usager peut effectuer une demande dans n\u2019importe quelle mairie \u00e9quip\u00e9e d\u2019un dispositif de recueil. Dispositif qui permet \u00e9galement de recevoir les demandes de passeports. La demande \u00ab&nbsp;CNI&nbsp;\u00bb sera transmise via une application s\u00e9curis\u00e9e appel\u00e9e TES (titres \u00e9lectroniques s\u00e9curis\u00e9s). La carte sera ensuite \u00e0 retirer aupr\u00e8s de la mairie o\u00f9 l\u2019usager aura d\u00e9pos\u00e9 son dossier.<br \/>\nIl est toutefois possible de remplir une&nbsp;\u00bbPr\u00e9-demande en ligne sur<a href=\"https:\/\/passeport.ants.gouv.fr\/Vos-demarches\/Realiser-une-pre-demande-de-carte-nationale-d-identite-CNI\" target=\"_blank\" rel=\"noopener nofollow\" class=\"external external_icon\"> predemande-cni.ants.gouv.fr<\/a> et saisir votre \u00e9tat-civil, votre adresse. Un num\u00e9ro de pr\u00e9-demande de carte nationale d\u2019identit\u00e9 vous est alors attribu\u00e9 et permet \u00e0 l\u2019agent de guichet de r\u00e9cup\u00e9rer les informations enregistr\u00e9es en ligne.<br \/>\n<b>Attention&nbsp;:<\/b> la pr\u00e9-demande de carte d\u2019identit\u00e9 ne vous dispense pas de vous rendre en personne au guichet de la mairie pour la prise d\u2019empreintes et le d\u00e9p\u00f4t de votre dossier (justificatifs d\u2019\u00e9tat civil et de nationalit\u00e9, justificatif de domicile, photo d\u2019identit\u00e9, timbre fiscal le cas \u00e9ch\u00e9ant).<br \/>\n<strong>La prise de rendez-vous au pr\u00e9alable est n\u00e9cessaire.<br \/>\n<\/strong><br \/>\n<strong>Liste les mairies de Seine-Maritime habilit\u00e9es \u00e0 d\u00e9livrer les cartes d\u2019identit\u00e9 et les passeports :<\/strong><\/p>\n<p><a href=\"https:\/\/www.seine-maritime.gouv.fr\/contenu\/telechargement\/66802\/471061\/file\/25%2004%2008%20liste%20des%20communes%20du%2076%20%C3%A9quip%C3%A9es%20d'un%20DR.pdf\" target=\"_blank\" rel=\"noopener\">Liste des mairies habilit\u00e9 \u00e0 d\u00e9livrer les cartes d&rsquo;identit\u00e9 et passeports<\/a><\/p>\n<p><a href=\"#hautpage\">Retour haut de page<\/a><br \/>\n<span style=\"color: #ff6600;\"><u><b>D\u00e9claration pr\u00e9alable de travaux<\/b><\/u><\/span><\/p>\n<p><span style=\"color: #414856;\"><span style=\"font-family: 'Liberation Serif', serif;\"><span style=\"font-size: medium;\"><u><b>Une d\u00e9claration pr\u00e9alable de travaux<\/b><\/u> est obligatoire notamment dans les cas suivants&nbsp;:<\/span><\/span><\/span><\/p>\n<p style=\"padding-left: 30px;\"><span style=\"color: #000000;\"><span style=\"font-family: 'Liberation Serif', serif;\"><span style=\"font-size: medium;\">&#8211; construction nouvelle (garage, d\u00e9pendance&#8230;) ou travaux sur une construction existante ayant pour r\u00e9sultat la cr\u00e9ation d&rsquo;une&nbsp;<\/span><\/span><dfn><a style=\"color: #000000;\" href=\"https:\/\/www.service-public.fr\/particuliers\/glossaire\/R11405\" class=\"external external_icon\" rel=\"nofollow\" target=\"_blank\"><span style=\"font-family: 'Liberation Serif', serif;\"><span style=\"font-size: medium;\"><i><u>surface de plancher<\/u><\/i><\/span><\/span><\/a><\/dfn><span style=\"font-family: 'Liberation Serif', serif;\"><span style=\"font-size: medium;\">&nbsp;ou d&rsquo;une&nbsp;<\/span><\/span><dfn><a style=\"color: #000000;\" href=\"https:\/\/www.service-public.fr\/particuliers\/glossaire\/R15257\" class=\"external external_icon\" rel=\"nofollow\" target=\"_blank\"><span style=\"font-family: 'Liberation Serif', serif;\"><span style=\"font-size: medium;\"><i><u>emprise au sol<\/u><\/i><\/span><\/span><\/a><\/dfn><span style=\"font-family: 'Liberation Serif', serif;\"><span style=\"font-size: medium;\">&nbsp;comprise entre 5 m\u00b2&nbsp;et 20 m\u00b2. Pour les travaux sur une construction existante, ce seuil est port\u00e9 \u00e0 40 m\u00b2&nbsp;si la construction est situ\u00e9e dans une zone urbaine couverte par un plan local d&rsquo;urbanisme (PLU) ou un plan d&rsquo;occupation des sols (POS),<br \/>\n<\/span><\/span>&#8211; construction d&rsquo;un mur d&rsquo;une hauteur au-dessus du sol sup\u00e9rieure ou \u00e9gale \u00e0 2 m,<\/span><br \/>\n<span style=\"color: #000000;\">&#8211; construction d&rsquo;une piscine dont le bassin a une superficie inf\u00e9rieure ou \u00e9gale \u00e0 100 m\u00b2&nbsp;non couverte ou dont la couverture (fixe ou mobile) a une hauteur au-dessus du sol inf\u00e9rieure \u00e0 1,80 m,<\/span><br \/>\n<span style=\"color: #000000;\">&#8211; travaux modifiant l&rsquo;aspect initial ext\u00e9rieur d&rsquo;une construction (par exemple, remplacement d&rsquo;une fen\u00eatre ou porte par un autre mod\u00e8le, percement d&rsquo;une nouvelle fen\u00eatre, choix d&rsquo;une nouvelle couleur de peinture pour la fa\u00e7ade),<\/span><br \/>\n<span style=\"color: #000000;\"><span style=\"font-family: 'Liberation Serif', serif;\"><span style=\"font-size: medium;\">&#8211; travaux de ravalement s&rsquo;ils se d\u00e9roulent dans un espace faisant l&rsquo;objet d&rsquo;une protection particuli\u00e8re (par exemple,&nbsp;<\/span><\/span><a style=\"color: #000000;\" href=\"https:\/\/www.service-public.fr\/professionnels-entreprises\/vosdroits\/F32190\" class=\"external external_icon\" rel=\"nofollow\" target=\"_blank\"><span style=\"font-family: 'Liberation Serif', serif;\"><span style=\"font-size: medium;\"><u>abord d&rsquo;un monument historique<\/u><\/span><\/span><\/a><span style=\"font-family: 'Liberation Serif', serif;\"><span style=\"font-size: medium;\">),<br \/>\n<\/span><\/span><span style=\"color: #000000;\"><span style=\"font-family: 'Liberation Serif', serif;\"><span style=\"font-size: medium;\"><u>&#8211;&nbsp;<a style=\"color: #000000;\" href=\"https:\/\/www.service-public.fr\/particuliers\/vosdroits\/F2416\" class=\"external external_icon\" rel=\"nofollow\" target=\"_blank\">changement de destination<\/a><\/u><\/span><\/span><\/span><span style=\"font-family: 'Liberation Serif', serif;\"><span style=\"font-size: medium;\">&nbsp;d&rsquo;un local (par exemple, transformation d&rsquo;un local commercial en local d&rsquo;habitation) sans modification des structures porteuses ou de la fa\u00e7ade du b\u00e2timent,<br \/>\n<\/span><\/span>&#8211; r\u00e9alisation d&rsquo;une division fonci\u00e8re notamment pour en d\u00e9tacher un ou plusieurs lots.<\/span><\/p>\n<p><span style=\"font-family: 'Liberation Serif', serif; font-size: medium;\">Plus d&rsquo;informations<\/span><\/p>\n<div id=\"permis\">&nbsp;<\/div>\n<p><a href=\"#hautpage\">Retour haut de page<\/a><\/p>\n<h3 class=\"western\"><span style=\"color: #ff6600;\"><span style=\"font-family: 'Liberation Serif', serif;\"><span style=\"font-size: medium;\"><u><b>Permis de construire<\/b><\/u><\/span><\/span><\/span><\/h3>\n<h3 class=\"western\"><span style=\"color: #414856;\"><span style=\"font-family: 'Liberation Serif', serif;\"><span style=\"font-size: medium;\"><u><b>Un permis de construire<\/b><\/u> est obligatoire pour:<\/span><\/span><\/span><\/h3>\n<p class=\"western\"><span style=\"font-family: 'Liberation Serif', serif; color: #000000;\"><span style=\"font-size: medium;\"><span style=\"text-decoration: underline;\">Travaux cr\u00e9ant une nouvelle construction<\/span><br \/>\n<\/span><\/span><span style=\"font-family: 'Liberation Serif', serif; color: #000000;\"><span style=\"font-size: medium;\">Les constructions nouvelles sont celles ind\u00e9pendantes de tout b\u00e2timent existant.<br \/>\n<\/span><\/span><span style=\"font-family: 'Liberation Serif', serif; color: #000000;\"><span style=\"font-size: medium;\">Elles doivent \u00eatre pr\u00e9c\u00e9d\u00e9es de la d\u00e9livrance d&rsquo;un permis de construire, \u00e0 l&rsquo;exception&nbsp;:<\/span><\/span><span style=\"font-family: 'Liberation Serif', serif; color: #000000;\"><span style=\"font-size: medium;\"><br \/>\n<\/span><\/span>&#8211; des constructions dispens\u00e9es de toute formalit\u00e9 comme les&nbsp;<a style=\"color: #000000;\" href=\"https:\/\/www.service-public.fr\/particuliers\/vosdroits\/F31404\" class=\"external external_icon\" rel=\"nofollow\" target=\"_blank\"><u>piscines<\/u><\/a>&nbsp;de moins de 10 m\u00b2 ou les&nbsp;<a style=\"color: #000000;\" href=\"https:\/\/www.service-public.fr\/particuliers\/vosdroits\/F662\" class=\"external external_icon\" rel=\"nofollow\" target=\"_blank\"><u>abris de jardin<\/u><\/a>&nbsp;de moins de 5 m\u00b2,<\/p>\n<p class=\"western\"><span style=\"text-decoration: underline;\">Travaux sur une construction existante<\/span><br \/>\n&#8211; Les travaux sur une construction existante concernent par exemple l&rsquo;agrandissement d&rsquo;une maison.<\/p>\n<p class=\"western\">Les r\u00e8gles diff\u00e9rent selon que votre projet est situ\u00e9 ou non en zone urbaine d&rsquo;une commune dot\u00e9e d&rsquo;un plan local d&rsquo;urbanisme (PLU) ou d&rsquo;un plan d&rsquo;occupation des sols (POS).<\/p>\n<ul>\n<li><span style=\"font-size: medium; color: #000000;\"><span style=\"font-family: 'Liberation Serif', serif;\">N&rsquo;h\u00e9sitez pas \u00e0 contacter la mairie.<\/span><\/span><\/li>\n<\/ul>\n<p><a href=\"https:\/\/www.service-public.fr\/particuliers\/vosdroits\/F1986\" class=\"external external_icon\" rel=\"nofollow\" target=\"_blank\"><span style=\"font-family: 'Liberation Serif', serif;\"><span style=\"font-size: 16px;\">Plus d&rsquo;informations<\/span><\/span><\/a><\/p>\n<div id=\"elections\">&nbsp;<\/div>\n<p><a href=\"#hautpage\">Retour haut de page<\/a><\/p>\n<p><strong><span style=\"text-decoration: underline;\"><span style=\"color: #ff6600; text-decoration: underline;\">Inscription sur les listes \u00e9lectorales<\/span><\/span><\/strong><\/p>\n<p><span style=\"color: #000000;\">Pour participer aux \u00e9lections politiques, il faut \u00eatre inscrit sur les listes \u00e9lectorales. L&rsquo;inscription est automatique pour les jeunes de 18 ans, sous certaines conditions. Si vous vous trouvez dans une autre situation (d\u00e9m\u00e9nagement, premi\u00e8re inscription&#8230;), vous devez prendre l&rsquo;initiative de la demande.<\/span><\/p>\n<p><a href=\"https:\/\/www.service-public.fr\/particuliers\/vosdroits\/N47\" class=\"external external_icon\" rel=\"nofollow\" target=\"_blank\">Plus d&rsquo;informations<\/a><br \/>\n<a href=\"#hautpage\">Retour haut de page<\/a><\/p>\n<p>&nbsp;<\/p>\n<p>&nbsp;<\/p>\n<p>&nbsp;<\/p>\n","protected":false},"excerpt":{"rendered":"<p>&nbsp; &nbsp; Voyage \u00e0 l&rsquo;\u00e9tranger des mineurs Carte d&rsquo;identit\u00e9 et Passeport D\u00e9claration de travaux Permis de construire Inscription sur les listes \u00e9lectorales &nbsp; &nbsp; Voyage \u00e0 l\u2019\u00e9tranger des mineurs &nbsp;Mesures en vigueur \u00e0 compter&nbsp;du 15 janvier 2017, Le d\u00e9cret n\u00b0 2016-1483 du 2 novembre 2016 relatif \u00e0 l\u2019autorisation de sortie du territoire d\u2019un mineur non [&hellip;]<\/p>\n","protected":false},"author":1,"featured_media":0,"parent":101,"menu_order":0,"comment_status":"closed","ping_status":"closed","template":"","meta":{"ngg_post_thumbnail":0,"footnotes":""},"class_list":["post-6317","page","type-page","status-publish","hentry"],"_links":{"self":[{"href":"https:\/\/www.auzouvillesurry.fr\/wordpress\/wp-json\/wp\/v2\/pages\/6317","targetHints":{"allow":["GET"]}}],"collection":[{"href":"https:\/\/www.auzouvillesurry.fr\/wordpress\/wp-json\/wp\/v2\/pages"}],"about":[{"href":"https:\/\/www.auzouvillesurry.fr\/wordpress\/wp-json\/wp\/v2\/types\/page"}],"author":[{"embeddable":true,"href":"https:\/\/www.auzouvillesurry.fr\/wordpress\/wp-json\/wp\/v2\/users\/1"}],"replies":[{"embeddable":true,"href":"https:\/\/www.auzouvillesurry.fr\/wordpress\/wp-json\/wp\/v2\/comments?post=6317"}],"version-history":[{"count":13,"href":"https:\/\/www.auzouvillesurry.fr\/wordpress\/wp-json\/wp\/v2\/pages\/6317\/revisions"}],"predecessor-version":[{"id":13523,"href":"https:\/\/www.auzouvillesurry.fr\/wordpress\/wp-json\/wp\/v2\/pages\/6317\/revisions\/13523"}],"up":[{"embeddable":true,"href":"https:\/\/www.auzouvillesurry.fr\/wordpress\/wp-json\/wp\/v2\/pages\/101"}],"wp:attachment":[{"href":"https:\/\/www.auzouvillesurry.fr\/wordpress\/wp-json\/wp\/v2\/media?parent=6317"}],"curies":[{"name":"wp","href":"https:\/\/api.w.org\/{rel}","templated":true}]}}