{"id":63,"date":"2014-10-29T21:11:10","date_gmt":"2014-10-29T20:11:10","guid":{"rendered":"http:\/\/www.auzouvillesurry.fr\/wordpress\/?page_id=63"},"modified":"2022-11-06T17:22:57","modified_gmt":"2022-11-06T16:22:57","slug":"le-sage-cailly-aubette-robec","status":"publish","type":"page","link":"https:\/\/www.auzouvillesurry.fr\/wordpress\/intercommunalite\/le-sage-cailly-aubette-robec\/","title":{"rendered":"LE SAGE CAILLY AUBETTE ROBEC"},"content":{"rendered":"<div class=\"entry-content\">\n<p style=\"text-align: justify;\"><strong>La commune est repr\u00e9sent\u00e9e au sein du SAGE par la Communaut\u00e9 de communes<\/strong><\/p>\n<p style=\"text-align: justify;\">LE SAGE CAILLY AUBETTE ROBEC<\/p>\n<p style=\"text-align: justify;\">&#8211; 70 communes<a href=\"https:\/\/www.auzouvillesurry.fr\/wordpress\/wp-content\/uploads\/Logo\/logo-sage.jpg\"><img loading=\"lazy\" decoding=\"async\" class=\"  alignright wp-image-931\" src=\"https:\/\/www.auzouvillesurry.fr\/wordpress\/wp-content\/uploads\/Logo\/logo-sage.jpg\" alt=\"logo sage\" width=\"404\" height=\"215\"\/><\/a><br \/>\n&#8211; 200 000 habitants<br \/>\n&#8211; 405 km\u00b2<br \/>\n&#8211; 53 km de cours d\u2019eau principaux<br \/>\n(Cailly, Cl\u00e9rette, Aubette, Robec)<br \/>\n&#8211; 40 km de bras et affluents<br \/>\nLes SAGE sont issus des lois sur l\u2019eau de 1992 et 2006.<br \/>\nLes objectifs de gestion de l\u2019eau \u00e0 l\u2019\u00e9chelle europ\u00e9enne sont fix\u00e9s notamment par la Directive Cadre Europ\u00e9enne (DCE).<br \/>\nCelle-ci est transpos\u00e9e en droit fran\u00e7ais par la Loi sur l\u2019Eau et les Milieux Aquatiques (LEMA) de 2006.<br \/>\nCette loi est d\u00e9clin\u00e9e \u00e0 l\u2019\u00e9chelle des grands bassins hydrographiques par les Sch\u00e9mas Directeurs d\u2019Am\u00e9nagement et de Gestion des Eaux (SDAGE) et plus localement par les SAGE.<\/p>\n<p style=\"text-align: justify;\">Le SAGE, Sch\u00e9ma d\u2019Am\u00e9nagement et de Gestion des Eaux, est un outil de gestion et de planification de la politique de l\u2019eau sur les bassins versants des rivi\u00e8res du Cailly, de l\u2019Aubette et du Robec. Il cadre l\u2019ensemble des actions mises en oeuvre sur le territoire en mati\u00e8re de gestion de l\u2019eau et des milieux aquatiques.<\/p>\n<p style=\"text-align: justify;\">Un Plan d\u2019Am\u00e9nagement et de Gestion<br \/>\nDurable (PAGD) et un r\u00e8glement sont en cours de r\u00e9alisation.<br \/>\nToutes les d\u00e9cisions administratives prises dans le domaine de l\u2019eau sur le territoire (documents d\u2019urbanisme notamment) doivent \u00eatre compatibles au PAGD : elles ne doivent pas pr\u00e9senter de contradiction majeure avec le PAGD.<\/p>\n<p style=\"text-align: justify;\">Quel est son fonctionnement ?<br \/>\nL\u2019\u00e9laboration et la mise en oeuvre du SAGE reposent sur la concertation. Ainsi les repr\u00e9sentants des acteurs du territoire se r\u00e9unissent plusieurs fois par an au sein de la Commission Locale sur l\u2019Eau, la CLE. Cette assembl\u00e9e est une instance participative et d\u00e9cisionnelle locale de la politique de l\u2019eau. Elle est le \u00ab moteur \u00bb du SAGE.<br \/>\nSa composition est encadr\u00e9e par la loi.<br \/>\nUn territoire sensible\u2026<\/p>\n<p style=\"text-align: justify;\">&#8211; Un territoire sensible aux inondations : 1981, 1999, 2007\u2026<br \/>\n&#8211; Une ressource en eau potable sensible aux pollutions : turbidit\u00e9, bact\u00e9riologie, pesticides, solvants industriels\u2026<br \/>\n&#8211; Des rivi\u00e8res fortement impact\u00e9es par l\u2019homme : seuils, vannages, berges artificielles\u2026<\/p>\n<p style=\"text-align: justify;\">3 grands objectifs<br \/>\nS\u00e9curiser les biens et les personnes face aux risques d\u2019inondation et de ruissellement<br \/>\n&#8211; Garantir la p\u00e9rennit\u00e9 en qualit\u00e9 et en quantit\u00e9 de la ressource en eau potable<br \/>\n&#8211; D\u00e9velopper une approche globale et \u00e9quilibr\u00e9e des milieux et des \u00e9cosyst\u00e8mes li\u00e9s \u00e0 l\u2019eau<\/p>\n<p style=\"text-align: justify;\">Des actions concr\u00e8tes<br \/>\npour atteindre les objectifs\u2026<br \/>\n&#8211; Avis sur les permis de construire pour \u00e9viter l\u2019implantation en zone inondable.<br \/>\n&#8211; Sensibilisation des usagers (agriculteurs, collectivit\u00e9s, particuliers\u2026) pour r\u00e9duire l\u2019utilisation des pesticides et prot\u00e9ger la nappe souterraine.<br \/>\n-\u00c9laboration d\u2019un programme d\u2019entretien des rivi\u00e8res des sources \u00e0 la Seine.<br \/>\n&#8211; Acquisition de connaissances (\u00e9tude \u00e9rosion, \u00e9tude rivi\u00e8res, \u00e9tude zones humides\u2026) pour orienter les politiques publiques d\u2019am\u00e9nagement du territoire.<br \/>\n&#8211; Accompagnement des agriculteurs pour r\u00e9aliser des am\u00e9nagements du paysage (mare, haie\u2026)<\/p>\n<\/div>\n<p><a href=\"http:\/\/sagecaillyaubetterobec.fr\/\" target=\"_blank\" rel=\"noopener nofollow\" class=\"external external_icon\">Site Internet du SAGE Cailly Aubette Robec<\/a><\/p>\n","protected":false},"excerpt":{"rendered":"<p>La commune est repr\u00e9sent\u00e9e au sein du SAGE par la Communaut\u00e9 de communes LE SAGE CAILLY AUBETTE ROBEC &#8211; 70 communes &#8211; 200 000 habitants &#8211; 405 km\u00b2 &#8211; 53 km de cours d\u2019eau principaux (Cailly, Cl\u00e9rette, Aubette, Robec) &#8211; 40 km de bras et affluents Les SAGE sont issus des lois sur l\u2019eau de [&hellip;]<\/p>\n","protected":false},"author":1,"featured_media":0,"parent":284,"menu_order":4,"comment_status":"closed","ping_status":"open","template":"","meta":{"ngg_post_thumbnail":0,"footnotes":""},"class_list":["post-63","page","type-page","status-publish","hentry"],"_links":{"self":[{"href":"https:\/\/www.auzouvillesurry.fr\/wordpress\/wp-json\/wp\/v2\/pages\/63","targetHints":{"allow":["GET"]}}],"collection":[{"href":"https:\/\/www.auzouvillesurry.fr\/wordpress\/wp-json\/wp\/v2\/pages"}],"about":[{"href":"https:\/\/www.auzouvillesurry.fr\/wordpress\/wp-json\/wp\/v2\/types\/page"}],"author":[{"embeddable":true,"href":"https:\/\/www.auzouvillesurry.fr\/wordpress\/wp-json\/wp\/v2\/users\/1"}],"replies":[{"embeddable":true,"href":"https:\/\/www.auzouvillesurry.fr\/wordpress\/wp-json\/wp\/v2\/comments?post=63"}],"version-history":[{"count":7,"href":"https:\/\/www.auzouvillesurry.fr\/wordpress\/wp-json\/wp\/v2\/pages\/63\/revisions"}],"predecessor-version":[{"id":13168,"href":"https:\/\/www.auzouvillesurry.fr\/wordpress\/wp-json\/wp\/v2\/pages\/63\/revisions\/13168"}],"up":[{"embeddable":true,"href":"https:\/\/www.auzouvillesurry.fr\/wordpress\/wp-json\/wp\/v2\/pages\/284"}],"wp:attachment":[{"href":"https:\/\/www.auzouvillesurry.fr\/wordpress\/wp-json\/wp\/v2\/media?parent=63"}],"curies":[{"name":"wp","href":"https:\/\/api.w.org\/{rel}","templated":true}]}}