{"id":6220,"date":"2017-01-07T21:59:31","date_gmt":"2017-01-07T20:59:31","guid":{"rendered":"http:\/\/www.auzouvillesurry.fr\/wordpress\/?page_id=6220"},"modified":"2020-07-14T13:04:12","modified_gmt":"2020-07-14T12:04:12","slug":"glossaire","status":"publish","type":"page","link":"https:\/\/www.auzouvillesurry.fr\/wordpress\/vie-pratique\/glossaire\/","title":{"rendered":"Glossaire"},"content":{"rendered":"<table>\n<tbody>\n<tr>\n<td>\n<table>\n<tbody>\n<tr>\n<td width=\"67\">Ad\u2019ap<\/td>\n<td width=\"601\">Agenda d\u2019accessibilit\u00e9 programm\u00e9e<\/td>\n<\/tr>\n<tr><td width=\"67\">ADICO<\/td>\n<td width=\"601\">Association pour le d\u00e9veloppement et l\u2019innovation num\u00e9rique des collectivit\u00e9s<\/td>\n<\/tr>\n<tr>\n<td>ADMR<\/td>\n<td>Aide \u00e0 domicile en milieu rural<\/td>\n<\/tr>\n<tr>\n<td>AIPA<\/td>\n<td>Association Intercommunale pour le maintien \u00e0 domicile des Personnes Ag\u00e9es<\/td>\n<\/tr>\n<tr>\n<td>ALUR<\/td>\n<td>Acc\u00e8s au Logement et Urbanisme R\u00e9nov\u00e9 (loi)<\/td>\n<\/tr>\n<tr>\n<td>ARS<\/td>\n<td>Agence R\u00e9gionale de Sant\u00e9<\/td>\n<\/tr>\n<tr>\n<td>ASEPT<\/td>\n<td>Association sant\u00e9 \u00e9ducation et pr\u00e9vention sur les territoires<\/td>\n<\/tr>\n<tr>\n<td>AST<\/td>\n<td>Autorisation de Sortie du Territoire<\/td>\n<\/tr>\n<tr>\n<td>ATD76<\/td>\n<td>Agence Technique D\u00e9partementale<\/td>\n<\/tr>\n<tr>\n<td>BAU<\/td>\n<td>Bureau d\u2019Autorisation d\u2019Urbanisme<\/td>\n<\/tr>\n<tr>\n<td>BP<\/td>\n<td>Budget Previsionnel (\u00e9tat des recettes d\u00e9penses pr\u00e9vues pour l&rsquo;ann\u00e9e)<\/td>\n<\/tr>\n<tr>\n<td>CA<\/td>\n<td>Compte Administratif (\u00e9tat des recettes d\u00e9penses r\u00e9elles de l&rsquo;ann\u00e9e pr\u00e9c\u00e9dente)<\/td>\n<\/tr>\n<tr>\n<td>CCAS<\/td>\n<td>Centre Communal d\u2019Action Sociale<\/td>\n<\/tr>\n<tr>\n<td>CCI<\/td>\n<td>Chambre de commerce et d\u2019industrie<\/td>\n<\/tr>\n<tr>\n<td>CCICV<\/td>\n<td>Communaut\u00e9 de Communes Inter Caux Vexin<\/td>\n<\/tr>\n<tr>\n<td>CDC<\/td>\n<td>Caisse de d\u00e9p\u00f4ts et consignation<\/td>\n<\/tr>\n<tr>\n<td>CERFA<\/td>\n<td>Centre d&rsquo;Enregistrement et de R\u00e9vision des Formulaires Administratifs<\/td>\n<\/tr>\n<tr>\n<td>CGCT<\/td>\n<td>Code g\u00e9n\u00e9ral des collectivit\u00e9s territoriales<\/td>\n<\/tr>\n<tr>\n<td>CLE<\/td>\n<td>Comite local d\u2019\u00e9nergie<\/td>\n<\/tr>\n<tr>\n<td>CLIC<\/td>\n<td>Centre Local d\u2019Information et de Coordination&nbsp;<\/td>\n<\/tr>\n<tr>\n<td>CSPS<\/td>\n<td>Coordination S\u00e9curit\u00e9 et Protection de la Sant\u00e9<\/td>\n<\/tr>\n<tr>\n<td>DDTM<\/td>\n<td>Direction D\u00e9partementale des Territoires et de la Mer&nbsp;<\/td>\n<\/tr>\n<tr>\n<td>DETR<\/td>\n<td>Dotation d&rsquo;\u00c9quipement des Territoires Ruraux&nbsp;<\/td>\n<\/tr>\n<tr>\n<td>DIRNO<\/td>\n<td>Direction interd\u00e9partementale des routes Nord Ouest<\/td>\n<\/tr>\n<tr>\n<td>DRAAF<\/td>\n<td>Direction R\u00e9gionale de l\u2019Alimentation et de l\u2019Agriculture et de la For\u00eat<\/td>\n<\/tr>\n<tr>\n<td>EPCI<\/td>\n<td>\u00c9tablissement public de coop\u00e9ration intercommunal<\/td>\n<\/tr>\n<tr>\n<td>ERP<\/td>\n<td>Etablissement recevant du public<\/td>\n<\/tr>\n<tr>\n<td>FEDER<\/td>\n<td>Fonds europ\u00e9en de d\u00e9veloppement \u00e9conomique et r\u00e9gional<\/td>\n<\/tr>\n<tr>\n<td>FIPHFP<\/td>\n<td>Fonds pour l&rsquo;insertion des personnes handicap\u00e9es dans la fonction publique<\/td>\n<\/tr>\n<tr>\n<td>GEMAPI<\/td>\n<td>GEstion des Milieux Aquatiques et Pr\u00e9vention des Inondations<\/td>\n<\/tr>\n<tr>\n<td>LEADER<\/td>\n<td>Liaison entre actions de d\u00e9veloppement de l&rsquo;\u00e9conomie rurale<\/td>\n<\/tr>\n<tr>\n<td>NOTRe<\/td>\n<td>Nouvelle Organisation Territoriale de la R\u00e9publique (loi)<\/td>\n<\/tr>\n<tr>\n<td>ONF<\/td>\n<td>Office national des for\u00eats<\/td>\n<\/tr>\n<tr>\n<td>PADD<\/td>\n<td>Plan d\u2019am\u00e9nagement et de d\u00e9veloppement durable<\/td>\n<\/tr>\n<tr>\n<td>PCS<\/td>\n<td>Plan communal de sauvegarde<\/td>\n<\/tr>\n<tr>\n<td>PLUI<\/td>\n<td>Plan local d\u2019urbanisme intercommunal<\/td>\n<\/tr>\n<tr>\n<td>RAM<\/td>\n<td>Relais d\u2019assistant(e) maternel(le)<\/td>\n<\/tr>\n<tr>\n<td>RGPD<\/td>\n<td>r\u00e8glement g\u00e9n\u00e9ral sur la protection des donn\u00e9es<\/td>\n<\/tr>\n<tr>\n<td>RIFSEEP<\/td>\n<td>R\u00e9gime Indemnitaire tenant compte des Fonctions Suj\u00e9tions, Expertise et Engagement Professionnel<\/td>\n<\/tr>\n<tr>\n<td>SAGE<\/td>\n<td>Sch\u00e9ma d&rsquo;Am\u00e9nagement et de Gestion des Eaux<\/td>\n<\/tr>\n<tr>\n<td>SCOT<\/td>\n<td>Sch\u00e9ma de coh\u00e9rence territorial<\/td>\n<\/tr>\n<tr>\n<td>SDCI<\/td>\n<td>Sch\u00e9ma d\u00e9partemental de coop\u00e9ration intercommunal<\/td>\n<\/tr>\n<tr>\n<td>SDE<\/td>\n<td>Syndicat d\u00e9partemental d\u2019\u00e9nergies<\/td>\n<\/tr>\n<tr>\n<td>SIAEPA<\/td>\n<td>Syndicat intercommunal d\u2019adduction d\u2019eau potable et d\u2019assainissement du Crevon<\/td>\n<\/tr>\n<tr>\n<td>SIVOS<\/td>\n<td>Syndicat intercommunal \u00e0 vocation scolaire<\/td>\n<\/tr>\n<tr>\n<td>SMEDAR<\/td>\n<td>Syndicat Mixte d\u2019\u00c9limination des D\u00e9chets de l\u2019Arrondissement de Rouen<\/td>\n<\/tr>\n<tr>\n<td>SMN76<\/td>\n<td>Seine Maritime Num\u00e9rique<\/td>\n<\/tr>\n<tr>\n<td>SPANC<\/td>\n<td>Service public d\u2019assainissement non collectif<\/td>\n<\/tr>\n<tr>\n<td>SSIAD<\/td>\n<td>Services de soins infirmiers \u00e0 domicile<\/td>\n<\/tr>\n<tr>\n<td>SYMAC<\/td>\n<td>SYndicat&nbsp;Mixte d&rsquo;\u00e9tudes, d&rsquo;am\u00e9nagement et d&rsquo;entretien des bassins versants de l&rsquo;Andelle et du&nbsp;Crevon<\/td>\n<\/tr>\n<tr>\n<td>SYBA<\/td>\n<td>SYndicat de Bassin versant de l&rsquo;Andelle<\/td>\n<\/tr>\n<tr>\n<td>TA<\/td>\n<td>Taxe d\u2019Am\u00e9nagement<\/td>\n<\/tr>\n<tr>\n<td>TLE<\/td>\n<td>Taxe locale d\u2019Equipement<\/td>\n<\/tr>\n<tr>\n<td>UGAP<\/td>\n<td>union des groupements d\u2019achat public<\/td>\n<\/tr>\n<tr>\n<td>ZAE<\/td>\n<td>Zones d\u2019Activit\u00e9 Economique<\/td>\n<\/tr>\n<\/tbody>\n<\/table>\n<\/td>\n<\/tr>\n<\/tbody>\n<\/table>\n\n\n<p><\/p>\n","protected":false},"excerpt":{"rendered":"<p>Ad\u2019ap Agenda d\u2019accessibilit\u00e9 programm\u00e9e ADICO Association pour le d\u00e9veloppement et l\u2019innovation num\u00e9rique des collectivit\u00e9s ADMR Aide \u00e0 domicile en milieu rural AIPA Association Intercommunale pour le maintien \u00e0 domicile des Personnes Ag\u00e9es ALUR Acc\u00e8s au Logement et Urbanisme R\u00e9nov\u00e9 (loi) ARS Agence R\u00e9gionale de Sant\u00e9 ASEPT Association sant\u00e9 \u00e9ducation et pr\u00e9vention sur les territoires AST [&hellip;]<\/p>\n","protected":false},"author":1,"featured_media":0,"parent":101,"menu_order":0,"comment_status":"closed","ping_status":"closed","template":"","meta":{"ngg_post_thumbnail":0,"footnotes":""},"class_list":["post-6220","page","type-page","status-publish","hentry"],"_links":{"self":[{"href":"https:\/\/www.auzouvillesurry.fr\/wordpress\/wp-json\/wp\/v2\/pages\/6220","targetHints":{"allow":["GET"]}}],"collection":[{"href":"https:\/\/www.auzouvillesurry.fr\/wordpress\/wp-json\/wp\/v2\/pages"}],"about":[{"href":"https:\/\/www.auzouvillesurry.fr\/wordpress\/wp-json\/wp\/v2\/types\/page"}],"author":[{"embeddable":true,"href":"https:\/\/www.auzouvillesurry.fr\/wordpress\/wp-json\/wp\/v2\/users\/1"}],"replies":[{"embeddable":true,"href":"https:\/\/www.auzouvillesurry.fr\/wordpress\/wp-json\/wp\/v2\/comments?post=6220"}],"version-history":[{"count":8,"href":"https:\/\/www.auzouvillesurry.fr\/wordpress\/wp-json\/wp\/v2\/pages\/6220\/revisions"}],"predecessor-version":[{"id":10065,"href":"https:\/\/www.auzouvillesurry.fr\/wordpress\/wp-json\/wp\/v2\/pages\/6220\/revisions\/10065"}],"up":[{"embeddable":true,"href":"https:\/\/www.auzouvillesurry.fr\/wordpress\/wp-json\/wp\/v2\/pages\/101"}],"wp:attachment":[{"href":"https:\/\/www.auzouvillesurry.fr\/wordpress\/wp-json\/wp\/v2\/media?parent=6220"}],"curies":[{"name":"wp","href":"https:\/\/api.w.org\/{rel}","templated":true}]}}