{"id":6209,"date":"2017-01-07T21:00:13","date_gmt":"2017-01-07T20:00:13","guid":{"rendered":"http:\/\/www.auzouvillesurry.fr\/wordpress\/?page_id=6209"},"modified":"2026-02-25T15:42:45","modified_gmt":"2026-02-25T14:42:45","slug":"les-bulletins-municipaux","status":"publish","type":"page","link":"https:\/\/www.auzouvillesurry.fr\/wordpress\/vie-pratique\/les-bulletins-municipaux\/","title":{"rendered":"Les bulletins municipaux"},"content":{"rendered":"<p>&nbsp;Depuis 1977 les \u00e9quipes municipales successives diffusent des bulletins d&rsquo;information. Nous avons r\u00e9ussit \u00e0 retrouver les exemplaires \u00e0 partir de 1986. Aussi si vous poss\u00e9dez des bulletins communaux ne figurant pas dans la liste ci-dessous, merci de nous le signaler.<\/p>\n\n\n<div class=\"wp-block-columns is-layout-flex wp-container-core-columns-is-layout-9d6595d7 wp-block-columns-is-layout-flex\">\n<div class=\"wp-block-column is-layout-flow wp-block-column-is-layout-flow\">\n\n<p><strong>2026<\/strong><\/p>\n\n\n<p><a href=\"https:\/\/www.auzouvillesurry.fr\/wordpress\/wp-content\/uploads\/2026\/02\/bulletin-janvier-26.pdf\" target=\" _blank\" rel=\"noreferrer noopener\">Bulletin janvier 2026<\/a>&nbsp;\n\n<\/p><p><strong>2025<\/strong><\/p>\n\n\n\n<p><a href=\"https:\/\/www.auzouvillesurry.fr\/wordpress\/wp-content\/uploads\/2025\/02\/bulletin-2025.pdf\" target=\" _blank\" rel=\"noreferrer noopener\">Bulletin f\u00e9vrier 2025<\/a>&nbsp;\n<br \/><a href=\"https:\/\/www.auzouvillesurry.fr\/wordpress\/wp-content\/uploads\/2025\/12\/avril-pdf\" target=\" _blank\" rel=\"noreferrer noopener\">Bulletin mai 2025<\/a>&nbsp;\n<br \/><a href=\"https:\/\/www.auzouvillesurry.fr\/wordpress\/wp-content\/uploads\/2025\/12\/sept-pdf\" target=\" _blank\" rel=\"noreferrer noopener\">Bulletin octobre 2025<\/a>&nbsp;<\/p>\n\n\n\n\n<p><strong>2024<\/strong><\/p>\n\n\n\n<p><a href=\"https:\/\/www.auzouvillesurry.fr\/wordpress\/wp-content\/uploads\/2024\/02\/bulletin-janvier-2024.pdf\" target=\"_blank\" rel=\"noreferrer noopener\">Bulletin janvier 2024<\/a>&nbsp;\n<br \/><a href=\"https:\/\/www.auzouvillesurry.fr\/wordpress\/wp-content\/uploads\/2024\/07\/bulletin-mai-2024-def.pdf\" target=\" _blank\" rel=\"noreferrer noopener\">Bulletin mai 2024<\/a>&nbsp;\n<br \/><a href=\"https:\/\/www.auzouvillesurry.fr\/wordpress\/wp-content\/uploads\/2024\/11\/bulletin-septembre-2024.pdf\" target=\" _blank\" rel=\"noreferrer noopener\">Bulletin septembre 2024<\/a>&nbsp;<\/p>\n\n\n\n<p><strong>2023<\/strong><\/p>\n\n\n\n<p><a href=\"https:\/\/www.auzouvillesurry.fr\/wordpress\/wp-content\/uploads\/2023\/02\/bulletin-15-01-23.pdf\" target=\"_blank\" rel=\"noreferrer noopener\">Bulletin janvier 2023<\/a>&nbsp;\n<br \/><a href=\"https:\/\/www.auzouvillesurry.fr\/wordpress\/wp-content\/uploads\/2023\/05\/bulletin-15-04-2023.pdf\" target=\"_blank\" rel=\"noreferrer noopener\">Bulletin avril 2023<\/a>&nbsp;\n<br \/><a href=\"https:\/\/www.auzouvillesurry.fr\/wordpress\/wp-content\/uploads\/2023\/11\/bulletin-15-09-23comp.pdf\" target=\"_blank\" rel=\"noreferrer noopener\">Bulletin octobre 2023<\/a><\/p>\n\n\n\n<p><strong>2022<\/strong><\/p>\n\n\n\n<p><a href=\"https:\/\/www.auzouvillesurry.fr\/wordpress\/wp-content\/uploads\/2022\/02\/15-01-2022.pdf\" target=\"_blank\" rel=\"noreferrer noopener\">Bulletin Janvier 2022&nbsp;<\/a><br \/><a href=\"https:\/\/www.auzouvillesurry.fr\/wordpress\/wp-content\/uploads\/2022\/11\/bulletin15-04-22.pdf\" target=\"_blank\" rel=\"noreferrer noopener\">Bulletin avril 2022<\/a>&nbsp;<br \/><a href=\"https:\/\/www.auzouvillesurry.fr\/wordpress\/wp-content\/uploads\/2022\/11\/bulletin15-09-22-1.pdf\" target=\"_blank\" rel=\"noreferrer noopener\">Bulletin septembre 2022<\/a><\/p>\n\n\n\n<p><strong>2021<\/strong><\/p>\n\n\n\n<p><a href=\"https:\/\/www.auzouvillesurry.fr\/wordpress\/wp-content\/uploads\/2021\/02\/150120.pdf\" target=\"_blank\" rel=\"noreferrer noopener\">Bulletin Janvier 2021<\/a>&nbsp;<br \/><a href=\"https:\/\/www.auzouvillesurry.fr\/wordpress\/wp-content\/uploads\/2021\/05\/150421-1.pdf\" target=\"_blank\" rel=\"noreferrer noopener\">Bulletin avril 2021<\/a>&nbsp;<br \/><a href=\"https:\/\/www.auzouvillesurry.fr\/wordpress\/wp-content\/uploads\/2021\/11\/301021.pdf\" target=\"_blank\" rel=\"noreferrer noopener\">Bulletin novembre 2021<\/a><\/p>\n\n\n\n<p><strong>2020<\/strong><\/p>\n\n\n\n<p><a href=\"https:\/\/www.auzouvillesurry.fr\/wordpress\/wp-content\/uploads\/2020\/01\/bulletin-auzouville.pdf\" target=\"_blank\" rel=\"noreferrer noopener\">Bulletin janvier 2020<\/a>&nbsp;<br \/><a href=\"https:\/\/www.auzouvillesurry.fr\/wordpress\/wp-content\/uploads\/2020\/07\/Bulletin-auzouville.pdf\" target=\"_blank\" rel=\"noreferrer noopener\">Bulletin juillet 2020<\/a>&nbsp;<br \/><a href=\"https:\/\/www.auzouvillesurry.fr\/wordpress\/wp-content\/uploads\/2020\/11\/1610def.pdf\" target=\"_blank\" rel=\"noreferrer noopener\">Bulletin octobre 2020<\/a>&nbsp;<\/p>\n\n\n\n<p><strong>2019<\/strong><\/p>\n\n\n\n<p><a href=\"https:\/\/www.auzouvillesurry.fr\/wordpress\/wp-content\/uploads\/2019\/01\/Bulletin-auzouville-19-01.pdf\" target=\"_blank\" rel=\"noreferrer noopener\">&nbsp;Bulletin janvier 2019<\/a>&nbsp;<br \/><a href=\"https:\/\/www.auzouvillesurry.fr\/wordpress\/wp-content\/uploads\/2019\/10\/19-04.pdf\" target=\"_blank\" rel=\"noreferrer noopener\">&nbsp;Bulletin avril 2019<\/a>&nbsp;<br \/><a href=\"https:\/\/www.auzouvillesurry.fr\/wordpress\/wp-content\/uploads\/2019\/11\/1910.pdf\" target=\"_blank\" rel=\"noreferrer noopener\">&nbsp;Bulletin Octobre 2019<\/a>&nbsp;<\/p>\n\n\n\n<p><strong>2018<\/strong><\/p>\n\n\n\n<p><a href=\"https:\/\/www.auzouvillesurry.fr\/wordpress\/wp-content\/uploads\/2018\/01\/1801.pdf\" target=\"_blank\" rel=\"noreferrer noopener\">Bulletin Janvier 2018<\/a>&nbsp;<br \/><a href=\"https:\/\/www.auzouvillesurry.fr\/wordpress\/wp-content\/uploads\/2018\/04\/1804.pdf\" target=\"_blank\" rel=\"noreferrer noopener\">Bulletin avril 2018<\/a>&nbsp;<br \/><a href=\"https:\/\/www.auzouvillesurry.fr\/wordpress\/wp-content\/uploads\/2018\/11\/2018-octobre.pdf\" target=\"_blank\" rel=\"noreferrer noopener\">Bulletin octobre 2018<\/a><\/p>\n\n\n\n<p><strong>2017<\/strong><\/p>\n\n\n\n<p><a href=\"https:\/\/www.auzouvillesurry.fr\/wordpress\/wp-content\/uploads\/bulletin\/1701.pdf\" target=\"_blank\" rel=\"noreferrer noopener\">Bulletin janvier 2017<\/a><br \/><a href=\"https:\/\/www.auzouvillesurry.fr\/wordpress\/wp-content\/uploads\/2017\/01\/17-04.pdf\" target=\"_blank\" rel=\"noreferrer noopener\">Bulletin avril 2017&nbsp;<\/a>&nbsp;<br \/><a href=\"https:\/\/www.auzouvillesurry.fr\/wordpress\/wp-content\/uploads\/2017\/01\/bulletin-oct-2017-auzouville.pdf\" target=\"_blank\" rel=\"noreferrer noopener\">Bulletin octobre 2017<\/a><\/p>\n\n\n\n<p><strong>2016<\/strong><\/p>\n\n\n\n<p><a href=\"https:\/\/www.auzouvillesurry.fr\/wordpress\/wp-content\/uploads\/bulletin\/1601.pdf\" target=\"_blank\" rel=\"noreferrer noopener\">Bulletin janvier 2016<\/a><br \/><a href=\"https:\/\/www.auzouvillesurry.fr\/wordpress\/wp-content\/uploads\/bulletin\/1604.pdf\" target=\"_blank\" rel=\"noreferrer noopener\">Bulletin avril 2016<\/a><br \/><a href=\"https:\/\/www.auzouvillesurry.fr\/wordpress\/wp-content\/uploads\/bulletin\/1610.pdf\" target=\"_blank\" rel=\"noreferrer noopener\">Bulletin octobre 2016<\/a><\/p>\n<\/div>\n\n\n\n<div class=\"wp-block-column is-layout-flow wp-block-column-is-layout-flow\">\n<p><strong>2015<\/strong><\/p>\n\n\n\n<p><a href=\"https:\/\/www.auzouvillesurry.fr\/wordpress\/wp-content\/uploads\/bulletin\/1501.pdf\" target=\"_blank\" rel=\"noreferrer noopener\">Bulletin janvier 2015<\/a><br \/><a href=\"https:\/\/www.auzouvillesurry.fr\/wordpress\/wp-content\/uploads\/bulletin\/1504.pdf\" target=\"_blank\" rel=\"noreferrer noopener\">Bulletin avril 2015<\/a><br \/><a href=\"https:\/\/www.auzouvillesurry.fr\/wordpress\/wp-content\/uploads\/bulletin\/1510.pdf\" target=\"_blank\" rel=\"noreferrer noopener\">Bulletin octobre 2015<\/a><\/p>\n\n\n\n<p><strong>2014<\/strong><\/p>\n\n\n\n<p><a href=\"https:\/\/www.auzouvillesurry.fr\/wordpress\/wp-content\/uploads\/2018\/12\/1401.pdf\" target=\"_blank\" rel=\"noreferrer noopener\">Bulletin janvier 2014<\/a>&nbsp;<br \/><a href=\"https:\/\/www.auzouvillesurry.fr\/wordpress\/wp-content\/uploads\/2018\/12\/1404.pdf\" target=\"_blank\" rel=\"noreferrer noopener\">Bulletin avril 2014<\/a>&nbsp;<br \/><a href=\"https:\/\/www.auzouvillesurry.fr\/wordpress\/wp-content\/uploads\/2018\/12\/1410.pdf\" target=\"_blank\" rel=\"noreferrer noopener\">Bulletin octobre 2014<\/a><\/p>\n\n\n\n<p><strong>2013<\/strong><\/p>\n\n\n\n<p><a href=\"https:\/\/www.auzouvillesurry.fr\/wordpress\/wp-content\/uploads\/2018\/12\/1212.pdf\" target=\"_blank\" rel=\"noreferrer noopener\">Bulletin janvier 2013<\/a>&nbsp;<br \/><a href=\"https:\/\/www.auzouvillesurry.fr\/wordpress\/wp-content\/uploads\/2018\/12\/1304.pdf\" target=\"_blank\" rel=\"noreferrer noopener\">Bulletin avril 2013<\/a>&nbsp;<br \/><a href=\"https:\/\/www.auzouvillesurry.fr\/wordpress\/wp-content\/uploads\/2018\/12\/1309.pdf\" target=\"_blank\" rel=\"noreferrer noopener\">Bulletin octobre 2013<\/a><\/p>\n\n\n\n<p><strong>2012<\/strong><\/p>\n\n\n\n<p>&nbsp;<a href=\"https:\/\/www.auzouvillesurry.fr\/wordpress\/wp-content\/uploads\/2018\/12\/1201.pdf\" target=\"_blank\" rel=\"noreferrer noopener\">Bulletin janvier 2012<\/a><br \/><a href=\"https:\/\/www.auzouvillesurry.fr\/wordpress\/wp-content\/uploads\/2018\/12\/1204.pdf\" target=\"_blank\" rel=\"noreferrer noopener\">Bulletin avril 2012<\/a>&nbsp;<br \/><a href=\"https:\/\/www.auzouvillesurry.fr\/wordpress\/wp-content\/uploads\/2018\/12\/1210.pdf\" target=\"_blank\" rel=\"noreferrer noopener\">Bulletin octobre 2012<\/a><\/p>\n\n\n\n<p><strong>2011<\/strong><\/p>\n\n\n\n<p>&nbsp;<a href=\"https:\/\/www.auzouvillesurry.fr\/wordpress\/wp-content\/uploads\/2018\/12\/1101-1.pdf\" target=\"_blank\" rel=\"noreferrer noopener\">Bulletin janvier 2011<\/a><br \/><a href=\"https:\/\/www.auzouvillesurry.fr\/wordpress\/wp-content\/uploads\/2018\/12\/1104.pdf\" target=\"_blank\" rel=\"noreferrer noopener\">Bulletin avril 2011<\/a><br \/><a href=\"https:\/\/www.auzouvillesurry.fr\/wordpress\/wp-content\/uploads\/2018\/12\/1109.pdf\" target=\"_blank\" rel=\"noreferrer noopener\">Bulletin octobre 2011<\/a><\/p>\n\n\n\n<p><strong>2010<\/strong><\/p>\n\n\n\n<p><a href=\"https:\/\/www.auzouvillesurry.fr\/wordpress\/wp-content\/uploads\/2018\/12\/1001.pdf\" target=\"_blank\" rel=\"noreferrer noopener\">Bulletin janvier 2010<\/a><br \/><a href=\"https:\/\/www.auzouvillesurry.fr\/wordpress\/wp-content\/uploads\/2018\/12\/1004.pdf\" target=\"_blank\" rel=\"noreferrer noopener\">Bulletin avril 2010<\/a><br \/><a href=\"https:\/\/www.auzouvillesurry.fr\/wordpress\/wp-content\/uploads\/2018\/12\/1010.pdf\">Bulletin octobre 2010<\/a><\/p>\n\n\n\n<p><strong>2009<\/strong><\/p>\n\n\n\n<p><a rel=\"noreferrer noopener\" href=\"https:\/\/www.auzouvillesurry.fr\/wordpress\/wp-content\/uploads\/2018\/12\/Bul-2008.pdf\" target=\"_blank\">Bulletin janvier 2009<\/a><br \/><a rel=\"noreferrer noopener\" href=\"https:\/\/www.auzouvillesurry.fr\/wordpress\/wp-content\/uploads\/2018\/12\/0904.pdf\" target=\"_blank\">Bulletin avril 2009<\/a><br \/><a rel=\"noreferrer noopener\" href=\"https:\/\/www.auzouvillesurry.fr\/wordpress\/wp-content\/uploads\/2018\/12\/0909.pdf\" target=\"_blank\">Bulletin septembre 2009<\/a><\/p>\n\n\n\n<p><strong>2008<\/strong><\/p>\n\n\n\n<p><a href=\"https:\/\/www.auzouvillesurry.fr\/wordpress\/wp-content\/uploads\/2018\/12\/Bul-2007.pdf\" target=\"_blank\" rel=\"noreferrer noopener\">Bulletin 2007-2008<\/a><\/p>\n\n\n\n<p><strong>2007<\/strong><\/p>\n\n\n\n<p><a href=\"https:\/\/www.auzouvillesurry.fr\/wordpress\/wp-content\/uploads\/2018\/12\/Bul-2006.pdf\" target=\"_blank\" rel=\"noreferrer noopener\">Bulletin 2006-2007<\/a><\/p>\n\n\n\n<p><strong>2006<\/strong><\/p>\n\n\n\n<p><a href=\"https:\/\/www.auzouvillesurry.fr\/wordpress\/wp-content\/uploads\/2018\/12\/Bul-2005.pdf\" target=\"_blank\" rel=\"noreferrer noopener\">Bulletin 2005-2006<\/a><\/p>\n\n\n\n<p><strong>2005<br \/><\/strong><br \/><a rel=\"noreferrer noopener\" href=\"https:\/\/www.auzouvillesurry.fr\/wordpress\/wp-content\/uploads\/2018\/12\/Bul-2004.pdf\" target=\"_blank\">Bulletin 2004-2005<\/a><\/p>\n\n\n\n<p><strong>2004<\/strong><\/p>\n\n\n\n<p><a href=\"https:\/\/www.auzouvillesurry.fr\/wordpress\/wp-content\/uploads\/2018\/12\/Bul-2003.pdf\" target=\"_blank\" rel=\"noreferrer noopener\">Bulletin 2003-2004<\/a><\/p>\n\n\n\n<p><strong>2003<\/strong><\/p>\n\n\n\n<p><a href=\"https:\/\/www.auzouvillesurry.fr\/wordpress\/wp-content\/uploads\/2018\/12\/Bul-2002.pdf\" target=\"_blank\" rel=\"noreferrer noopener\">Bulletin 2002-2003<\/a><\/p>\n\n\n\n<p><strong>2002<\/strong><\/p>\n\n\n\n<p><a href=\"https:\/\/www.auzouvillesurry.fr\/wordpress\/wp-content\/uploads\/2023\/08\/bulletin-2002.pdf\" target=\"_blank\" rel=\"noreferrer noopener\">bulletin-2002<\/a><\/p>\n\n\n\n<p><strong>2001<\/strong><\/p>\n\n\n\n<p><a href=\"https:\/\/www.auzouvillesurry.fr\/wordpress\/wp-content\/uploads\/2023\/08\/bulletin-2001.pdf\" target=\"_blank\" rel=\"noreferrer noopener\">bulletin-2001<\/a><\/p>\n\n\n\n<p><strong>2000<\/strong><\/p>\n\n\n\n<p><a rel=\"noreferrer noopener\" href=\"https:\/\/www.auzouvillesurry.fr\/wordpress\/wp-content\/uploads\/2023\/08\/bulletin-2000.pdf\" target=\"_blank\">bulletin-2000<\/a> <\/p>\n\n\n\n<p><a href=\"https:\/\/www.auzouvillesurry.fr\/wordpress\/wp-content\/uploads\/2019\/02\/2000.pdf\" target=\"_blank\" rel=\"noreferrer noopener\">Bulletin janvier 2000<\/a><\/p>\n<\/div>\n\n\n\n<div class=\"wp-block-column is-layout-flow wp-block-column-is-layout-flow\">\n<p><strong>1999<\/strong><\/p>\n\n\n\n<p><a rel=\"noreferrer noopener\" href=\"https:\/\/www.auzouvillesurry.fr\/wordpress\/wp-content\/uploads\/2023\/08\/bulletin-1999.pdf\" target=\"_blank\">bulletin-1999<\/a>  <br \/><a rel=\"noreferrer noopener\" href=\"https:\/\/www.auzouvillesurry.fr\/wordpress\/wp-content\/uploads\/2019\/02\/ete1999.pdf\" target=\"_blank\">Bulletin \u00e9t\u00e91999<\/a><\/p>\n\n\n\n<p><strong>1998<\/strong><\/p>\n\n\n\n<p><a href=\"https:\/\/www.auzouvillesurry.fr\/wordpress\/wp-content\/uploads\/2023\/08\/bulletin-1998.pdf\" target=\"_blank\" rel=\"noreferrer noopener\">Bulletin 1998<\/a><br \/><a rel=\"noreferrer noopener\" href=\"https:\/\/www.auzouvillesurry.fr\/wordpress\/wp-content\/uploads\/2019\/02\/1997.pdf\" target=\"_blank\">Bulletin 1997 1998<\/a>&nbsp;<br \/><a rel=\"noreferrer noopener\" href=\"https:\/\/www.auzouvillesurry.fr\/wordpress\/wp-content\/uploads\/2019\/02\/ete1998.pdf\" target=\"_blank\">Bulletin \u00e9t\u00e9 1998<\/a><\/p>\n\n\n\n<p><strong>1997<\/strong><\/p>\n\n\n\n<p><a href=\"https:\/\/www.auzouvillesurry.fr\/wordpress\/wp-content\/uploads\/2019\/02\/1996-1997.pdf\" target=\"_blank\" rel=\"noreferrer noopener\">Bulletin 1996-1997<\/a>&nbsp;<br \/><a rel=\"noreferrer noopener\" href=\"https:\/\/www.auzouvillesurry.fr\/wordpress\/wp-content\/uploads\/2019\/02\/ete1997.pdf\" target=\"_blank\">Bulletin \u00e9t\u00e9 1997<\/a><\/p>\n\n\n\n<p><strong>1996<\/strong><\/p>\n\n\n\n<p><a href=\"https:\/\/www.auzouvillesurry.fr\/wordpress\/wp-content\/uploads\/2019\/02\/1995-1996.pdf\" target=\"_blank\" rel=\"noreferrer noopener\">Bulletin 1995-1996<\/a><br \/><a href=\"https:\/\/www.auzouvillesurry.fr\/wordpress\/wp-content\/uploads\/2019\/02\/ete1996.pdf\" target=\"_blank\" rel=\"noreferrer noopener\">Bulletin \u00e9t\u00e9 1996<\/a><\/p>\n\n\n\n<p><strong>1995<\/strong><\/p>\n\n\n\n<p><a href=\"https:\/\/www.auzouvillesurry.fr\/wordpress\/wp-content\/uploads\/2019\/02\/janvier1995.pdf\" target=\"_blank\" rel=\"noreferrer noopener\">Bulletin janvier 1995<\/a><\/p>\n\n\n\n<p><strong>1994<\/strong><\/p>\n\n\n\n<p><a href=\"https:\/\/www.auzouvillesurry.fr\/wordpress\/wp-content\/uploads\/2023\/08\/1994.pdf\" target=\"_blank\" rel=\"noreferrer noopener\">Bulletin 1994<\/a><\/p>\n\n\n\n<p><strong>1993<\/strong><\/p>\n\n\n\n<p><a href=\"https:\/\/www.auzouvillesurry.fr\/wordpress\/wp-content\/uploads\/2019\/02\/janvier1993.pdf\" target=\"_blank\" rel=\"noreferrer noopener\">Bulletin janvier 1993<\/a><\/p>\n\n\n\n<p><strong>1992<\/strong><\/p>\n\n\n\n<p><a href=\"https:\/\/www.auzouvillesurry.fr\/wordpress\/wp-content\/uploads\/2019\/02\/janvier1992.pdf\">Bulletin janvier 1992<\/a>&nbsp;<br \/><a href=\"https:\/\/www.auzouvillesurry.fr\/wordpress\/wp-content\/uploads\/2019\/02\/mai1992.pdf\" target=\"_blank\" rel=\"noreferrer noopener\">Bulletin mai 1992<\/a>&nbsp;<br \/><a href=\"https:\/\/www.auzouvillesurry.fr\/wordpress\/wp-content\/uploads\/2019\/02\/aout1992.pdf\" target=\"_blank\" rel=\"noreferrer noopener\">Bulletin ao\u00fbt 1992<\/a><\/p>\n\n\n\n<p><strong>1991<\/strong><\/p>\n\n\n\n<p><a href=\"https:\/\/www.auzouvillesurry.fr\/wordpress\/wp-content\/uploads\/2019\/02\/avril1991.pdf\">Bulletin avril 1991<\/a>&nbsp;<br \/><a href=\"https:\/\/www.auzouvillesurry.fr\/wordpress\/wp-content\/uploads\/2019\/02\/octobre1991.pdf\" target=\"_blank\" rel=\"noreferrer noopener\">Bulletin octobre 1991<\/a><\/p>\n\n\n\n<p><strong>1990<\/strong><\/p>\n\n\n\n<p><a href=\"https:\/\/www.auzouvillesurry.fr\/wordpress\/wp-content\/uploads\/2019\/02\/decembre1990.pdf\" target=\"_blank\" rel=\"noreferrer noopener\">Bulletin d\u00e9cembre 1990<\/a><\/p>\n\n\n\n<p><strong>1989<\/strong><\/p>\n\n\n\n<p><a href=\"https:\/\/www.auzouvillesurry.fr\/wordpress\/wp-content\/uploads\/2019\/02\/decembre1989.pdf\">Bulletin d\u00e9cembre 1989<\/a><\/p>\n\n\n\n<p><strong>1988<\/strong><\/p>\n\n\n\n<p><a href=\"https:\/\/www.auzouvillesurry.fr\/wordpress\/wp-content\/uploads\/2019\/02\/decembre1988.pdf\" target=\"_blank\" rel=\"noreferrer noopener\">Bulletin d\u00e9cembre 1988<\/a><\/p>\n\n\n\n<p><strong>1987<\/strong><\/p>\n\n\n\n<p><a href=\"https:\/\/www.auzouvillesurry.fr\/wordpress\/wp-content\/uploads\/2019\/02\/decembre1987.pdf\" target=\"_blank\" rel=\"noreferrer noopener\">Bulletin d\u00e9cembre 1987<\/a><\/p>\n\n\n\n<p><strong>1986<\/strong><\/p>\n\n\n\n<p><a href=\"https:\/\/www.auzouvillesurry.fr\/wordpress\/wp-content\/uploads\/2019\/02\/decembre1986.pdf\" target=\"_blank\" rel=\"noreferrer noopener\">Bulletin d\u00e9cembre 1986<\/a><\/p>\n<\/div>\n<\/div>\n\n\n\n<div class=\"wp-block-columns is-layout-flex wp-container-core-columns-is-layout-9d6595d7 wp-block-columns-is-layout-flex\"><\/div>\n\n\n\n\n","protected":false},"excerpt":{"rendered":"<p>&nbsp;Depuis 1977 les \u00e9quipes municipales successives diffusent des bulletins d&rsquo;information. Nous avons r\u00e9ussit \u00e0 retrouver les exemplaires \u00e0 partir de 1986. Aussi si vous poss\u00e9dez des bulletins communaux ne figurant pas dans la liste ci-dessous, merci de nous le signaler. 2026 2025 Bulletin f\u00e9vrier 2025&nbsp; Bulletin mai 2025&nbsp; Bulletin octobre 2025&nbsp; 2024 Bulletin janvier 2024&nbsp; [&hellip;]<\/p>\n","protected":false},"author":1,"featured_media":0,"parent":101,"menu_order":0,"comment_status":"closed","ping_status":"closed","template":"","meta":{"ngg_post_thumbnail":0,"iawp_total_views":8,"footnotes":""},"class_list":["post-6209","page","type-page","status-publish","hentry"],"_links":{"self":[{"href":"https:\/\/www.auzouvillesurry.fr\/wordpress\/wp-json\/wp\/v2\/pages\/6209","targetHints":{"allow":["GET"]}}],"collection":[{"href":"https:\/\/www.auzouvillesurry.fr\/wordpress\/wp-json\/wp\/v2\/pages"}],"about":[{"href":"https:\/\/www.auzouvillesurry.fr\/wordpress\/wp-json\/wp\/v2\/types\/page"}],"author":[{"embeddable":true,"href":"https:\/\/www.auzouvillesurry.fr\/wordpress\/wp-json\/wp\/v2\/users\/1"}],"replies":[{"embeddable":true,"href":"https:\/\/www.auzouvillesurry.fr\/wordpress\/wp-json\/wp\/v2\/comments?post=6209"}],"version-history":[{"count":100,"href":"https:\/\/www.auzouvillesurry.fr\/wordpress\/wp-json\/wp\/v2\/pages\/6209\/revisions"}],"predecessor-version":[{"id":13728,"href":"https:\/\/www.auzouvillesurry.fr\/wordpress\/wp-json\/wp\/v2\/pages\/6209\/revisions\/13728"}],"up":[{"embeddable":true,"href":"https:\/\/www.auzouvillesurry.fr\/wordpress\/wp-json\/wp\/v2\/pages\/101"}],"wp:attachment":[{"href":"https:\/\/www.auzouvillesurry.fr\/wordpress\/wp-json\/wp\/v2\/media?parent=6209"}],"curies":[{"name":"wp","href":"https:\/\/api.w.org\/{rel}","templated":true}]}}