{"id":6129,"date":"2016-12-12T11:08:39","date_gmt":"2016-12-12T10:08:39","guid":{"rendered":"http:\/\/www.auzouvillesurry.fr\/wordpress\/?page_id=6129"},"modified":"2017-11-07T14:14:48","modified_gmt":"2017-11-07T13:14:48","slug":"spectacle-de-noel-du-10-decembre-2016","status":"publish","type":"page","link":"https:\/\/www.auzouvillesurry.fr\/wordpress\/vie-associative\/animation-village\/spectacle-de-noel-du-10-decembre-2016\/","title":{"rendered":"Spectacle de No\u00ebl du 10 d\u00e9cembre 2016"},"content":{"rendered":"<p>Des artistes en herbes encadr\u00e9s par des b\u00e9n\u00e9voles imaginatifs, des clowns d\u00e9chain\u00e9s et le p\u00e8re No\u00ebl tr\u00e8s attendu pour cette \u00e9dition du spectacle organis\u00e9 par l&rsquo;association Animation Village avec le soutien de la municipalit\u00e9.<\/p>ngg_shortcode_0_placeholder","protected":false},"excerpt":{"rendered":"<p>Des artistes en herbes encadr\u00e9s par des b\u00e9n\u00e9voles imaginatifs, des clowns d\u00e9chain\u00e9s et le p\u00e8re No\u00ebl tr\u00e8s attendu pour cette \u00e9dition du spectacle organis\u00e9 par l&rsquo;association Animation Village avec le soutien de la municipalit\u00e9.<\/p>\n","protected":false},"author":1,"featured_media":0,"parent":876,"menu_order":1612,"comment_status":"closed","ping_status":"closed","template":"","meta":{"ngg_post_thumbnail":0,"iawp_total_views":0,"footnotes":""},"class_list":["post-6129","page","type-page","status-publish","hentry"],"_links":{"self":[{"href":"https:\/\/www.auzouvillesurry.fr\/wordpress\/wp-json\/wp\/v2\/pages\/6129","targetHints":{"allow":["GET"]}}],"collection":[{"href":"https:\/\/www.auzouvillesurry.fr\/wordpress\/wp-json\/wp\/v2\/pages"}],"about":[{"href":"https:\/\/www.auzouvillesurry.fr\/wordpress\/wp-json\/wp\/v2\/types\/page"}],"author":[{"embeddable":true,"href":"https:\/\/www.auzouvillesurry.fr\/wordpress\/wp-json\/wp\/v2\/users\/1"}],"replies":[{"embeddable":true,"href":"https:\/\/www.auzouvillesurry.fr\/wordpress\/wp-json\/wp\/v2\/comments?post=6129"}],"version-history":[{"count":1,"href":"https:\/\/www.auzouvillesurry.fr\/wordpress\/wp-json\/wp\/v2\/pages\/6129\/revisions"}],"predecessor-version":[{"id":6130,"href":"https:\/\/www.auzouvillesurry.fr\/wordpress\/wp-json\/wp\/v2\/pages\/6129\/revisions\/6130"}],"up":[{"embeddable":true,"href":"https:\/\/www.auzouvillesurry.fr\/wordpress\/wp-json\/wp\/v2\/pages\/876"}],"wp:attachment":[{"href":"https:\/\/www.auzouvillesurry.fr\/wordpress\/wp-json\/wp\/v2\/media?parent=6129"}],"curies":[{"name":"wp","href":"https:\/\/api.w.org\/{rel}","templated":true}]}}