{"id":6127,"date":"2016-12-12T11:04:12","date_gmt":"2016-12-12T10:04:12","guid":{"rendered":"http:\/\/www.auzouvillesurry.fr\/wordpress\/?page_id=6127"},"modified":"2017-11-07T14:15:24","modified_gmt":"2017-11-07T13:15:24","slug":"rallye-velo-du-25-septembre-2016","status":"publish","type":"page","link":"https:\/\/www.auzouvillesurry.fr\/wordpress\/vie-associative\/animation-village\/rallye-velo-du-25-septembre-2016\/","title":{"rendered":"Rallye v\u00e9lo du 25 septembre 2016"},"content":{"rendered":"<p>La r\u00e9ussite \u00e9tait encore une fois au rendez-vous du rallye v\u00e9lo organis\u00e9 par l&rsquo;association Animation Village<\/p>ngg_shortcode_0_placeholder","protected":false},"excerpt":{"rendered":"<p>La r\u00e9ussite \u00e9tait encore une fois au rendez-vous du rallye v\u00e9lo organis\u00e9 par l&rsquo;association Animation Village<\/p>\n","protected":false},"author":1,"featured_media":0,"parent":876,"menu_order":1609,"comment_status":"closed","ping_status":"closed","template":"","meta":{"ngg_post_thumbnail":0,"footnotes":""},"class_list":["post-6127","page","type-page","status-publish","hentry"],"_links":{"self":[{"href":"https:\/\/www.auzouvillesurry.fr\/wordpress\/wp-json\/wp\/v2\/pages\/6127","targetHints":{"allow":["GET"]}}],"collection":[{"href":"https:\/\/www.auzouvillesurry.fr\/wordpress\/wp-json\/wp\/v2\/pages"}],"about":[{"href":"https:\/\/www.auzouvillesurry.fr\/wordpress\/wp-json\/wp\/v2\/types\/page"}],"author":[{"embeddable":true,"href":"https:\/\/www.auzouvillesurry.fr\/wordpress\/wp-json\/wp\/v2\/users\/1"}],"replies":[{"embeddable":true,"href":"https:\/\/www.auzouvillesurry.fr\/wordpress\/wp-json\/wp\/v2\/comments?post=6127"}],"version-history":[{"count":1,"href":"https:\/\/www.auzouvillesurry.fr\/wordpress\/wp-json\/wp\/v2\/pages\/6127\/revisions"}],"predecessor-version":[{"id":6128,"href":"https:\/\/www.auzouvillesurry.fr\/wordpress\/wp-json\/wp\/v2\/pages\/6127\/revisions\/6128"}],"up":[{"embeddable":true,"href":"https:\/\/www.auzouvillesurry.fr\/wordpress\/wp-json\/wp\/v2\/pages\/876"}],"wp:attachment":[{"href":"https:\/\/www.auzouvillesurry.fr\/wordpress\/wp-json\/wp\/v2\/media?parent=6127"}],"curies":[{"name":"wp","href":"https:\/\/api.w.org\/{rel}","templated":true}]}}