{"id":58,"date":"2014-10-29T21:04:15","date_gmt":"2014-10-29T20:04:15","guid":{"rendered":"http:\/\/www.auzouvillesurry.fr\/wordpress\/?page_id=58"},"modified":"2026-03-23T11:59:38","modified_gmt":"2026-03-23T10:59:38","slug":"les-commissions","status":"publish","type":"page","link":"https:\/\/www.auzouvillesurry.fr\/wordpress\/vie-municipale-2\/les-commissions\/","title":{"rendered":"Les commissions"},"content":{"rendered":"<div class=\"entry-content\">\n<p><b>Commission d\u2019Appel d\u2019offre<\/b>&nbsp;:<\/p>\n<p align=\"justify\">Titulaires :&nbsp;<br \/>Suppl\u00e9ant :&nbsp;<\/p>\n<p><b>Commission de Communication&nbsp;:<\/b><\/p>\n<p align=\"justify\">&nbsp;<\/p>\n<p><b>Commission des finances&nbsp;:<\/b><\/p>\n<p align=\"justify\">&nbsp;<\/p>\n<p><b>Commission des Imp\u00f4ts directs&nbsp;:<br \/>Titulaires&nbsp;:<\/b>&nbsp;<br \/><b>Suppl\u00e9ants :&nbsp;<\/b><\/p>\n<p><b>Commission de r\u00e9vision de la liste \u00e9lectorale&nbsp;:<\/b><\/p>\n<p align=\"justify\">&nbsp;<\/p>\n<p><b>Commission d\u2019urbanisme<\/b><\/p>\n<p align=\"justify\">&nbsp;<\/p>\n<p align=\"justify\"><strong>Commission cimeti\u00e8re<\/strong><\/p>\n<p align=\"justify\">&nbsp;<\/p>\n<\/div>\n<p align=\"justify\"><strong>Commission citoyenne<\/strong><\/p>\n<p align=\"justify\">&nbsp;<\/p>\n<p align=\"justify\"><strong>Commission travaux<\/strong><\/p>\n<p align=\"justify\">&nbsp;<\/p>\n<p align=\"justify\">&nbsp;<\/p>\n\n\n<p><\/p>\n","protected":false},"excerpt":{"rendered":"<p>Commission d\u2019Appel d\u2019offre&nbsp;: Titulaires :&nbsp;Suppl\u00e9ant :&nbsp; Commission de Communication&nbsp;: &nbsp; Commission des finances&nbsp;: &nbsp; Commission des Imp\u00f4ts directs&nbsp;:Titulaires&nbsp;:&nbsp;Suppl\u00e9ants :&nbsp; Commission de r\u00e9vision de la liste \u00e9lectorale&nbsp;: &nbsp; Commission d\u2019urbanisme &nbsp; Commission cimeti\u00e8re &nbsp; Commission citoyenne &nbsp; Commission travaux &nbsp; &nbsp;<\/p>\n","protected":false},"author":1,"featured_media":0,"parent":145,"menu_order":2,"comment_status":"closed","ping_status":"open","template":"","meta":{"ngg_post_thumbnail":0,"iawp_total_views":0,"footnotes":""},"class_list":["post-58","page","type-page","status-publish","hentry"],"_links":{"self":[{"href":"https:\/\/www.auzouvillesurry.fr\/wordpress\/wp-json\/wp\/v2\/pages\/58","targetHints":{"allow":["GET"]}}],"collection":[{"href":"https:\/\/www.auzouvillesurry.fr\/wordpress\/wp-json\/wp\/v2\/pages"}],"about":[{"href":"https:\/\/www.auzouvillesurry.fr\/wordpress\/wp-json\/wp\/v2\/types\/page"}],"author":[{"embeddable":true,"href":"https:\/\/www.auzouvillesurry.fr\/wordpress\/wp-json\/wp\/v2\/users\/1"}],"replies":[{"embeddable":true,"href":"https:\/\/www.auzouvillesurry.fr\/wordpress\/wp-json\/wp\/v2\/comments?post=58"}],"version-history":[{"count":9,"href":"https:\/\/www.auzouvillesurry.fr\/wordpress\/wp-json\/wp\/v2\/pages\/58\/revisions"}],"predecessor-version":[{"id":13751,"href":"https:\/\/www.auzouvillesurry.fr\/wordpress\/wp-json\/wp\/v2\/pages\/58\/revisions\/13751"}],"up":[{"embeddable":true,"href":"https:\/\/www.auzouvillesurry.fr\/wordpress\/wp-json\/wp\/v2\/pages\/145"}],"wp:attachment":[{"href":"https:\/\/www.auzouvillesurry.fr\/wordpress\/wp-json\/wp\/v2\/media?parent=58"}],"curies":[{"name":"wp","href":"https:\/\/api.w.org\/{rel}","templated":true}]}}