{"id":5710,"date":"2016-12-02T21:33:05","date_gmt":"2016-12-02T20:33:05","guid":{"rendered":"http:\/\/www.auzouvillesurry.fr\/wordpress\/?page_id=5710"},"modified":"2016-12-02T21:33:05","modified_gmt":"2016-12-02T20:33:05","slug":"repas-du-club-des-bons-amis-du-26-novembre-2016","status":"publish","type":"page","link":"https:\/\/www.auzouvillesurry.fr\/wordpress\/vie-associative\/les-bons-amis\/repas-du-club-des-bons-amis-du-26-novembre-2016\/","title":{"rendered":"Repas du club des Bons Amis du 26 novembre 2016"},"content":{"rendered":"<p>Un bon repas pr\u00e9par\u00e9 par Fran\u00e7oise, une bonne ambiance gr\u00e2ce aux musiciens de M\u00e9lody R\u00e9tro, bref une agr\u00e9able journ\u00e9e appr\u00e9ci\u00e9e de tous les participants<\/p>ngg_shortcode_0_placeholder","protected":false},"excerpt":{"rendered":"<p>Un bon repas pr\u00e9par\u00e9 par Fran\u00e7oise, une bonne ambiance gr\u00e2ce aux musiciens de M\u00e9lody R\u00e9tro, bref une agr\u00e9able journ\u00e9e appr\u00e9ci\u00e9e de tous les participants<\/p>\n","protected":false},"author":1,"featured_media":0,"parent":310,"menu_order":0,"comment_status":"closed","ping_status":"closed","template":"","meta":{"ngg_post_thumbnail":0,"footnotes":""},"class_list":["post-5710","page","type-page","status-publish","hentry"],"_links":{"self":[{"href":"https:\/\/www.auzouvillesurry.fr\/wordpress\/wp-json\/wp\/v2\/pages\/5710","targetHints":{"allow":["GET"]}}],"collection":[{"href":"https:\/\/www.auzouvillesurry.fr\/wordpress\/wp-json\/wp\/v2\/pages"}],"about":[{"href":"https:\/\/www.auzouvillesurry.fr\/wordpress\/wp-json\/wp\/v2\/types\/page"}],"author":[{"embeddable":true,"href":"https:\/\/www.auzouvillesurry.fr\/wordpress\/wp-json\/wp\/v2\/users\/1"}],"replies":[{"embeddable":true,"href":"https:\/\/www.auzouvillesurry.fr\/wordpress\/wp-json\/wp\/v2\/comments?post=5710"}],"version-history":[{"count":1,"href":"https:\/\/www.auzouvillesurry.fr\/wordpress\/wp-json\/wp\/v2\/pages\/5710\/revisions"}],"predecessor-version":[{"id":5711,"href":"https:\/\/www.auzouvillesurry.fr\/wordpress\/wp-json\/wp\/v2\/pages\/5710\/revisions\/5711"}],"up":[{"embeddable":true,"href":"https:\/\/www.auzouvillesurry.fr\/wordpress\/wp-json\/wp\/v2\/pages\/310"}],"wp:attachment":[{"href":"https:\/\/www.auzouvillesurry.fr\/wordpress\/wp-json\/wp\/v2\/media?parent=5710"}],"curies":[{"name":"wp","href":"https:\/\/api.w.org\/{rel}","templated":true}]}}