{"id":5619,"date":"2016-11-22T16:59:18","date_gmt":"2016-11-22T15:59:18","guid":{"rendered":"http:\/\/www.auzouvillesurry.fr\/wordpress\/?page_id=5619"},"modified":"2018-05-11T19:54:40","modified_gmt":"2018-05-11T18:54:40","slug":"spectacle-du-club-des-bons-amis-du-20-novembre-2016","status":"publish","type":"page","link":"https:\/\/www.auzouvillesurry.fr\/wordpress\/vie-associative\/les-bons-amis\/spectacle-du-club-des-bons-amis-du-20-novembre-2016\/","title":{"rendered":"Spectacle du club des Bons Amis du 20 novembre 2016"},"content":{"rendered":"<p>Chansons et sayn\u00e8tes ont anim\u00e9\u00a0 cet apr\u00e8s midi r\u00e9cr\u00e9atif.<\/p>ngg_shortcode_0_placeholder","protected":false},"excerpt":{"rendered":"<p>Chansons et sayn\u00e8tes ont anim\u00e9\u00a0 cet apr\u00e8s midi r\u00e9cr\u00e9atif.<\/p>\n","protected":false},"author":1,"featured_media":0,"parent":310,"menu_order":0,"comment_status":"closed","ping_status":"closed","template":"","meta":{"ngg_post_thumbnail":0,"footnotes":""},"class_list":["post-5619","page","type-page","status-publish","hentry"],"_links":{"self":[{"href":"https:\/\/www.auzouvillesurry.fr\/wordpress\/wp-json\/wp\/v2\/pages\/5619","targetHints":{"allow":["GET"]}}],"collection":[{"href":"https:\/\/www.auzouvillesurry.fr\/wordpress\/wp-json\/wp\/v2\/pages"}],"about":[{"href":"https:\/\/www.auzouvillesurry.fr\/wordpress\/wp-json\/wp\/v2\/types\/page"}],"author":[{"embeddable":true,"href":"https:\/\/www.auzouvillesurry.fr\/wordpress\/wp-json\/wp\/v2\/users\/1"}],"replies":[{"embeddable":true,"href":"https:\/\/www.auzouvillesurry.fr\/wordpress\/wp-json\/wp\/v2\/comments?post=5619"}],"version-history":[{"count":5,"href":"https:\/\/www.auzouvillesurry.fr\/wordpress\/wp-json\/wp\/v2\/pages\/5619\/revisions"}],"predecessor-version":[{"id":7603,"href":"https:\/\/www.auzouvillesurry.fr\/wordpress\/wp-json\/wp\/v2\/pages\/5619\/revisions\/7603"}],"up":[{"embeddable":true,"href":"https:\/\/www.auzouvillesurry.fr\/wordpress\/wp-json\/wp\/v2\/pages\/310"}],"wp:attachment":[{"href":"https:\/\/www.auzouvillesurry.fr\/wordpress\/wp-json\/wp\/v2\/media?parent=5619"}],"curies":[{"name":"wp","href":"https:\/\/api.w.org\/{rel}","templated":true}]}}