{"id":5520,"date":"2016-10-23T19:49:22","date_gmt":"2016-10-23T18:49:22","guid":{"rendered":"http:\/\/www.auzouvillesurry.fr\/wordpress\/?page_id=5520"},"modified":"2026-02-17T17:04:39","modified_gmt":"2026-02-17T16:04:39","slug":"une-histoire-de-mon-village","status":"publish","type":"page","link":"https:\/\/www.auzouvillesurry.fr\/wordpress\/histoire-et-patrimoine\/une-histoire-de-mon-village\/","title":{"rendered":"Une histoire de mon village"},"content":{"rendered":"<p>Vous retrouverez sur cette page des petites et des grandes histoires, des anecdotes racont\u00e9es par Auzouvillais d&rsquo;hier et d&rsquo;aujourd&rsquo;hui.<br \/>\nCertaines de ces pages ont \u00e9t\u00e9 \u00e9crites dans le cadre d&rsquo;un concours organis\u00e9 par la biblioth\u00e8que d&rsquo;Auzouville en juin 1997.<br \/>\nA votre tour, vous avez envie de partager un moment de l&rsquo;histoire de notre village, de dresser un portrait&#8230;, n&rsquo;h\u00e9sitez pas \u00e0 le faire parvenir \u00e0 la Mairie nous nous ferons une joie de le publier ici.<\/p>\n<p>Les pages ci-dessous ont \u00e9t\u00e9 num\u00e9ris\u00e9es \u00e0 partir de documents dactylographi\u00e9s, elles peuvent encore comporter quelques coquilles, n&rsquo;h\u00e9sitez pas \u00e0 nous en faire part.<\/p>\n<p><a href=\"https:\/\/www.auzouvillesurry.fr\/wordpress\/?page_id=5529\" target=\"_blank\" rel=\"noopener noreferrer\">La m\u00e9moire des anciens par Raymond Royer<\/a><br \/>\n<a href=\"https:\/\/www.auzouvillesurry.fr\/wordpress\/wp-content\/uploads\/2016\/11\/remise-de-la-medaille-camenbert-1.pdf\" target=\"_blank\" rel=\"noopener noreferrer\">La remise de la m\u00e9daille camembert par Jacques Simon<\/a><br \/>\n<a href=\"https:\/\/www.auzouvillesurry.fr\/wordpress\/?page_id=5635\" target=\"_blank\" rel=\"noopener noreferrer\">La m\u00e9moire d&rsquo;un Auzouvillais par Gustave B\u00e9ton<\/a><br \/>\n<a href=\"https:\/\/www.auzouvillesurry.fr\/wordpress\/wp-content\/uploads\/2016\/10\/la-liberation.pdf\" target=\"_blank\" rel=\"noopener noreferrer\">La lib\u00e9ration par Paul Cousin&nbsp;<\/a><br \/>\n<a href=\"https:\/\/www.auzouvillesurry.fr\/wordpress\/wp-content\/uploads\/2016\/10\/la-chatte-du-boulanger.pdf\" target=\"_blank\" rel=\"noopener noreferrer\">La chatte du boulanger par Jeanne Moutot<\/a><br \/>\n<a href=\"https:\/\/www.auzouvillesurry.fr\/wordpress\/wp-content\/uploads\/2016\/10\/quand-les-poules.pdf\" target=\"_blank\" rel=\"noopener noreferrer\">Quand les poules par Line Simon<\/a><br \/>\n<a href=\"https:\/\/www.auzouvillesurry.fr\/wordpress\/wp-content\/uploads\/2016\/10\/NOTRE-ANGLAIS-1.pdf\" target=\"_blank\" rel=\"noopener noreferrer\">Notre Anglais par Paul Cousin<\/a><br \/>\n<a href=\"https:\/\/www.auzouvillesurry.fr\/wordpress\/wp-content\/uploads\/2016\/10\/Des-fleurs.pdf\" target=\"_blank\" rel=\"noopener noreferrer\">Des fleurs par Jacques Simon<br \/>\n<\/a><a href=\"https:\/\/www.auzouvillesurry.fr\/wordpress\/wp-content\/uploads\/2016\/10\/BONNES-NOUVELLES-DE-LA-MARE-.pdf\" target=\"_blank\" rel=\"noopener noreferrer\">Bonnes nouvelles de la mare par Jeanne Moutot <\/a><br \/>\n<a href=\"https:\/\/www.auzouvillesurry.fr\/wordpress\/wp-content\/uploads\/2016\/10\/le-b\u00e9n\u00e9volat-communal.pdf\" target=\"_blank\" rel=\"noopener noreferrer\">Le b\u00e9n\u00e9volat communal par Jacques Simon<\/a><br \/>\n<a href=\"https:\/\/www.auzouvillesurry.fr\/wordpress\/wp-content\/uploads\/2016\/10\/raymond-et-jeanneton.pdf\" target=\"_blank\" rel=\"noopener noreferrer\">Fable de Raymond et Jeanneton par Jeanne Moutot<\/a><br \/>\n<a href=\"https:\/\/www.auzouvillesurry.fr\/wordpress\/wp-content\/uploads\/2016\/10\/Laccueil-des-nouveaux-administr\u00e9s.pdf\">L&rsquo;accueil des nouveaux administr\u00e9s par Jacques Simon<\/a><br \/>\n<a href=\"https:\/\/www.auzouvillesurry.fr\/wordpress\/wp-content\/uploads\/2017\/11\/AUZOUVIIL-DE-1939-\u00c0-1945.pdf\" target=\"_blank\" rel=\"noopener noreferrer\">Auzouville de 1939 \u00e0 1945 par Raymond Royer<\/a><br \/>\n<a href=\"https:\/\/www.auzouvillesurry.fr\/wordpress\/wp-content\/uploads\/2018\/01\/cest-beau-la-vie-1.pdf\" target=\"_blank\" rel=\"noopener noreferrer\">C&rsquo;est beau la vie par Jacques Simon<\/a><br \/>\n<a href=\"https:\/\/www.auzouvillesurry.fr\/wordpress\/wp-content\/uploads\/2019\/02\/chemin-de-fer.pdf\" target=\"_blank\" rel=\"noopener noreferrer\">Du chemin de fer&#8230;, par un auteur anonyme<\/a>&nbsp;<br \/>\n<a href=\"https:\/\/www.auzouvillesurry.fr\/wordpress\/?page_id=9785\" target=\"_blank\" rel=\"noopener noreferrer\">Un atelier de charit\u00e9 \u00e0 Auzouville,&#8230; au XVIII \u00e8me si\u00e8cle<\/a>&nbsp;<br \/>\n<a href=\"https:\/\/www.auzouvillesurry.fr\/wordpress\/?page_id=10066\" target=\"_blank\" rel=\"noopener noreferrer\">Quand le cardinal visitait son dioc\u00e8se par l&rsquo;Abbe Four\u00e9<\/a>&nbsp;<br \/>\n<a href=\"https:\/\/www.auzouvillesurry.fr\/wordpress\/?page_id=10154\" target=\"_blank\" rel=\"noopener noreferrer\">P\u00eale M\u00eale de faits divers anciens<\/a>&nbsp;<br \/>\n<a href=\"https:\/\/www.auzouvillesurry.fr\/wordpress\/?page_id=10278\" target=\"_blank\" rel=\"noopener noreferrer\">La disparition des pierres tumulaires<\/a>&nbsp;<br \/>\n<a href=\"https:\/\/www.auzouvillesurry.fr\/wordpress\/?page_id=10431\" target=\"_blank\" rel=\"noopener noreferrer\">Mais quel m\u00e9tier faisaient-ils?<\/a>&nbsp;<br \/>\n<a href=\"https:\/\/www.auzouvillesurry.fr\/wordpress\/?page_id=11249(ouvre un nouvel onglet)\" target=\"_blank\" rel=\"noopener noreferrer\" data-wplink-url-error=\"true\">Les commer\u00e7ants entre 1841 et 1936<\/a>&nbsp;<br \/>\n<a href=\"https:\/\/www.auzouvillesurry.fr\/wordpress\/le-cure-rebelle\/\" target=\"_blank\" rel=\"noopener\">Le cur\u00e9 rebelle<\/a>&nbsp;<br \/>\n<a href=\"https:\/\/www.auzouvillesurry.fr\/wordpress\/petite-chronique-paroissiale-1735-1794\/\">Petite chronique paroissiale 1735-1794<\/a>&nbsp;<br \/>\n<a href=\"https:\/\/www.auzouvillesurry.fr\/wordpress\/petite-chronique-paroissiale-1836-1871\/\">Petite chronique paroissiale 1836-1871<\/a>&nbsp;<br \/>\n<a href=\"https:\/\/www.auzouvillesurry.fr\/wordpress\/1863-modification-du-trace-de-la-cote-des-lesques-actuelle-rue-de-la-distillerie\/\">1863 modification du trac\u00e9 de l&rsquo;actuelle rue de la distillerie<\/a>&nbsp;<br \/>\n<a href=\"https:\/\/www.auzouvillesurry.fr\/wordpress\/nomination-ou-election-des-maires-de-la-revolution-a-nos-jours\/\" target=\"_blank\" rel=\"noreferrer noopener\">nomination-ou-\u00e9lection-des-maires-de-la-r\u00e9volution-a-nos-jours\/<\/a>&nbsp;<br \/>\n<a href=\"https:\/\/www.auzouvillesurry.fr\/wordpress\/heure-dete-histoire-et-polemique\/\" target=\"_blank\" rel=\"noopener\">heure d&rsquo;\u00e9t\u00e9 : histoire et pol\u00e9mique<\/a>&nbsp;<br \/>\n<a href=\"https:\/\/www.auzouvillesurry.fr\/wordpress\/?page_id=13709\" target=\"_blank\" rel=\"noopener\">Un moulin \u00e0 vent?<\/a>&nbsp;<\/p>\n","protected":false},"excerpt":{"rendered":"<p>Vous retrouverez sur cette page des petites et des grandes histoires, des anecdotes racont\u00e9es par Auzouvillais d&rsquo;hier et d&rsquo;aujourd&rsquo;hui. Certaines de ces pages ont \u00e9t\u00e9 \u00e9crites dans le cadre d&rsquo;un concours organis\u00e9 par la biblioth\u00e8que d&rsquo;Auzouville en juin 1997. A votre tour, vous avez envie de partager un moment de l&rsquo;histoire de notre village, de [&hellip;]<\/p>\n","protected":false},"author":1,"featured_media":0,"parent":287,"menu_order":8,"comment_status":"closed","ping_status":"closed","template":"","meta":{"ngg_post_thumbnail":0,"footnotes":""},"class_list":["post-5520","page","type-page","status-publish","hentry"],"_links":{"self":[{"href":"https:\/\/www.auzouvillesurry.fr\/wordpress\/wp-json\/wp\/v2\/pages\/5520","targetHints":{"allow":["GET"]}}],"collection":[{"href":"https:\/\/www.auzouvillesurry.fr\/wordpress\/wp-json\/wp\/v2\/pages"}],"about":[{"href":"https:\/\/www.auzouvillesurry.fr\/wordpress\/wp-json\/wp\/v2\/types\/page"}],"author":[{"embeddable":true,"href":"https:\/\/www.auzouvillesurry.fr\/wordpress\/wp-json\/wp\/v2\/users\/1"}],"replies":[{"embeddable":true,"href":"https:\/\/www.auzouvillesurry.fr\/wordpress\/wp-json\/wp\/v2\/comments?post=5520"}],"version-history":[{"count":60,"href":"https:\/\/www.auzouvillesurry.fr\/wordpress\/wp-json\/wp\/v2\/pages\/5520\/revisions"}],"predecessor-version":[{"id":13718,"href":"https:\/\/www.auzouvillesurry.fr\/wordpress\/wp-json\/wp\/v2\/pages\/5520\/revisions\/13718"}],"up":[{"embeddable":true,"href":"https:\/\/www.auzouvillesurry.fr\/wordpress\/wp-json\/wp\/v2\/pages\/287"}],"wp:attachment":[{"href":"https:\/\/www.auzouvillesurry.fr\/wordpress\/wp-json\/wp\/v2\/media?parent=5520"}],"curies":[{"name":"wp","href":"https:\/\/api.w.org\/{rel}","templated":true}]}}