{"id":5474,"date":"2016-10-18T19:41:09","date_gmt":"2016-10-18T18:41:09","guid":{"rendered":"http:\/\/www.auzouvillesurry.fr\/wordpress\/?page_id=5474"},"modified":"2017-11-07T14:15:58","modified_gmt":"2017-11-07T13:15:58","slug":"soiree-pyjama-15-octobre-2016","status":"publish","type":"page","link":"https:\/\/www.auzouvillesurry.fr\/wordpress\/vie-associative\/animation-village\/soiree-pyjama-15-octobre-2016\/","title":{"rendered":"Soir\u00e9e pyjama 15 octobre 2016"},"content":{"rendered":"<p>Une Pyjama Party ! Une superbe soir\u00e9e&#8230; Le rougail saucisse \u00e9tait excellent.<img loading=\"lazy\" decoding=\"async\" class=\"wp-image-5476 alignleft\" src=\"https:\/\/www.auzouvillesurry.fr\/wordpress\/wp-content\/uploads\/Logo\/logo-animation-village-244x300.jpg\" alt=\"\" width=\"94\" height=\"115\" srcset=\"https:\/\/www.auzouvillesurry.fr\/wordpress\/wp-content\/uploads\/Logo\/logo-animation-village-244x300.jpg 244w, https:\/\/www.auzouvillesurry.fr\/wordpress\/wp-content\/uploads\/Logo\/logo-animation-village.jpg 674w\" sizes=\"auto, (max-width: 94px) 100vw, 94px\" \/><br \/>\nUne joyeuse ambiance, une belle r\u00e9ussite pour cette animation organis\u00e9e par l&rsquo;association Animation Village<\/p>ngg_shortcode_0_placeholder<p>&nbsp;<\/p>\n","protected":false},"excerpt":{"rendered":"<p>Une Pyjama Party ! Une superbe soir\u00e9e&#8230; Le rougail saucisse \u00e9tait excellent. Une joyeuse ambiance, une belle r\u00e9ussite pour cette animation organis\u00e9e par l&rsquo;association Animation Village &nbsp;<\/p>\n","protected":false},"author":1,"featured_media":0,"parent":876,"menu_order":1610,"comment_status":"closed","ping_status":"closed","template":"","meta":{"ngg_post_thumbnail":0,"footnotes":""},"class_list":["post-5474","page","type-page","status-publish","hentry"],"_links":{"self":[{"href":"https:\/\/www.auzouvillesurry.fr\/wordpress\/wp-json\/wp\/v2\/pages\/5474","targetHints":{"allow":["GET"]}}],"collection":[{"href":"https:\/\/www.auzouvillesurry.fr\/wordpress\/wp-json\/wp\/v2\/pages"}],"about":[{"href":"https:\/\/www.auzouvillesurry.fr\/wordpress\/wp-json\/wp\/v2\/types\/page"}],"author":[{"embeddable":true,"href":"https:\/\/www.auzouvillesurry.fr\/wordpress\/wp-json\/wp\/v2\/users\/1"}],"replies":[{"embeddable":true,"href":"https:\/\/www.auzouvillesurry.fr\/wordpress\/wp-json\/wp\/v2\/comments?post=5474"}],"version-history":[{"count":4,"href":"https:\/\/www.auzouvillesurry.fr\/wordpress\/wp-json\/wp\/v2\/pages\/5474\/revisions"}],"predecessor-version":[{"id":6984,"href":"https:\/\/www.auzouvillesurry.fr\/wordpress\/wp-json\/wp\/v2\/pages\/5474\/revisions\/6984"}],"up":[{"embeddable":true,"href":"https:\/\/www.auzouvillesurry.fr\/wordpress\/wp-json\/wp\/v2\/pages\/876"}],"wp:attachment":[{"href":"https:\/\/www.auzouvillesurry.fr\/wordpress\/wp-json\/wp\/v2\/media?parent=5474"}],"curies":[{"name":"wp","href":"https:\/\/api.w.org\/{rel}","templated":true}]}}