{"id":5353,"date":"2016-08-28T20:29:05","date_gmt":"2016-08-28T19:29:05","guid":{"rendered":"http:\/\/www.auzouvillesurry.fr\/wordpress\/?page_id=5353"},"modified":"2025-11-11T19:02:40","modified_gmt":"2025-11-11T18:02:40","slug":"numeros-et-liens-utiles","status":"publish","type":"page","link":"https:\/\/www.auzouvillesurry.fr\/wordpress\/vie-pratique\/numeros-et-liens-utiles\/","title":{"rendered":"Num\u00e9ros et liens utiles"},"content":{"rendered":"<p style=\"text-align: center;\"><span style=\"text-decoration: underline; color: #ff6600;\"><strong><span style=\"font-size: x-large;\">Num\u00e9ros&nbsp;utiles<\/span><\/strong><\/span><\/p>\n<p style=\"text-align: left;\"><strong style=\"font-size: medium; line-height: 1.5;\">15<\/strong><span style=\"font-size: medium; line-height: 1.5;\"> SAMU<br \/>\n<\/span><span style=\"font-size: medium;\"><strong>17<\/strong> Gendarmerie<br \/>\n<\/span><span style=\"font-size: medium;\"><strong>18<\/strong> Pompiers<br \/>\n<\/span><span style=\"font-size: medium;\"><strong>112<\/strong> Appel urgence europ\u00e9en \u00e0 partir d&rsquo;un portable<br \/>\n<\/span><span style=\"font-size: medium;\"><strong>114<\/strong> urgence SMS pour personnes muettes ou malentendantes<br \/>\n<\/span><span style=\"font-size: medium;\"><strong>115<\/strong> secours pour les sans abris<br \/>\n<\/span><span style=\"font-size: medium;\"><strong>116<\/strong> Disparition d&rsquo;enfants<br \/>\n<\/span><span style=\"font-size: medium;\"><strong>119<\/strong> Enfance maltrait\u00e9e<br \/>\n<\/span><span style=\"font-size: medium;\"><strong>3919<\/strong> Violence conjugale<br \/>\n<\/span><span style=\"font-size: medium;\"><strong>08 92 705 705<\/strong> Opposition carte bancaire<br \/>\n<\/span><span style=\"font-size: medium;\"><strong>08 92 68 32 08<\/strong> Opposition ch\u00e9quier<br \/>\n<\/span><span style=\"font-size: medium;\"><strong>08 00 200 200<\/strong> \u00c9coute malveillance sur Internet<br \/>\n<\/span><span style=\"font-size: medium;\"><strong>08 00 00 56 96<\/strong> Pr\u00e9vention de la radicalisation violente<br \/>\n<\/span><span style=\"font-size: medium;\"><strong>3989<\/strong> Tabac Info services<br \/>\n<\/span><span style=\"font-size: medium;\"><strong>02 35 88 44 00<\/strong> Centre Anti-poisons<br \/>\n<\/span><span style=\"font-size: medium;\"><strong>02 32 88 89 00<\/strong> Centre Hospitalier de Rouen<\/span><\/p>\n<p style=\"text-align: center;\"><span style=\"text-decoration: underline; color: #ff6600;\"><strong><span style=\"font-size: x-large;\">Liens utiles<\/span><\/strong><\/span><\/p>\n<p style=\"text-align: center;\">&nbsp;<\/p>\n<p style=\"text-align: left;\"><strong><span style=\"font-size: medium;\">A\u00e9roport Rouen-Vall\u00e9e de Seine<\/span><\/strong><span style=\"font-size: medium;\"> : <a href=\"https:\/\/aeroport-rouen.fr\/\" target=\"_blank\" rel=\"noopener nofollow\" class=\"external external_icon\">Site Internet<\/a><br \/>\n<\/span><strong><span style=\"font-size: medium;\">Air Normand <\/span><\/strong><span style=\"font-size: medium;\">: pour tout savoir sur la qualit\u00e9 de l&rsquo;air dans la r\u00e9gion : <a href=\"https:\/\/www.atmonormandie.fr\/\" target=\"_blank\" rel=\"noopener nofollow\" class=\"external external_icon\">Site Internet<br \/>\n<\/a><\/span><strong><span style=\"font-size: medium;\">Association Nationale pour l&rsquo;Information sur le Logement <\/span><\/strong><span style=\"font-size: medium;\">(ADIL) : <a href=\"http:\/\/www.anil.org\/\" target=\"_blank\" rel=\"noopener nofollow\" class=\"external external_icon\">Site Internet<br \/>\n<\/a><\/span><strong><span style=\"font-size: medium;\">Centre R\u00e9gional Information Jeunesse Haute-Normandie <\/span><\/strong><span style=\"font-size: medium;\">(C.R.I.J.) :<a href=\"https:\/\/www.info-jeunes-normandie.fr\/\" target=\"_blank\" rel=\"noopener nofollow\" class=\"external external_icon\"> Site Internet<br \/>\n<\/a><\/span><strong><span style=\"font-size: medium;\">Centre <\/span><\/strong><strong><span style=\"font-size: medium;\">d\u2019\u00c9tudes<\/span><\/strong> <strong><span style=\"font-size: medium;\">et d&rsquo;expertise sur les risques, l&rsquo;environnement la mobilit\u00e9 et l&rsquo;am\u00e9nagrment<\/span><\/strong> <span style=\"font-size: medium;\">(CEREMA) : <a href=\"https:\/\/www.cerema.fr\/fr\/cerema\/directions\/normandie-centre\/presentation\" target=\"_blank\" rel=\"noopener nofollow\" class=\"external external_icon\">Site Internet<br \/>\n<\/a><\/span><strong><span style=\"font-size: medium;\">Caisse d\u2019Allocations Familiales <\/span><\/strong><span style=\"font-size: medium;\">&#8211; 4 rue des Forgettes &#8211; 76000 Rouen T\u00e9l. 0 810 25 76 80 <a href=\"http:\/\/www.caf.fr\/\" target=\"_blank\" rel=\"noopener nofollow\" class=\"external external_icon\">Site Internet<br \/>\n<\/a><\/span><strong><span style=\"font-size: medium;\">CCI de Rouen<\/span><\/strong><span style=\"font-size: medium;\"> &#8211;&nbsp;<\/span>20 Passage de la Luciline B\u00e2timent l&rsquo;Opens\u00e8n, 76000 ROUEN&nbsp;<span style=\"font-size: medium;\">T\u00e9l. 02 32 10 05 00 <a href=\"http:\/\/www.rouen.cci.fr\/\" target=\"_blank\" rel=\"noopener nofollow\" class=\"external external_icon\">Site Internet<br \/>\n<\/a><\/span><strong><span style=\"font-size: medium;\">Chambre de M\u00e9tiers et de l\u2019Artisanat de Normandie <\/span><\/strong><span style=\"font-size: medium;\">135, boulevard de l\u2019Europe &#8211; 76043 Rouen. T\u00e9l. 02 32 18 23 23 <a href=\"https:\/\/cma-normandie.fr\/\" class=\"external external_icon\" rel=\"nofollow\" target=\"_blank\">site Internet<\/a><br \/>\n<\/span><strong><span style=\"font-size: medium;\">CIO<\/span><\/strong><span style=\"font-size: medium;\"> (Centre d\u2019Information et d\u2019Orientation Rouen Centre) 106 avenue de Bretagne 76100 Rouen T\u00e9l. 02 32 08 95 75 <a href=\"https:\/\/www.ac-normandie.fr\/centre-d-information-et-d-orientation-de-rouen-centre-121620\" class=\"external external_icon\" rel=\"nofollow\" target=\"_blank\">Site Internet<\/a><br \/>\n<\/span><strong><span style=\"font-size: medium;\">Cit\u00e9 Administrative Rouen St Sever <\/span><\/strong><span style=\"font-size: medium;\">T\u00e9l. 02 32 18 90 00<br \/>\n<\/span><strong><span style=\"font-size: medium;\">Conseil R\u00e9gional de Haute-Normandie <\/span><\/strong><span style=\"font-size: medium;\">H\u00f4tel de R\u00e9gion &#8211; 25 boulevard Gambetta &#8211; 76000 Rouen&nbsp;T\u00e9l. 02 35 52 56 00 <a href=\"https:\/\/www.normandie.fr\/\" target=\"_blank\" rel=\"noopener nofollow\" class=\"external external_icon\">Site Internet<br \/>\n<\/a><\/span><strong><span style=\"font-size: medium;\">Conseil <\/span><\/strong><strong><span style=\"font-size: medium;\">D\u00e9partemental <\/span><\/strong><strong><span style=\"font-size: medium;\">de la Seine-Maritime <\/span><\/strong><span style=\"font-size: medium;\">H\u00f4tel du D\u00e9partement Quai Jean Moulin &#8211; 76101 Rouen. T\u00e9l. 02 35 03 55 55 Accueil du public du lundi au vendredi de 8h \u00e0 16h45 <a href=\"http:\/\/www.seinemaritime.fr\/\" target=\"_blank\" rel=\"noopener nofollow\" class=\"external external_icon\">Site Internet<br \/>\n<\/a><\/span><strong><span style=\"font-size: medium;\">CPAM de Rouen <\/span><\/strong><span style=\"font-size: medium;\">50, avenue de Bretagne &#8211; 76 039 Rouen Tel. 36 46 (0,028 euro\/mn + 0,078)&nbsp;<a href=\"http:\/\/www.ameli.fr\/\" target=\"_blank\" rel=\"noopener nofollow\" class=\"external external_icon\">Site Internet<br \/>\n<\/a><\/span><strong><span style=\"font-size: medium;\">CARSAT NORMANDIE <\/span><\/strong><span style=\"font-size: medium;\">Avenue du Grand Cours &#8211; 76028 Rouen Cedex 1 T\u00e9l. 09 71 10 39 60&nbsp;Permanence retraite \u00e0 Rouen 4 rue de Germont <a href=\"http:\/\/www.carsat-normandie.fr\/\" target=\"_blank\" rel=\"noopener nofollow\" class=\"external external_icon\">Site Internet<br \/>\n<\/a><\/span><strong><span style=\"font-size: medium;\">Imp\u00f4ts <\/span><\/strong><span style=\"font-size: medium;\">Centre des Imp\u00f4ts, Rouen \u2013 St-Hilaire T\u00e9l. 02 32 18 91 03 <a href=\"https:\/\/lannuaire.service-public.gouv.fr\/normandie\/seine-maritime\/8abefaa5-7108-464d-b979-97082280dbdc\" target=\"_blank\" rel=\"noopener nofollow\" class=\"external external_icon\">Site Internet<br \/>\n<\/a><\/span><strong><span style=\"font-size: medium;\">Cadastre<\/span><\/strong><span style=\"font-size: medium;\">&nbsp;<a href=\"http:\/\/www.cadastre.gouv.fr\/scpc\/accueil.do\" target=\"_blank\" rel=\"noopener nofollow\" class=\"external external_icon\">Site Internet<br \/>\n<\/a><\/span><strong><span style=\"font-size: medium;\">France Travail <\/span><\/strong><span style=\"font-size: medium;\">33 route de Darn\u00e9tal-BP6 &#8211; 76161 Darn\u00e9tal T\u00e9l. 02 32 08 32 60 <a href=\"http:\/\/www.pole-emploi.fr\/accueil\/\" target=\"_blank\" rel=\"noopener nofollow\" class=\"external external_icon\">Site Internet<br \/>\n<\/a><\/span><strong><span style=\"font-size: medium;\">Pr\u00e9fecture de Seine-Maritime <\/span><\/strong><span style=\"font-size: medium;\">7, place de la Madeleine &#8211; 76036 Rouen T\u00e9l. 02 32 76 55 00&nbsp;Accueil du public du lundi au vendredi de 9h \u00e0 15h45&nbsp;Accueil t\u00e9l\u00e9phonique du lundi au vendredi de 8h30 \u00e0 16h45&nbsp;<a href=\"http:\/\/www.seine-maritime.gouv.fr\/\" target=\"_blank\" rel=\"noopener nofollow\" class=\"external external_icon\">Site Internet<br \/>\n<\/a><\/span><strong><span style=\"font-size: medium;\">Rectorat de l\u2019Acad\u00e9mie de Rouen <\/span><\/strong><span style=\"font-size: medium;\">25, rue de Fontenelle &#8211; 76037 Rouen T\u00e9l. 02 32 08 90 00&nbsp;<a href=\"http:\/\/www.ac-rouen.fr\/\" target=\"_blank\" rel=\"noopener nofollow\" class=\"external external_icon\">Site Internet<br \/>\n<\/a><\/span><strong><span style=\"font-size: medium;\">Relais 16\/25 ans <\/span><\/strong><span style=\"font-size: medium;\"><span class=\"noTrad\">43 quai Havre 76000 ROUEN<\/span><\/span><span style=\"font-size: medium;\"> T\u00e9l. 02 35 71 01 58<br \/>\n<\/span><strong><span style=\"font-size: medium;\">Service Public<\/span><\/strong><span style=\"font-size: medium;\"> T\u00e9l. 3939 (num\u00e9ro unique du Service Public qui vous permet d&rsquo;acc\u00e9der par t\u00e9l\u00e9phone \u00e0 divers renseignements administratifs : permis de construire, passeport\u2026&nbsp;Vous pouvez \u00e9galement effectuer toutes vos d\u00e9marches en ligne sur le <a href=\"http:\/\/www.service-public.fr\/\" target=\"_blank\" rel=\"noopener nofollow\" class=\"external external_icon\">site Internet du Service public<br \/>\n<\/a><\/span><strong><span style=\"font-size: medium;\">SNCF<\/span><\/strong><span style=\"font-size: medium;\"> : R\u00e9servez vos billets, voyages&#8230; <a href=\"http:\/\/www.voyages-sncf.com\/\" target=\"_blank\" rel=\"noopener nofollow\" class=\"external external_icon\">Site Internet<\/a>.<br \/>\n<\/span><strong><span style=\"font-size: medium;\">URSSAF <\/span><\/strong><span style=\"font-size: medium;\">61 rue Pierre Renaudel &#8211; 76100 Rouen <a href=\"http:\/\/www.urssaf.fr\/\" target=\"_blank\" rel=\"noopener nofollow\" class=\"external external_icon\">Site Internet<\/a><\/span><\/p>\n","protected":false},"excerpt":{"rendered":"<p>Num\u00e9ros&nbsp;utiles 15 SAMU 17 Gendarmerie 18 Pompiers 112 Appel urgence europ\u00e9en \u00e0 partir d&rsquo;un portable 114 urgence SMS pour personnes muettes ou malentendantes 115 secours pour les sans abris 116 Disparition d&rsquo;enfants 119 Enfance maltrait\u00e9e 3919 Violence conjugale 08 92 705 705 Opposition carte bancaire 08 92 68 32 08 Opposition ch\u00e9quier 08 00 200 [&hellip;]<\/p>\n","protected":false},"author":1,"featured_media":0,"parent":101,"menu_order":4,"comment_status":"closed","ping_status":"open","template":"","meta":{"ngg_post_thumbnail":0,"footnotes":""},"class_list":["post-5353","page","type-page","status-publish","hentry"],"_links":{"self":[{"href":"https:\/\/www.auzouvillesurry.fr\/wordpress\/wp-json\/wp\/v2\/pages\/5353","targetHints":{"allow":["GET"]}}],"collection":[{"href":"https:\/\/www.auzouvillesurry.fr\/wordpress\/wp-json\/wp\/v2\/pages"}],"about":[{"href":"https:\/\/www.auzouvillesurry.fr\/wordpress\/wp-json\/wp\/v2\/types\/page"}],"author":[{"embeddable":true,"href":"https:\/\/www.auzouvillesurry.fr\/wordpress\/wp-json\/wp\/v2\/users\/1"}],"replies":[{"embeddable":true,"href":"https:\/\/www.auzouvillesurry.fr\/wordpress\/wp-json\/wp\/v2\/comments?post=5353"}],"version-history":[{"count":11,"href":"https:\/\/www.auzouvillesurry.fr\/wordpress\/wp-json\/wp\/v2\/pages\/5353\/revisions"}],"predecessor-version":[{"id":13530,"href":"https:\/\/www.auzouvillesurry.fr\/wordpress\/wp-json\/wp\/v2\/pages\/5353\/revisions\/13530"}],"up":[{"embeddable":true,"href":"https:\/\/www.auzouvillesurry.fr\/wordpress\/wp-json\/wp\/v2\/pages\/101"}],"wp:attachment":[{"href":"https:\/\/www.auzouvillesurry.fr\/wordpress\/wp-json\/wp\/v2\/media?parent=5353"}],"curies":[{"name":"wp","href":"https:\/\/api.w.org\/{rel}","templated":true}]}}