{"id":5325,"date":"2016-08-23T07:39:21","date_gmt":"2016-08-23T06:39:21","guid":{"rendered":"http:\/\/www.auzouvillesurry.fr\/wordpress\/?page_id=5325"},"modified":"2017-11-07T14:09:24","modified_gmt":"2017-11-07T13:09:24","slug":"marche-festif-2016","status":"publish","type":"page","link":"https:\/\/www.auzouvillesurry.fr\/wordpress\/vie-associative\/marche-festif-2016\/","title":{"rendered":"March\u00e9 festif 2016"},"content":{"rendered":"<p>Cette ann\u00e9e le 24 juin le march\u00e9 festif et la f\u00eate de la musique ont r\u00e9uni plus de 200 personnes sur la place du village. Une bonne occasion de partager un repas convivial en musique.<\/p>\n<p>Rendez-vous l&rsquo;ann\u00e9e prochaine.<\/p>ngg_shortcode_0_placeholder","protected":false},"excerpt":{"rendered":"<p>Cette ann\u00e9e le 24 juin le march\u00e9 festif et la f\u00eate de la musique ont r\u00e9uni plus de 200 personnes sur la place du village. Une bonne occasion de partager un repas convivial en musique. Rendez-vous l&rsquo;ann\u00e9e prochaine.<\/p>\n","protected":false},"author":1,"featured_media":0,"parent":7,"menu_order":16,"comment_status":"closed","ping_status":"open","template":"","meta":{"ngg_post_thumbnail":0,"footnotes":""},"class_list":["post-5325","page","type-page","status-publish","hentry"],"_links":{"self":[{"href":"https:\/\/www.auzouvillesurry.fr\/wordpress\/wp-json\/wp\/v2\/pages\/5325","targetHints":{"allow":["GET"]}}],"collection":[{"href":"https:\/\/www.auzouvillesurry.fr\/wordpress\/wp-json\/wp\/v2\/pages"}],"about":[{"href":"https:\/\/www.auzouvillesurry.fr\/wordpress\/wp-json\/wp\/v2\/types\/page"}],"author":[{"embeddable":true,"href":"https:\/\/www.auzouvillesurry.fr\/wordpress\/wp-json\/wp\/v2\/users\/1"}],"replies":[{"embeddable":true,"href":"https:\/\/www.auzouvillesurry.fr\/wordpress\/wp-json\/wp\/v2\/comments?post=5325"}],"version-history":[{"count":1,"href":"https:\/\/www.auzouvillesurry.fr\/wordpress\/wp-json\/wp\/v2\/pages\/5325\/revisions"}],"predecessor-version":[{"id":5326,"href":"https:\/\/www.auzouvillesurry.fr\/wordpress\/wp-json\/wp\/v2\/pages\/5325\/revisions\/5326"}],"up":[{"embeddable":true,"href":"https:\/\/www.auzouvillesurry.fr\/wordpress\/wp-json\/wp\/v2\/pages\/7"}],"wp:attachment":[{"href":"https:\/\/www.auzouvillesurry.fr\/wordpress\/wp-json\/wp\/v2\/media?parent=5325"}],"curies":[{"name":"wp","href":"https:\/\/api.w.org\/{rel}","templated":true}]}}