{"id":5300,"date":"2016-08-17T18:10:07","date_gmt":"2016-08-17T17:10:07","guid":{"rendered":"http:\/\/www.auzouvillesurry.fr\/wordpress\/?page_id=5300"},"modified":"2017-11-07T14:17:01","modified_gmt":"2017-11-07T13:17:01","slug":"le-printemps-des-arts-2016","status":"publish","type":"page","link":"https:\/\/www.auzouvillesurry.fr\/wordpress\/vie-associative\/animation-village\/le-printemps-des-arts-2016\/","title":{"rendered":"Le printemps des arts 2016"},"content":{"rendered":"<p><strong><span style=\"color: #ff6600;\">Le printemps des arts des 16 et 17 avril 2016<\/span><\/strong><\/p>\n<p>Pendant 2 jours les visiteurs ont pu admirer les oeuvres de seize artistes: G\u00e9rard ALLIX, Herv\u00e9 BON, Philippe CARAMELLO, Sylvie CARAMELLO, Sylviane COLAS, Patrice DANIEL, Danielle DEZEROT, Charles DUCROUX, Fran\u00e7oise GELARD, Nicole HAMONIER, G\u00e9rard HAUDUC, K-Ro,&nbsp; Jo\u00ebl LEFEBVRE, Christian LEPRETRE, Ma\u00eft\u00e9 MARTEAU, Jeanne MOUTOT et les enfants de l&rsquo;\u00e9cole d&rsquo;Auzouville.<\/p>ngg_shortcode_0_placeholder","protected":false},"excerpt":{"rendered":"<p>Le printemps des arts des 16 et 17 avril 2016 Pendant 2 jours les visiteurs ont pu admirer les oeuvres de seize artistes: G\u00e9rard ALLIX, Herv\u00e9 BON, Philippe CARAMELLO, Sylvie CARAMELLO, Sylviane COLAS, Patrice DANIEL, Danielle DEZEROT, Charles DUCROUX, Fran\u00e7oise GELARD, Nicole HAMONIER, G\u00e9rard HAUDUC, K-Ro,&nbsp; Jo\u00ebl LEFEBVRE, Christian LEPRETRE, Ma\u00eft\u00e9 MARTEAU, Jeanne MOUTOT et [&hellip;]<\/p>\n","protected":false},"author":1,"featured_media":0,"parent":876,"menu_order":1604,"comment_status":"closed","ping_status":"open","template":"","meta":{"ngg_post_thumbnail":0,"footnotes":""},"class_list":["post-5300","page","type-page","status-publish","hentry"],"_links":{"self":[{"href":"https:\/\/www.auzouvillesurry.fr\/wordpress\/wp-json\/wp\/v2\/pages\/5300","targetHints":{"allow":["GET"]}}],"collection":[{"href":"https:\/\/www.auzouvillesurry.fr\/wordpress\/wp-json\/wp\/v2\/pages"}],"about":[{"href":"https:\/\/www.auzouvillesurry.fr\/wordpress\/wp-json\/wp\/v2\/types\/page"}],"author":[{"embeddable":true,"href":"https:\/\/www.auzouvillesurry.fr\/wordpress\/wp-json\/wp\/v2\/users\/1"}],"replies":[{"embeddable":true,"href":"https:\/\/www.auzouvillesurry.fr\/wordpress\/wp-json\/wp\/v2\/comments?post=5300"}],"version-history":[{"count":3,"href":"https:\/\/www.auzouvillesurry.fr\/wordpress\/wp-json\/wp\/v2\/pages\/5300\/revisions"}],"predecessor-version":[{"id":6985,"href":"https:\/\/www.auzouvillesurry.fr\/wordpress\/wp-json\/wp\/v2\/pages\/5300\/revisions\/6985"}],"up":[{"embeddable":true,"href":"https:\/\/www.auzouvillesurry.fr\/wordpress\/wp-json\/wp\/v2\/pages\/876"}],"wp:attachment":[{"href":"https:\/\/www.auzouvillesurry.fr\/wordpress\/wp-json\/wp\/v2\/media?parent=5300"}],"curies":[{"name":"wp","href":"https:\/\/api.w.org\/{rel}","templated":true}]}}