{"id":53,"date":"2014-10-29T20:58:13","date_gmt":"2014-10-29T19:58:13","guid":{"rendered":"http:\/\/www.auzouvillesurry.fr\/wordpress\/?page_id=53"},"modified":"2017-03-14T20:20:34","modified_gmt":"2017-03-14T19:20:34","slug":"la-ccpm-communaute-de-communes-du-plateau-de-martainville","status":"publish","type":"page","link":"https:\/\/www.auzouvillesurry.fr\/wordpress\/intercommunalite\/la-ccpm-communaute-de-communes-du-plateau-de-martainville\/","title":{"rendered":"La CCPM"},"content":{"rendered":"<p>&nbsp;<\/p>\n<header class=\"entry-header\">\n<h1 class=\"entry-title\">CCPM communaut\u00e9 de communes du plateau de Martainville<\/h1>\n<\/header>\n<div class=\"entry-content\">\n<p>&nbsp;<\/p>\n<p><a href=\"https:\/\/www.auzouvillesurry.fr\/wordpress\/wp-content\/uploads\/Logo\/logo-ccpm.jpg\"><img loading=\"lazy\" decoding=\"async\" class=\"alignnone wp-image-316 size-full\" title=\"Logo de la CCPM\" src=\"https:\/\/www.auzouvillesurry.fr\/wordpress\/wp-content\/uploads\/Logo\/logo-ccpm.jpg\" alt=\"logo-ccpm\" width=\"117\" height=\"103\"\/><\/a><\/p>\n<p><strong>La commune est repr\u00e9sent\u00e9e au sein de la CCPM par Philippe DURIN et Alain NAVE<\/strong><\/p>\n<p>En 1994 cinq communes cr\u00e9aient la \u00ab&nbsp;Communaut\u00e9 de Communes du Plateau de Martainville. Elle se composait de : Auzouville sur Ry, Bois d\u2019Ennebourg, Bois l\u2019Ev\u00eaque, Grainville sur Ry et Martainville-Epreville.<br \/>\nAvec la volont\u00e9 tr\u00e8s nette de conserver notre caract\u00e8re rural, dans un m\u00eame esprit solidaire cette communaut\u00e9 avait pour comp\u00e9tences, le d\u00e9veloppement \u00e9conomique, l\u2019am\u00e9nagement de l\u2019espace, la voirie et les actions culturelles en partenariat avec les associations.<br \/>\nUn bilan positif s&rsquo;en est d\u00e9gag\u00e9,&nbsp; et plusieurs communes voisines ont souhait\u00e9 rejoindre la Communaut\u00e9 de Communes.<br \/>\nAinsi, aujourd\u2019hui, les communes d&rsquo;Elbeuf sur Andelle, Fresne le Plan, La Vieux Rue, Mesnil-Raoul, Pr\u00e9aux, Ry, Saint Denis le Thiboult et Servaville Salmonville, ont adh\u00e9r\u00e9,&nbsp; portant la population de cette communaut\u00e9 \u00e0 9500 habitants, accroissant ainsi les possibilit\u00e9s d\u2019\u00e9conomie d\u2019\u00e9chelle et renfor\u00e7ant notre identification dans le cadre de l\u2019am\u00e9nagement durable du territoire.<\/p>\n<p><a title=\"Fonctions\" href=\"http:\/\/ccmartainville.fr\/index.php\/la-ccpm\/fonctions\" target=\"_blank\" class=\"external external_icon\" rel=\"nofollow\">Fonctions<\/a><\/p>\n<p>LE FONCTIONNEMENT<br \/>\nUn Bureau Communautaire constitu\u00e9 des Maires de chaque commune membre, se r\u00e9unit environ une fois par mois afin de r\u00e9gler les affaires courantes et \u00e9laborer les projets.<br \/>\nLe Conseil Communautaire est compos\u00e9 des membres titulaires et suppl\u00e9ants, il se r\u00e9unit r\u00e9guli\u00e8rement afin de d\u00e9lib\u00e9rer sur les propositions du bureau communautaire.<\/p>\n<p>LES COMP\u00c9TENCES<\/p>\n<p><strong>LES COMP\u00c9TENCES OBLIGATOIRES<\/strong><br \/>\n<span style=\"text-decoration: underline;\">1) ACTION DE D\u00c9VELOPPEMENT \u00c9CONOMIQUE<\/span><\/p>\n<ul>\n<li>\u00e9tude, r\u00e9alisation et gestion de la zone d\u2019activit\u00e9s communautaires de Martainville-Epreville<\/li>\n<li>toute cr\u00e9ation de zone nouvelle ou extension de zone d\u2019activit\u00e9s existante d\u2019int\u00e9r\u00eat communautaire.<\/li>\n<\/ul>\n<p style=\"padding-left: 60px;\">Actuellement seule la zone d\u2019activit\u00e9 communautaire du Plateau de Martainville est d\u2019int\u00e9r\u00eat communautaire. Ne sont pas d\u00e9clar\u00e9es d\u2019int\u00e9r\u00eat communautaire, les extensions de zones d\u2019activit\u00e9s communales existantes.<\/p>\n<ul>\n<li>construction, entretien, am\u00e9nagement et mise \u00e0 disposition ou vente aux entreprises, de b\u00e2timents \u00e0 usage artisanal, commercial ou industriel implant\u00e9s sur les zones d\u2019activit\u00e9s d\u2019int\u00e9r\u00eat communautaire,<\/li>\n<li>participation aux contrats du Pays Entre Seine et Bray,<\/li>\n<li>participation au fonctionnement de l\u2019Office de Tourisme de Ry,<\/li>\n<li>organisation ou aide \u00e0 des ma\u00eetres d\u2019ouvrage pour des actions de d\u00e9veloppement touristique de rayonnement intercommunal promouvant le territoire communautaire, selon des crit\u00e8res valid\u00e9s en bureau.<\/li>\n<\/ul>\n<p><span style=\"text-decoration: underline;\">2) AM\u00c9NAGEMENT DE L\u2019ESPACE<\/span><\/p>\n<ul>\n<li>\u00e9tudes et r\u00e9flexions relatives \u00e0 l\u2019am\u00e9nagement du territoire,<\/li>\n<li>participation \u00e0 la d\u00e9marche \u00ab&nbsp;Pays&nbsp;\u00bb Entre Seine et Bray, notamment \u00e0 l\u2019\u00e9laboration et la mise en \u0153uvre d\u2019une charte paysag\u00e8re de territoire et des actions qui en d\u00e9coulent, \u00e9laboration, mise en \u0153uvre, suivi et r\u00e9vision d\u2019un sch\u00e9ma de coh\u00e9rence et d\u2019orientation du territoire, r\u00e9habilitation et entretien du circuit Bovary sur le territoire de la communaut\u00e9 de communes du Plateau de Martainville<\/li>\n<li>entretien et am\u00e9nagement des chemins de randonn\u00e9es, retenus dans le cadre des circuits de randonn\u00e9es communautaires.<\/li>\n<\/ul>\n<p><strong>LES COMP\u00c9TENCES OPTIONNELLES<\/strong><\/p>\n<p><span style=\"text-decoration: underline;\">3) ENVIRONNEMENT<\/span><\/p>\n<ul>\n<li>collecte des d\u00e9chets m\u00e9nagers et assimil\u00e9s,<\/li>\n<li>transfert, transport et traitement des d\u00e9chets m\u00e9nagers,<\/li>\n<li>cr\u00e9ation, am\u00e9nagement et exploitation de d\u00e9chetterie,<\/li>\n<li>organisation de collectes s\u00e9lectives de d\u00e9chets,<\/li>\n<li>information des usagers,<\/li>\n<li>organisation du service public d\u2019assainissement non collectif,<\/li>\n<li>gestion des eaux de ruissellement.<\/li>\n<\/ul>\n<p><span style=\"text-decoration: underline;\">4) VOIRIE<\/span><\/p>\n<ul>\n<li>cr\u00e9ation, am\u00e9nagement et entretien de la voirie communale.<\/li>\n<\/ul>\n<p><span style=\"text-decoration: underline;\">5) ACTIONS CULTURELLES EN PARTENARIAT AVEC LES ASSOCIATIONS D\u2019INT\u00c9R\u00caT COMMUNAUTAIRE<\/span><\/p>\n<ul>\n<li>\u00e9tude et r\u00e9flexion sur les besoins de la population en termes d\u2019\u00e9quipements sportifs, culturels ou de loisirs,<\/li>\n<li>organisation, participation et aide \u00e0 des manifestations sportives, culturelles ou de loisirs communautaires.<\/li>\n<\/ul>\n<p>Sont d\u00e9clar\u00e9es d\u2019int\u00e9r\u00eat communautaire les actions pr\u00e9sentant un caract\u00e8re intercommunal et un impact \u00e0 l\u2019\u00e9chelle communautaire, qui auront retenu l\u2019aval du bureau.<\/p>\n<p><span style=\"text-decoration: underline;\">6) ACTIONS EN FAVEUR DE LA JEUNESSE<\/span><\/p>\n<p>Coordination des centres de loisirs sans h\u00e9bergement (CLSH) et camps d\u2019adolescents, \u00e0 dimension et \u00e0 structuration intercommunale, ayant re\u00e7u l\u2019agr\u00e9ment Jeunesse et Sports, et dont le fonctionnement pourra \u00eatre assur\u00e9 par des associations, des communes ou des R.P.I. et soutien financier \u00e0 ces structures, celui-ci \u00e9tant modul\u00e9 selon que le champ d\u2019action est le territoire communautaire global, ou partiel (cas des CLSH p\u00e9riscolaires). Les modalit\u00e9s d\u2019aides seront arr\u00eat\u00e9es par le bureau communautaire.<br \/>\nSont exclus de la comp\u00e9tence tout ce qui se rattache aux garderies (hors CLSH) et restaurations scolaires.<\/p>\n<p><span style=\"text-decoration: underline;\">7) \u00c9QUIPEMENTS SPORTIFS<\/span><\/p>\n<ul>\n<li>Cr\u00e9ation, entretien et fonctionnement d\u2019\u00e9quipements sportifs d\u2019int\u00e9r\u00eat communautaire.<\/li>\n<\/ul>\n<p>Sont d\u00e9clar\u00e9s d\u2019int\u00e9r\u00eat communautaire les \u00e9quipements r\u00e9pondant simultan\u00e9ment aux conditions suivantes :<\/p>\n<ul>\n<li>au moins un tiers de la population communautaire doit \u00eatre concern\u00e9,<\/li>\n<li>existence d\u2019associations sportives utilisatrices potentielles dont les adh\u00e9rents appartiennent \u00e0 plusieurs communes et dont le volume d\u2019activit\u00e9s n\u00e9cessite de tels \u00e9quipements.<\/li>\n<li>types d\u2019\u00e9quipements<\/li>\n<li>Ceux ci doivent r\u00e9pondre aux normes permettant des comp\u00e9titions sportives \u00e0 un niveau pouvant \u00eatre atteint raisonnablement par des clubs ou associations ayant une assise \u00e0 l\u2019\u00e9chelle communautaire.<\/li>\n<li>Importance des \u00e9quipements<\/li>\n<\/ul>\n<p><strong>LES COMP\u00c9TENCES COMPL\u00c9MENTAIRES<\/strong><span style=\"text-decoration: underline;\">8) TRANSPORTS EN COMMUN<\/span><\/p>\n<ul>\n<li>participation aux \u00e9tudes du Syndicat Mixte du Pays Entre Seine et Bray sur les besoins de la population en mati\u00e8re de transports en commun.<\/li>\n<\/ul>\n<p><span style=\"text-decoration: underline;\">9) ACTIONS SOCIALES<\/span><\/p>\n<ul>\n<li>\u00e9tude relative aux besoins des personnes \u00e2g\u00e9es en terme de structure d\u2019accueil et de services \u00e0 domicile,<\/li>\n<li>\u00e9tude relative \u00e0 l\u2019organisation des structures d\u2019accueil pour la petite enfance et la jeunesse.<\/li>\n<\/ul>\n<p><span style=\"text-decoration: underline;\">10) ACTIONS DE SOLIDARIT\u00c9 INTERCOMMUNALE<\/span><\/p>\n<ul>\n<li>expertise et conseil juridique aupr\u00e8s des maires des communes membres sur des questions et dossiers engageant leur responsabilit\u00e9,<\/li>\n<li>d\u00e9veloppement des moyens de communication (r\u00e9seaux haut d\u00e9bit t\u00e9l\u00e9phonique et audiovisuel, projet intranet et site internet communautaire).<\/li>\n<\/ul>\n<p>Pr\u00e9sident de la Communaut\u00e9 de Communes Robert CHARBONNIER<br \/>\nVice-pr\u00e9sidents:<br \/>\nAnne-Marie DELAFOSSE<br \/>\nFran\u00e7ois DELNOTT<br \/>\nMathias ADER<br \/>\nEmmanuel GOSSE<\/p>\n<p style=\"padding-left: 30px;\">Coordonn\u00e9es&nbsp;:<br \/>\n190 Route du Ch\u00e2teau<br \/>\n76116 Martainville \u00c9preville<br \/>\nTEL 02 35 23 13 37<br \/>\nFAX 02 35 23 41 96<br \/>\nEmail : <a href=\"mailto:cc.sg.plateau.martainville@wanadoo.fr\">cc.sg.plateau.martainville@wanadoo.fr<\/a><br \/>\nSite internet: <a href=\"http:\/\/ccmartainville.fr\/\" target=\"_blank\" class=\"external external_icon\" rel=\"nofollow\">http:\/\/ccmartainville.fr\/<\/a><br \/>\nHeures d\u2019ouverture<br \/>\nDu Lundi au Vendredi<br \/>\nde&nbsp;09 H 30 \u00e0 12 H 00<br \/>\nde&nbsp;14 H 00 \u00e0 18 H 00<\/p>\n<\/div>\n","protected":false},"excerpt":{"rendered":"<p>&nbsp; CCPM communaut\u00e9 de communes du plateau de Martainville &nbsp; La commune est repr\u00e9sent\u00e9e au sein de la CCPM par Philippe DURIN et Alain NAVE En 1994 cinq communes cr\u00e9aient la \u00ab&nbsp;Communaut\u00e9 de Communes du Plateau de Martainville. Elle se composait de : Auzouville sur Ry, Bois d\u2019Ennebourg, Bois l\u2019Ev\u00eaque, Grainville sur Ry et Martainville-Epreville. [&hellip;]<\/p>\n","protected":false},"author":1,"featured_media":0,"parent":284,"menu_order":0,"comment_status":"closed","ping_status":"open","template":"","meta":{"ngg_post_thumbnail":0,"iawp_total_views":1,"footnotes":""},"class_list":["post-53","page","type-page","status-publish","hentry"],"_links":{"self":[{"href":"https:\/\/www.auzouvillesurry.fr\/wordpress\/wp-json\/wp\/v2\/pages\/53","targetHints":{"allow":["GET"]}}],"collection":[{"href":"https:\/\/www.auzouvillesurry.fr\/wordpress\/wp-json\/wp\/v2\/pages"}],"about":[{"href":"https:\/\/www.auzouvillesurry.fr\/wordpress\/wp-json\/wp\/v2\/types\/page"}],"author":[{"embeddable":true,"href":"https:\/\/www.auzouvillesurry.fr\/wordpress\/wp-json\/wp\/v2\/users\/1"}],"replies":[{"embeddable":true,"href":"https:\/\/www.auzouvillesurry.fr\/wordpress\/wp-json\/wp\/v2\/comments?post=53"}],"version-history":[{"count":20,"href":"https:\/\/www.auzouvillesurry.fr\/wordpress\/wp-json\/wp\/v2\/pages\/53\/revisions"}],"predecessor-version":[{"id":6361,"href":"https:\/\/www.auzouvillesurry.fr\/wordpress\/wp-json\/wp\/v2\/pages\/53\/revisions\/6361"}],"up":[{"embeddable":true,"href":"https:\/\/www.auzouvillesurry.fr\/wordpress\/wp-json\/wp\/v2\/pages\/284"}],"wp:attachment":[{"href":"https:\/\/www.auzouvillesurry.fr\/wordpress\/wp-json\/wp\/v2\/media?parent=53"}],"curies":[{"name":"wp","href":"https:\/\/api.w.org\/{rel}","templated":true}]}}