{"id":5294,"date":"2016-08-17T18:00:00","date_gmt":"2016-08-17T17:00:00","guid":{"rendered":"http:\/\/www.auzouvillesurry.fr\/wordpress\/?page_id=5294"},"modified":"2017-11-07T14:05:13","modified_gmt":"2017-11-07T13:05:13","slug":"retrospective-de-40-fete-du-15-aout","status":"publish","type":"page","link":"https:\/\/www.auzouvillesurry.fr\/wordpress\/vie-associative\/animation-village\/retrospective-de-40-fete-du-15-aout\/","title":{"rendered":"R\u00e9trospective de 40 f\u00eates du 15 ao\u00fbt"},"content":{"rendered":"<p>Depuis 1977, chaque 15 ao\u00fbt est l&rsquo;occasion pour les associations et la municipalit\u00e9 d&rsquo;animer les rues de la commune par un d\u00e9fil\u00e9 de chars plac\u00e9 sous le signe de l&rsquo;humour et de la d\u00e9rision.<br \/>\nUne f\u00eate attendue de tous et qui r\u00e9unie un public nombreux.<br \/>\nRegardez quelques photos des 40 \u00e9ditions de la f\u00eate patronale.<\/p>ngg_shortcode_0_placeholder","protected":false},"excerpt":{"rendered":"<p>Depuis 1977, chaque 15 ao\u00fbt est l&rsquo;occasion pour les associations et la municipalit\u00e9 d&rsquo;animer les rues de la commune par un d\u00e9fil\u00e9 de chars plac\u00e9 sous le signe de l&rsquo;humour et de la d\u00e9rision. Une f\u00eate attendue de tous et qui r\u00e9unie un public nombreux. Regardez quelques photos des 40 \u00e9ditions de la f\u00eate patronale.<\/p>\n","protected":false},"author":1,"featured_media":0,"parent":876,"menu_order":0,"comment_status":"closed","ping_status":"open","template":"","meta":{"ngg_post_thumbnail":0,"footnotes":""},"class_list":["post-5294","page","type-page","status-publish","hentry"],"_links":{"self":[{"href":"https:\/\/www.auzouvillesurry.fr\/wordpress\/wp-json\/wp\/v2\/pages\/5294","targetHints":{"allow":["GET"]}}],"collection":[{"href":"https:\/\/www.auzouvillesurry.fr\/wordpress\/wp-json\/wp\/v2\/pages"}],"about":[{"href":"https:\/\/www.auzouvillesurry.fr\/wordpress\/wp-json\/wp\/v2\/types\/page"}],"author":[{"embeddable":true,"href":"https:\/\/www.auzouvillesurry.fr\/wordpress\/wp-json\/wp\/v2\/users\/1"}],"replies":[{"embeddable":true,"href":"https:\/\/www.auzouvillesurry.fr\/wordpress\/wp-json\/wp\/v2\/comments?post=5294"}],"version-history":[{"count":2,"href":"https:\/\/www.auzouvillesurry.fr\/wordpress\/wp-json\/wp\/v2\/pages\/5294\/revisions"}],"predecessor-version":[{"id":5298,"href":"https:\/\/www.auzouvillesurry.fr\/wordpress\/wp-json\/wp\/v2\/pages\/5294\/revisions\/5298"}],"up":[{"embeddable":true,"href":"https:\/\/www.auzouvillesurry.fr\/wordpress\/wp-json\/wp\/v2\/pages\/876"}],"wp:attachment":[{"href":"https:\/\/www.auzouvillesurry.fr\/wordpress\/wp-json\/wp\/v2\/media?parent=5294"}],"curies":[{"name":"wp","href":"https:\/\/api.w.org\/{rel}","templated":true}]}}