{"id":5065,"date":"2016-08-17T17:42:14","date_gmt":"2016-08-17T16:42:14","guid":{"rendered":"http:\/\/www.auzouvillesurry.fr\/wordpress\/?page_id=5065"},"modified":"2017-11-07T14:16:27","modified_gmt":"2017-11-07T13:16:27","slug":"fete-du-15-aout-2016","status":"publish","type":"page","link":"https:\/\/www.auzouvillesurry.fr\/wordpress\/vie-associative\/animation-village\/fete-du-15-aout-2016\/","title":{"rendered":"F\u00eate du 15 ao\u00fbt 2016"},"content":{"rendered":"<p>Soleil et bonne humeur pour cette nouvelle \u00e9dition (la 40\u00e8me) de la f\u00eate patronale.<\/p>ngg_shortcode_0_placeholder","protected":false},"excerpt":{"rendered":"<p>Soleil et bonne humeur pour cette nouvelle \u00e9dition (la 40\u00e8me) de la f\u00eate patronale.<\/p>\n","protected":false},"author":1,"featured_media":0,"parent":876,"menu_order":1608,"comment_status":"closed","ping_status":"open","template":"","meta":{"ngg_post_thumbnail":0,"footnotes":""},"class_list":["post-5065","page","type-page","status-publish","hentry"],"_links":{"self":[{"href":"https:\/\/www.auzouvillesurry.fr\/wordpress\/wp-json\/wp\/v2\/pages\/5065","targetHints":{"allow":["GET"]}}],"collection":[{"href":"https:\/\/www.auzouvillesurry.fr\/wordpress\/wp-json\/wp\/v2\/pages"}],"about":[{"href":"https:\/\/www.auzouvillesurry.fr\/wordpress\/wp-json\/wp\/v2\/types\/page"}],"author":[{"embeddable":true,"href":"https:\/\/www.auzouvillesurry.fr\/wordpress\/wp-json\/wp\/v2\/users\/1"}],"replies":[{"embeddable":true,"href":"https:\/\/www.auzouvillesurry.fr\/wordpress\/wp-json\/wp\/v2\/comments?post=5065"}],"version-history":[{"count":4,"href":"https:\/\/www.auzouvillesurry.fr\/wordpress\/wp-json\/wp\/v2\/pages\/5065\/revisions"}],"predecessor-version":[{"id":5069,"href":"https:\/\/www.auzouvillesurry.fr\/wordpress\/wp-json\/wp\/v2\/pages\/5065\/revisions\/5069"}],"up":[{"embeddable":true,"href":"https:\/\/www.auzouvillesurry.fr\/wordpress\/wp-json\/wp\/v2\/pages\/876"}],"wp:attachment":[{"href":"https:\/\/www.auzouvillesurry.fr\/wordpress\/wp-json\/wp\/v2\/media?parent=5065"}],"curies":[{"name":"wp","href":"https:\/\/api.w.org\/{rel}","templated":true}]}}