{"id":50,"date":"2014-10-29T20:10:29","date_gmt":"2014-10-29T19:10:29","guid":{"rendered":"http:\/\/www.auzouvillesurry.fr\/wordpress\/?page_id=50"},"modified":"2017-03-14T20:20:03","modified_gmt":"2017-03-14T19:20:03","slug":"le-pays-entre-seine-et-bray","status":"publish","type":"page","link":"https:\/\/www.auzouvillesurry.fr\/wordpress\/intercommunalite\/le-pays-entre-seine-et-bray\/","title":{"rendered":"Le Pays entre Seine et Bray"},"content":{"rendered":"<div class=\"entry-content\">\n<h1 class=\"western\" align=\"LEFT\"><strong><a href=\"https:\/\/www.auzouvillesurry.fr\/wordpress\/wp-content\/uploads\/Logo\/pays.jpg\"><img loading=\"lazy\" decoding=\"async\" class=\" size-full wp-image-443 alignright\" src=\"https:\/\/www.auzouvillesurry.fr\/wordpress\/wp-content\/uploads\/Logo\/pays.jpg\" alt=\"pays\" width=\"120\" height=\"90\"\/><\/a>Le Pays entre Seine et Bray, facilitateur de projets<\/strong><\/h1>\n<p align=\"JUSTIFY\"><strong>Repr\u00e9sentant de la commune Alain NAVE, Philippe DURIN (suppl\u00e9ant)<\/strong><\/p>\n<p align=\"JUSTIFY\">D\u00e9crite dans le roman \u00ab Emma Bovary \u00bb de Gustave Flaubert, la petite r\u00e9gion rurale entre Seine et Bray est une terre de passage et de transition, faite d\u2019une mosa\u00efque de paysages. D\u00e8s la fin des ann\u00e9es 70, les \u00e9lus et les acteurs locaux de ce territoire ont souhait\u00e9 prendre en main leur d\u00e9veloppement et s\u2019organiser collectivement. Le Pays entre Seine et Bray est donc un territoire rural, mais c\u2019est aussi un outil pour faciliter le d\u00e9veloppement local de ce territoire.<\/p>\n<h2 align=\"LEFT\"><strong>Le Pays entre Seine et Bray, pour f\u00e9d\u00e9rer autour des priorit\u00e9s de d\u00e9veloppement <\/strong><\/h2>\n<div class=\"wpa-image-missing-alt\"><a href=\"https:\/\/www.auzouvillesurry.fr\/wordpress\/wp-content\/uploads\/Logo\/pays-seine-bray-carte.jpg\"><img loading=\"lazy\" decoding=\"async\" class=\" wp-image-1216 alignleft\" src=\"https:\/\/www.auzouvillesurry.fr\/wordpress\/wp-content\/uploads\/Logo\/pays-seine-bray-carte-150x150.jpg\" alt=\"\" width=\"258\" height=\"258\"\/><\/a><\/div>\n<p align=\"JUSTIFY\">Convaincus qu\u2019une politique d\u2019am\u00e9nagement et de d\u00e9veloppement du territoire ne peut efficacement \u00eatre mise en \u0153uvre que de mani\u00e8re collective, \u00e0 l\u2019\u00e9chelle intercommunale, les \u00e9lus du Pays entre Seine et Bray ont cr\u00e9\u00e9 d\u00e8s 1982 un Syndicat Intercommunal de D\u00e9veloppement Economique, le SIADE entre Seine et Bray. Ce syndicat a facilit\u00e9 ou port\u00e9 la r\u00e9alisation de nombreux projets structurants sur le territoire (construction d\u2019un atelier relais \u00e0 Ry, cr\u00e9ation de circuits touristiques, d\u2019une ligne de bus\u2026).<\/p>\n<p align=\"JUSTIFY\">Ces priorit\u00e9s sont regroup\u00e9es dans une \u00ab charte de d\u00e9veloppement \u00bb du Pays. Elle a \u00e9t\u00e9 pr\u00e9par\u00e9e par les \u00e9lus du territoire, des repr\u00e9sentants des associations locales, des chambres consulaires, des entreprises et de divers organismes qui interviennent localement. Le pari est que si 62 communes et trois communaut\u00e9s de communes ont des priorit\u00e9s identiques et bien identifi\u00e9es, elles seront d\u2019autant plus fortes pour les appliquer et les faire reconna\u00eetre.<\/p>\n<h2 align=\"LEFT\"><strong>La plus-value du Pays : faciliter les projets <\/strong><\/h2>\n<p align=\"JUSTIFY\">Le r\u00f4le du Pays entre Seine et Bray est aussi de faciliter les projets des communes, des associations ou des entreprises du territoire, en mettant \u00e0 leur disposition une ing\u00e9nierie suppl\u00e9mentaire qui fait souvent d\u00e9faut en milieu rural ou en les orientant vers les bons interlocuteurs. En effet, il n\u2019est pas toujours \u00e9vident de conna\u00eetre l\u2019ensemble des aides ou appuis auxquels on peut pr\u00e9tendre pour un projet.<\/p>\n<p align=\"JUSTIFY\">Comme dans le cas du secteur touristique, ou les intervenants sont nombreux (Offices de tourisme, communes, communaut\u00e9s, CDT, entreprises, etc\u2026), le Pays peut \u00e9galement \u00eatre porteur d\u2019outils communs. Le Guide touristique du Pays est par exemple le fruit du partenariat des deux Offices de tourisme du territoire avec le Pays.<\/p>\n<p align=\"JUSTIFY\">Enfin, l\u2019Europe, l\u2019\u00c9tat , la R\u00e9gion Haute-Normandie et le D\u00e9partement de Seine-Maritime mettent \u00e0 la disposition des territoires des outils financiers que le Pays entre Seine et Bray est \u00e0 m\u00eame de mobiliser. La R\u00e9gion de Haute-Normandie et le D\u00e9partement de Seine-Maritime proposent par exemple aux Pays de signer un contrat global de financement pour les projets structurants du territoire. Le Pays entre Seine et Bray peut donc \u00e9galement faciliter les projets locaux en favorisant leur financement..<\/p>\n<p align=\"JUSTIFY\">Pr\u00e9sidente&nbsp;Nathalie THIERRY<br \/>\nVice-pr\u00e9sidents<br \/>\n1er Vice-pr\u00e9sident Patrick CHAUVET<br \/>\n2e Vice-pr\u00e9sident Robert CHARBONNIER<br \/>\n3e Vice-pr\u00e9sident Pascal MARTIN<br \/>\n4\u00e8me vice-pr\u00e9sident M. Alain NAVE<br \/>\n5\u00e8me vice-pr\u00e9sidente Mme Marie-Christine CHANUT<\/p>\n<p align=\"JUSTIFY\"><b>Syndicat mixte du Pays Entre Seine et Bray<\/b><br \/>\n<span style=\"text-decoration: underline;\">Si\u00e8ge administratif<\/span><br \/>\n30, Place de la Mairie<br \/>\n76116 Blainville-Crevon<br \/>\nT\u00e9l : 02 35 23 86 18<br \/>\nFax : 02 35 23 91 78<\/p>\n<p><span style=\"text-decoration: underline;\">Si\u00e8ge social<\/span><br \/>\nMairie<br \/>\nPlace du g\u00e9n\u00e9ral Leclerc<br \/>\n76710 Montville<\/p>\n<p align=\"JUSTIFY\">Site internet :<a title=\"Site Internet du Pays entre Seine et Bray\" href=\"http:\/\/www.seineetbray.fr\/\" class=\"external external_icon\" rel=\"nofollow\" target=\"_blank\"> http:\/\/www.seineetbray.fr\/<\/a><\/p>\n<\/div>\n","protected":false},"excerpt":{"rendered":"<p>Le Pays entre Seine et Bray, facilitateur de projets Repr\u00e9sentant de la commune Alain NAVE, Philippe DURIN (suppl\u00e9ant) D\u00e9crite dans le roman \u00ab Emma Bovary \u00bb de Gustave Flaubert, la petite r\u00e9gion rurale entre Seine et Bray est une terre de passage et de transition, faite d\u2019une mosa\u00efque de paysages. D\u00e8s la fin des ann\u00e9es [&hellip;]<\/p>\n","protected":false},"author":1,"featured_media":0,"parent":284,"menu_order":3,"comment_status":"closed","ping_status":"open","template":"","meta":{"ngg_post_thumbnail":0,"footnotes":""},"class_list":["post-50","page","type-page","status-publish","hentry"],"_links":{"self":[{"href":"https:\/\/www.auzouvillesurry.fr\/wordpress\/wp-json\/wp\/v2\/pages\/50","targetHints":{"allow":["GET"]}}],"collection":[{"href":"https:\/\/www.auzouvillesurry.fr\/wordpress\/wp-json\/wp\/v2\/pages"}],"about":[{"href":"https:\/\/www.auzouvillesurry.fr\/wordpress\/wp-json\/wp\/v2\/types\/page"}],"author":[{"embeddable":true,"href":"https:\/\/www.auzouvillesurry.fr\/wordpress\/wp-json\/wp\/v2\/users\/1"}],"replies":[{"embeddable":true,"href":"https:\/\/www.auzouvillesurry.fr\/wordpress\/wp-json\/wp\/v2\/comments?post=50"}],"version-history":[{"count":6,"href":"https:\/\/www.auzouvillesurry.fr\/wordpress\/wp-json\/wp\/v2\/pages\/50\/revisions"}],"predecessor-version":[{"id":6365,"href":"https:\/\/www.auzouvillesurry.fr\/wordpress\/wp-json\/wp\/v2\/pages\/50\/revisions\/6365"}],"up":[{"embeddable":true,"href":"https:\/\/www.auzouvillesurry.fr\/wordpress\/wp-json\/wp\/v2\/pages\/284"}],"wp:attachment":[{"href":"https:\/\/www.auzouvillesurry.fr\/wordpress\/wp-json\/wp\/v2\/media?parent=50"}],"curies":[{"name":"wp","href":"https:\/\/api.w.org\/{rel}","templated":true}]}}