{"id":4770,"date":"2016-05-29T18:12:00","date_gmt":"2016-05-29T17:12:00","guid":{"rendered":"http:\/\/www.auzouvillesurry.fr\/wordpress\/?page_id=4770"},"modified":"2016-06-26T20:13:59","modified_gmt":"2016-06-26T19:13:59","slug":"fete-communautaire-2016","status":"publish","type":"page","link":"https:\/\/www.auzouvillesurry.fr\/wordpress\/intercommunalite\/la-ccpm-communaute-de-communes-du-plateau-de-martainville\/fete-communautaire-2016\/","title":{"rendered":"F\u00eate communautaire 2016"},"content":{"rendered":"<p><a href=\"https:\/\/www.auzouvillesurry.fr\/wordpress\/wp-content\/uploads\/Logo\/logo-ccpm.jpg\"><img loading=\"lazy\" decoding=\"async\" class=\"aligncenter size-full wp-image-316\" src=\"https:\/\/www.auzouvillesurry.fr\/wordpress\/wp-content\/uploads\/Logo\/logo-ccpm.jpg\" alt=\"\" width=\"117\" height=\"103\" \/><\/a>Le 28 mai 2016 s&rsquo;est d\u00e9roul\u00e9 la dixi\u00e8me f\u00eate de la Communaut\u00e9 de Communes du Plateau de Martainville.<\/p>\n<p>&nbsp;<br \/>\nCette ann\u00e9e la f\u00eate \u00e9tait organis\u00e9e autour du lin, l&rsquo;occasion de voir un d\u00e9fil\u00e9 de mode de v\u00eatements en lin<\/p>ngg_shortcode_0_placeholder<p>Si le temps n&rsquo;\u00e9tait pas au beau fixe, la foule s&rsquo;est n\u00e9anmoins pr\u00e9cipit\u00e9e pour voir le spectacle pyrotechnique.<\/p>ngg_shortcode_1_placeholder","protected":false},"excerpt":{"rendered":"<p>Le 28 mai 2016 s&rsquo;est d\u00e9roul\u00e9 la dixi\u00e8me f\u00eate de la Communaut\u00e9 de Communes du Plateau de Martainville. &nbsp; Cette ann\u00e9e la f\u00eate \u00e9tait organis\u00e9e autour du lin, l&rsquo;occasion de voir un d\u00e9fil\u00e9 de mode de v\u00eatements en lin Si le temps n&rsquo;\u00e9tait pas au beau fixe, la foule s&rsquo;est n\u00e9anmoins pr\u00e9cipit\u00e9e pour voir le [&hellip;]<\/p>\n","protected":false},"author":1,"featured_media":0,"parent":53,"menu_order":9,"comment_status":"closed","ping_status":"open","template":"","meta":{"ngg_post_thumbnail":0,"footnotes":""},"class_list":["post-4770","page","type-page","status-publish","hentry"],"_links":{"self":[{"href":"https:\/\/www.auzouvillesurry.fr\/wordpress\/wp-json\/wp\/v2\/pages\/4770","targetHints":{"allow":["GET"]}}],"collection":[{"href":"https:\/\/www.auzouvillesurry.fr\/wordpress\/wp-json\/wp\/v2\/pages"}],"about":[{"href":"https:\/\/www.auzouvillesurry.fr\/wordpress\/wp-json\/wp\/v2\/types\/page"}],"author":[{"embeddable":true,"href":"https:\/\/www.auzouvillesurry.fr\/wordpress\/wp-json\/wp\/v2\/users\/1"}],"replies":[{"embeddable":true,"href":"https:\/\/www.auzouvillesurry.fr\/wordpress\/wp-json\/wp\/v2\/comments?post=4770"}],"version-history":[{"count":4,"href":"https:\/\/www.auzouvillesurry.fr\/wordpress\/wp-json\/wp\/v2\/pages\/4770\/revisions"}],"predecessor-version":[{"id":4916,"href":"https:\/\/www.auzouvillesurry.fr\/wordpress\/wp-json\/wp\/v2\/pages\/4770\/revisions\/4916"}],"up":[{"embeddable":true,"href":"https:\/\/www.auzouvillesurry.fr\/wordpress\/wp-json\/wp\/v2\/pages\/53"}],"wp:attachment":[{"href":"https:\/\/www.auzouvillesurry.fr\/wordpress\/wp-json\/wp\/v2\/media?parent=4770"}],"curies":[{"name":"wp","href":"https:\/\/api.w.org\/{rel}","templated":true}]}}