{"id":4626,"date":"2016-05-17T20:17:34","date_gmt":"2016-05-17T19:17:34","guid":{"rendered":"http:\/\/www.auzouvillesurry.fr\/wordpress\/?page_id=4626"},"modified":"2019-11-25T14:47:51","modified_gmt":"2019-11-25T13:47:51","slug":"association-des-anciens-combattants","status":"publish","type":"page","link":"https:\/\/www.auzouvillesurry.fr\/wordpress\/vie-associative\/association-des-anciens-combattants\/","title":{"rendered":"Association des anciens combattants"},"content":{"rendered":"<p><strong>Comm\u00e9morations de la fin de la deuxi\u00e8me guerre mondiale le 8 mai 1945<\/strong><\/p>\n<p><a href=\"https:\/\/www.auzouvillesurry.fr\/wordpress\/?page_id=9065\"> les diaporamas des comm\u00e9morations<\/a><\/p>\n<p>&nbsp;<\/p>\n<p><strong>Comm\u00e9morations de l&rsquo;armistice du 11 novembre 1918<\/strong><\/p>\n<p><\/p>\n<p><a href=\"https:\/\/www.auzouvillesurry.fr\/wordpress\/?page_id=9502\"> les diaporamas des comm\u00e9morations<\/a><\/p>\n<p>&nbsp;<\/p>\n<p>&nbsp;<\/p>\n\n\n<p><\/p>\n","protected":false},"excerpt":{"rendered":"<p>Comm\u00e9morations de la fin de la deuxi\u00e8me guerre mondiale le 8 mai 1945 les diaporamas des comm\u00e9morations &nbsp; Comm\u00e9morations de l&rsquo;armistice du 11 novembre 1918 les diaporamas des comm\u00e9morations &nbsp; &nbsp;<\/p>\n","protected":false},"author":1,"featured_media":0,"parent":7,"menu_order":5,"comment_status":"closed","ping_status":"open","template":"","meta":{"ngg_post_thumbnail":0,"iawp_total_views":0,"footnotes":""},"class_list":["post-4626","page","type-page","status-publish","hentry"],"_links":{"self":[{"href":"https:\/\/www.auzouvillesurry.fr\/wordpress\/wp-json\/wp\/v2\/pages\/4626","targetHints":{"allow":["GET"]}}],"collection":[{"href":"https:\/\/www.auzouvillesurry.fr\/wordpress\/wp-json\/wp\/v2\/pages"}],"about":[{"href":"https:\/\/www.auzouvillesurry.fr\/wordpress\/wp-json\/wp\/v2\/types\/page"}],"author":[{"embeddable":true,"href":"https:\/\/www.auzouvillesurry.fr\/wordpress\/wp-json\/wp\/v2\/users\/1"}],"replies":[{"embeddable":true,"href":"https:\/\/www.auzouvillesurry.fr\/wordpress\/wp-json\/wp\/v2\/comments?post=4626"}],"version-history":[{"count":13,"href":"https:\/\/www.auzouvillesurry.fr\/wordpress\/wp-json\/wp\/v2\/pages\/4626\/revisions"}],"predecessor-version":[{"id":9507,"href":"https:\/\/www.auzouvillesurry.fr\/wordpress\/wp-json\/wp\/v2\/pages\/4626\/revisions\/9507"}],"up":[{"embeddable":true,"href":"https:\/\/www.auzouvillesurry.fr\/wordpress\/wp-json\/wp\/v2\/pages\/7"}],"wp:attachment":[{"href":"https:\/\/www.auzouvillesurry.fr\/wordpress\/wp-json\/wp\/v2\/media?parent=4626"}],"curies":[{"name":"wp","href":"https:\/\/api.w.org\/{rel}","templated":true}]}}