{"id":4325,"date":"2016-03-03T13:57:12","date_gmt":"2016-03-03T12:57:12","guid":{"rendered":"http:\/\/www.auzouvillesurry.fr\/wordpress\/?page_id=4325"},"modified":"2022-11-06T18:10:29","modified_gmt":"2022-11-06T17:10:29","slug":"jardiner-autrement","status":"publish","type":"page","link":"https:\/\/www.auzouvillesurry.fr\/wordpress\/vie-pratique\/jardiner-autrement\/","title":{"rendered":"Jardiner autrement"},"content":{"rendered":"<p>Traiter son jardin avec des produits phytosanitaires c&rsquo;est :<br \/>\n&#8211; porter atteinte \u00e0 environnement,<br \/>\n&#8211; mettre nos proches et nos animaux domestiques en contact avec des substances dangereuse pour leur sant\u00e9.<\/p>\n<p>Jardiner responsable c&rsquo;est jardiner autrement, quelques pistes pour jardiner mieux :<\/p>\n<p><a href=\"https:\/\/www.auzouvillesurry.fr\/wordpress\/wp-content\/uploads\/2016\/03\/repenser.pdf\" target=\"_blank\" rel=\"noopener\">Repenser l&rsquo;am\u00e9nagement de son jardin<\/a><br \/>\n<a href=\"https:\/\/www.auzouvillesurry.fr\/wordpress\/wp-content\/uploads\/2016\/03\/privilegier.pdf\" target=\"_blank\" rel=\"noopener\">Privil\u00e9gier les pratiques manuelles<\/a>&nbsp; <a href=\"https:\/\/www.auzouvillesurry.fr\/wordpress\/wp-content\/uploads\/2016\/03\/mettre-en-place.pdf\" target=\"_blank\" rel=\"noopener\"><br \/>\nMettre en place des barri\u00e8res ou des pi\u00e8ges<\/a><br \/>\n<a href=\"https:\/\/www.auzouvillesurry.fr\/wordpress\/wp-content\/uploads\/2016\/03\/utiliser.pdf\" target=\"_blank\" rel=\"noopener\">Utiliser des pr\u00e9dateurs naturels<\/a><br \/>\n<a href=\"https:\/\/www.auzouvillesurry.fr\/wordpress\/wp-content\/uploads\/2016\/03\/choisir.pdf\" target=\"_blank\" rel=\"noopener\">Choisir des produits de traitement naturels<\/a><\/p>\n<p>Des guides:<\/p>\n<p><a href=\"https:\/\/www.auzouvillesurry.fr\/wordpress\/wp-content\/uploads\/2016\/03\/guidedujardinageecologique.pdf\" target=\"_blank\" rel=\"noopener\">Guide du jardinage \u00e9cologique<\/a><br \/>\n<a href=\"https:\/\/www.auzouvillesurry.fr\/wordpress\/wp-content\/uploads\/2016\/03\/14072-SR-2_Jardiner_nature.pdf\" target=\"_blank\" rel=\"noopener\">Jardiner nature<\/a><\/p>\n<p>Pour jardiner responsable avec vos enfants:<\/p>\n<p><a href=\"https:\/\/www.auzouvillesurry.fr\/wordpress\/wp-content\/uploads\/2016\/03\/13002-4_jardine_au_fil_des_saisons.pdf\" target=\"_blank\" rel=\"noopener\">Jardine au fil des saisons<\/a><\/p>\n<h2 class=\"western\"><strong>&nbsp;En conclusion : L&rsquo;usage des pesticides interdits dans les jardins d\u00e8s 2019, agissons d\u00e8s maintenant<br \/>\n<\/strong><\/h2>\n","protected":false},"excerpt":{"rendered":"<p>Traiter son jardin avec des produits phytosanitaires c&rsquo;est : &#8211; porter atteinte \u00e0 environnement, &#8211; mettre nos proches et nos animaux domestiques en contact avec des substances dangereuse pour leur sant\u00e9. Jardiner responsable c&rsquo;est jardiner autrement, quelques pistes pour jardiner mieux : Repenser l&rsquo;am\u00e9nagement de son jardin Privil\u00e9gier les pratiques manuelles&nbsp; Mettre en place des [&hellip;]<\/p>\n","protected":false},"author":1,"featured_media":0,"parent":101,"menu_order":4,"comment_status":"closed","ping_status":"open","template":"","meta":{"ngg_post_thumbnail":0,"footnotes":""},"class_list":["post-4325","page","type-page","status-publish","hentry"],"_links":{"self":[{"href":"https:\/\/www.auzouvillesurry.fr\/wordpress\/wp-json\/wp\/v2\/pages\/4325","targetHints":{"allow":["GET"]}}],"collection":[{"href":"https:\/\/www.auzouvillesurry.fr\/wordpress\/wp-json\/wp\/v2\/pages"}],"about":[{"href":"https:\/\/www.auzouvillesurry.fr\/wordpress\/wp-json\/wp\/v2\/types\/page"}],"author":[{"embeddable":true,"href":"https:\/\/www.auzouvillesurry.fr\/wordpress\/wp-json\/wp\/v2\/users\/1"}],"replies":[{"embeddable":true,"href":"https:\/\/www.auzouvillesurry.fr\/wordpress\/wp-json\/wp\/v2\/comments?post=4325"}],"version-history":[{"count":4,"href":"https:\/\/www.auzouvillesurry.fr\/wordpress\/wp-json\/wp\/v2\/pages\/4325\/revisions"}],"predecessor-version":[{"id":11365,"href":"https:\/\/www.auzouvillesurry.fr\/wordpress\/wp-json\/wp\/v2\/pages\/4325\/revisions\/11365"}],"up":[{"embeddable":true,"href":"https:\/\/www.auzouvillesurry.fr\/wordpress\/wp-json\/wp\/v2\/pages\/101"}],"wp:attachment":[{"href":"https:\/\/www.auzouvillesurry.fr\/wordpress\/wp-json\/wp\/v2\/media?parent=4325"}],"curies":[{"name":"wp","href":"https:\/\/api.w.org\/{rel}","templated":true}]}}